{"id":9089,"date":"2025-03-06T04:50:38","date_gmt":"2025-03-06T03:50:38","guid":{"rendered":"https:\/\/kulladal.com\/?page_id=9089"},"modified":"2025-03-06T07:52:50","modified_gmt":"2025-03-06T06:52:50","slug":"webshop","status":"publish","type":"page","link":"https:\/\/kulladal.com\/nb\/webshop\/","title":{"rendered":"Uppt\u00e4ck v\u00e5rt sortiment"},"content":{"rendered":"<div class=\"wp-block-group alignfull is-layout-flow wp-block-group-is-layout-flow\" style=\"padding-top:0;padding-bottom:0\"><div class=\"wp-block-cover is-light\" style=\"margin-top:0;margin-bottom:0;min-height:100vh;aspect-ratio:unset;\"><span aria-hidden=\"true\" class=\"wp-block-cover__background has-contrast-background-color has-background-dim-20 has-background-dim\"><\/span><img loading=\"lazy\" decoding=\"async\" width=\"2560\" height=\"1708\" class=\"wp-block-cover__image-background wp-image-9095\" alt=\"\" src=\"https:\/\/kulladal.com\/wp-content\/uploads\/2025\/03\/kulladal-kitchens-.jpg\" data-object-fit=\"cover\" srcset=\"https:\/\/kulladal.com\/wp-content\/uploads\/2025\/03\/kulladal-kitchens-.jpg 2560w, https:\/\/kulladal.com\/wp-content\/uploads\/2025\/03\/kulladal-kitchens--300x200.jpg 300w, https:\/\/kulladal.com\/wp-content\/uploads\/2025\/03\/kulladal-kitchens--768x512.jpg 768w, https:\/\/kulladal.com\/wp-content\/uploads\/2025\/03\/kulladal-kitchens--1024x683.jpg 1024w, https:\/\/kulladal.com\/wp-content\/uploads\/2025\/03\/kulladal-kitchens--1536x1025.jpg 1536w, https:\/\/kulladal.com\/wp-content\/uploads\/2025\/03\/kulladal-kitchens--2048x1366.jpg 2048w, https:\/\/kulladal.com\/wp-content\/uploads\/2025\/03\/kulladal-kitchens--18x12.jpg 18w, https:\/\/kulladal.com\/wp-content\/uploads\/2025\/03\/kulladal-kitchens--600x400.jpg 600w\" sizes=\"auto, (max-width: 2560px) 100vw, 2560px\" \/><div class=\"wp-block-cover__inner-container has-global-padding is-layout-constrained wp-container-core-cover-is-layout-d8f60243 wp-block-cover-is-layout-constrained\"><h3 class=\"wp-block-heading has-text-align-center has-base-color has-text-color\">Uppt\u00e4ck v\u00e5rt sortiment av linoljef\u00e4rg, penslar, hyllor och detaljer<\/h3>\n\n<p class=\"has-text-align-center has-base-color has-text-color has-small-font-size\" style=\"padding-top:var(--wp--preset--spacing--30);padding-bottom:var(--wp--preset--spacing--30)\"><\/p>\n\n<div class=\"wp-block-buttons is-content-justification-center is-layout-flex wp-container-core-buttons-is-layout-a89b3969 wp-block-buttons-is-layout-flex\"><div class=\"wp-block-button\"><a class=\"wp-block-button__link has-contrast-color has-base-background-color has-text-color has-background wp-element-button\" href=\"https:\/\/kulladal.com\/nb\/shop\/\">WEBSHOP<\/a><\/div><\/div><\/div><\/div><\/div>","protected":false},"excerpt":{"rendered":"","protected":false},"author":1,"featured_media":0,"parent":0,"menu_order":0,"comment_status":"closed","ping_status":"closed","template":"","meta":{"footnotes":""},"class_list":["post-9089","page","type-page","status-publish","hentry"],"yoast_head":"<!-- This site is optimized with the Yoast SEO plugin v24.3 - https:\/\/yoast.com\/wordpress\/plugins\/seo\/ -->\n<title>Uppt\u00e4ck v\u00e5rt sortiment - Kulladal<\/title>\n<meta name=\"robots\" content=\"index, follow, max-snippet:-1, max-image-preview:large, max-video-preview:-1\" \/>\n<link rel=\"canonical\" href=\"https:\/\/kulladal.com\/nb\/webshop\/\" \/>\n<meta property=\"og:locale\" content=\"nb_NO\" \/>\n<meta property=\"og:type\" content=\"article\" \/>\n<meta property=\"og:title\" content=\"Uppt\u00e4ck v\u00e5rt sortiment - Kulladal\" \/>\n<meta property=\"og:url\" content=\"https:\/\/kulladal.com\/nb\/webshop\/\" \/>\n<meta property=\"og:site_name\" content=\"Kulladal\" \/>\n<meta property=\"article:publisher\" content=\"https:\/\/www.facebook.com\/Kulladal20tal\" \/>\n<meta property=\"article:modified_time\" content=\"2025-03-06T06:52:50+00:00\" \/>\n<meta property=\"og:image\" content=\"https:\/\/kulladal.com\/wp-content\/uploads\/2025\/03\/kulladal-kitchens-.jpg\" \/>\n\t<meta property=\"og:image:width\" content=\"2560\" \/>\n\t<meta property=\"og:image:height\" content=\"1708\" \/>\n\t<meta property=\"og:image:type\" content=\"image\/jpeg\" \/>\n<meta name=\"twitter:card\" content=\"summary_large_image\" \/>\n<meta name=\"twitter:label1\" content=\"Ansl. lesetid\" \/>\n\t<meta name=\"twitter:data1\" content=\"1 minutt\" \/>\n<script type=\"application\/ld+json\" class=\"yoast-schema-graph\">{\"@context\":\"https:\/\/schema.org\",\"@graph\":[{\"@type\":\"Article\",\"@id\":\"https:\/\/kulladal.com\/webshop\/#article\",\"isPartOf\":{\"@id\":\"https:\/\/kulladal.com\/webshop\/\"},\"author\":{\"name\":\"vladimir\",\"@id\":\"https:\/\/kulladal.com\/nb\/#\/schema\/person\/f36df48262d3e40ef7de61ac362b7182\"},\"headline\":\"Uppt\u00e4ck v\u00e5rt sortiment\",\"datePublished\":\"2025-03-06T03:50:38+00:00\",\"dateModified\":\"2025-03-06T06:52:50+00:00\",\"mainEntityOfPage\":{\"@id\":\"https:\/\/kulladal.com\/webshop\/\"},\"wordCount\":18,\"publisher\":{\"@id\":\"https:\/\/kulladal.com\/nb\/#organization\"},\"image\":{\"@id\":\"https:\/\/kulladal.com\/webshop\/#primaryimage\"},\"thumbnailUrl\":\"https:\/\/kulladal.com\/wp-content\/uploads\/2025\/03\/kulladal-kitchens-.jpg\",\"inLanguage\":\"nb-NO\"},{\"@type\":\"WebPage\",\"@id\":\"https:\/\/kulladal.com\/webshop\/\",\"url\":\"https:\/\/kulladal.com\/webshop\/\",\"name\":\"Uppt\u00e4ck v\u00e5rt sortiment - Kulladal\",\"isPartOf\":{\"@id\":\"https:\/\/kulladal.com\/nb\/#website\"},\"primaryImageOfPage\":{\"@id\":\"https:\/\/kulladal.com\/webshop\/#primaryimage\"},\"image\":{\"@id\":\"https:\/\/kulladal.com\/webshop\/#primaryimage\"},\"thumbnailUrl\":\"https:\/\/kulladal.com\/wp-content\/uploads\/2025\/03\/kulladal-kitchens-.jpg\",\"datePublished\":\"2025-03-06T03:50:38+00:00\",\"dateModified\":\"2025-03-06T06:52:50+00:00\",\"breadcrumb\":{\"@id\":\"https:\/\/kulladal.com\/webshop\/#breadcrumb\"},\"inLanguage\":\"nb-NO\",\"potentialAction\":[{\"@type\":\"ReadAction\",\"target\":[\"https:\/\/kulladal.com\/webshop\/\"]}]},{\"@type\":\"ImageObject\",\"inLanguage\":\"nb-NO\",\"@id\":\"https:\/\/kulladal.com\/webshop\/#primaryimage\",\"url\":\"https:\/\/kulladal.com\/wp-content\/uploads\/2025\/03\/kulladal-kitchens-.jpg\",\"contentUrl\":\"https:\/\/kulladal.com\/wp-content\/uploads\/2025\/03\/kulladal-kitchens-.jpg\"},{\"@type\":\"BreadcrumbList\",\"@id\":\"https:\/\/kulladal.com\/webshop\/#breadcrumb\",\"itemListElement\":[{\"@type\":\"ListItem\",\"position\":1,\"name\":\"Home\",\"item\":\"https:\/\/kulladal.com\/\"},{\"@type\":\"ListItem\",\"position\":2,\"name\":\"Uppt\u00e4ck v\u00e5rt sortiment\"}]},{\"@type\":\"WebSite\",\"@id\":\"https:\/\/kulladal.com\/nb\/#website\",\"url\":\"https:\/\/kulladal.com\/nb\/\",\"name\":\"Kulladal\",\"description\":\"Unika k\u00f6k i klassisk stil.\",\"publisher\":{\"@id\":\"https:\/\/kulladal.com\/nb\/#organization\"},\"potentialAction\":[{\"@type\":\"SearchAction\",\"target\":{\"@type\":\"EntryPoint\",\"urlTemplate\":\"https:\/\/kulladal.com\/nb\/?s={search_term_string}\"},\"query-input\":{\"@type\":\"PropertyValueSpecification\",\"valueRequired\":true,\"valueName\":\"search_term_string\"}}],\"inLanguage\":\"nb-NO\"},{\"@type\":\"Organization\",\"@id\":\"https:\/\/kulladal.com\/nb\/#organization\",\"name\":\"Kulladal Kitchens AB\",\"alternateName\":\"Kulladal\",\"url\":\"https:\/\/kulladal.com\/nb\/\",\"logo\":{\"@type\":\"ImageObject\",\"inLanguage\":\"nb-NO\",\"@id\":\"https:\/\/kulladal.com\/nb\/#\/schema\/logo\/image\/\",\"url\":\"https:\/\/kulladal.com\/wp-content\/uploads\/2023\/10\/logo_kulladal_classic_kitchens_white.png\",\"contentUrl\":\"https:\/\/kulladal.com\/wp-content\/uploads\/2023\/10\/logo_kulladal_classic_kitchens_white.png\",\"width\":823,\"height\":551,\"caption\":\"Kulladal Kitchens AB\"},\"image\":{\"@id\":\"https:\/\/kulladal.com\/nb\/#\/schema\/logo\/image\/\"},\"sameAs\":[\"https:\/\/www.facebook.com\/Kulladal20tal\",\"https:\/\/www.instagram.com\/kulladalkitchens\/\",\"https:\/\/www.youtube.com\/channel\/UCBwmfSKz31E6bpnxNFTrbRQ\",\"https:\/\/se.pinterest.com\/kulladalkitchens\/\"]},{\"@type\":\"Person\",\"@id\":\"https:\/\/kulladal.com\/nb\/#\/schema\/person\/f36df48262d3e40ef7de61ac362b7182\",\"name\":\"vladimir\",\"image\":{\"@type\":\"ImageObject\",\"inLanguage\":\"nb-NO\",\"@id\":\"https:\/\/kulladal.com\/nb\/#\/schema\/person\/image\/\",\"url\":\"https:\/\/secure.gravatar.com\/avatar\/76d911c5015ed6608857f010d05910554d962cd840fe1be7fca1fae28eef9da2?s=96&d=mm&r=g\",\"contentUrl\":\"https:\/\/secure.gravatar.com\/avatar\/76d911c5015ed6608857f010d05910554d962cd840fe1be7fca1fae28eef9da2?s=96&d=mm&r=g\",\"caption\":\"vladimir\"},\"sameAs\":[\"https:\/\/kulladal.com\"],\"url\":\"https:\/\/kulladal.com\/nb\/author\/vladimir\/\"}]}<\/script>\n<!-- \/ Yoast SEO plugin. -->","yoast_head_json":{"title":"Uppt\u00e4ck v\u00e5rt sortiment - Kulladal","robots":{"index":"index","follow":"follow","max-snippet":"max-snippet:-1","max-image-preview":"max-image-preview:large","max-video-preview":"max-video-preview:-1"},"canonical":"https:\/\/kulladal.com\/nb\/webshop\/","og_locale":"nb_NO","og_type":"article","og_title":"Uppt\u00e4ck v\u00e5rt sortiment - Kulladal","og_url":"https:\/\/kulladal.com\/nb\/webshop\/","og_site_name":"Kulladal","article_publisher":"https:\/\/www.facebook.com\/Kulladal20tal","article_modified_time":"2025-03-06T06:52:50+00:00","og_image":[{"width":2560,"height":1708,"url":"https:\/\/kulladal.com\/wp-content\/uploads\/2025\/03\/kulladal-kitchens-.jpg","type":"image\/jpeg"}],"twitter_card":"summary_large_image","twitter_misc":{"Ansl. lesetid":"1 minutt"},"schema":{"@context":"https:\/\/schema.org","@graph":[{"@type":"Article","@id":"https:\/\/kulladal.com\/webshop\/#article","isPartOf":{"@id":"https:\/\/kulladal.com\/webshop\/"},"author":{"name":"vladimir","@id":"https:\/\/kulladal.com\/nb\/#\/schema\/person\/f36df48262d3e40ef7de61ac362b7182"},"headline":"Uppt\u00e4ck v\u00e5rt sortiment","datePublished":"2025-03-06T03:50:38+00:00","dateModified":"2025-03-06T06:52:50+00:00","mainEntityOfPage":{"@id":"https:\/\/kulladal.com\/webshop\/"},"wordCount":18,"publisher":{"@id":"https:\/\/kulladal.com\/nb\/#organization"},"image":{"@id":"https:\/\/kulladal.com\/webshop\/#primaryimage"},"thumbnailUrl":"https:\/\/kulladal.com\/wp-content\/uploads\/2025\/03\/kulladal-kitchens-.jpg","inLanguage":"nb-NO"},{"@type":"WebPage","@id":"https:\/\/kulladal.com\/webshop\/","url":"https:\/\/kulladal.com\/webshop\/","name":"Uppt\u00e4ck v\u00e5rt sortiment - Kulladal","isPartOf":{"@id":"https:\/\/kulladal.com\/nb\/#website"},"primaryImageOfPage":{"@id":"https:\/\/kulladal.com\/webshop\/#primaryimage"},"image":{"@id":"https:\/\/kulladal.com\/webshop\/#primaryimage"},"thumbnailUrl":"https:\/\/kulladal.com\/wp-content\/uploads\/2025\/03\/kulladal-kitchens-.jpg","datePublished":"2025-03-06T03:50:38+00:00","dateModified":"2025-03-06T06:52:50+00:00","breadcrumb":{"@id":"https:\/\/kulladal.com\/webshop\/#breadcrumb"},"inLanguage":"nb-NO","potentialAction":[{"@type":"ReadAction","target":["https:\/\/kulladal.com\/webshop\/"]}]},{"@type":"ImageObject","inLanguage":"nb-NO","@id":"https:\/\/kulladal.com\/webshop\/#primaryimage","url":"https:\/\/kulladal.com\/wp-content\/uploads\/2025\/03\/kulladal-kitchens-.jpg","contentUrl":"https:\/\/kulladal.com\/wp-content\/uploads\/2025\/03\/kulladal-kitchens-.jpg"},{"@type":"BreadcrumbList","@id":"https:\/\/kulladal.com\/webshop\/#breadcrumb","itemListElement":[{"@type":"ListItem","position":1,"name":"Home","item":"https:\/\/kulladal.com\/"},{"@type":"ListItem","position":2,"name":"Uppt\u00e4ck v\u00e5rt sortiment"}]},{"@type":"WebSite","@id":"https:\/\/kulladal.com\/nb\/#website","url":"https:\/\/kulladal.com\/nb\/","name":"Kulladal","description":"Unika k\u00f6k i klassisk stil.","publisher":{"@id":"https:\/\/kulladal.com\/nb\/#organization"},"potentialAction":[{"@type":"SearchAction","target":{"@type":"EntryPoint","urlTemplate":"https:\/\/kulladal.com\/nb\/?s={search_term_string}"},"query-input":{"@type":"PropertyValueSpecification","valueRequired":true,"valueName":"search_term_string"}}],"inLanguage":"nb-NO"},{"@type":"Organization","@id":"https:\/\/kulladal.com\/nb\/#organization","name":"Kulladal Kitchens AB","alternateName":"Kulladal","url":"https:\/\/kulladal.com\/nb\/","logo":{"@type":"ImageObject","inLanguage":"nb-NO","@id":"https:\/\/kulladal.com\/nb\/#\/schema\/logo\/image\/","url":"https:\/\/kulladal.com\/wp-content\/uploads\/2023\/10\/logo_kulladal_classic_kitchens_white.png","contentUrl":"https:\/\/kulladal.com\/wp-content\/uploads\/2023\/10\/logo_kulladal_classic_kitchens_white.png","width":823,"height":551,"caption":"Kulladal Kitchens AB"},"image":{"@id":"https:\/\/kulladal.com\/nb\/#\/schema\/logo\/image\/"},"sameAs":["https:\/\/www.facebook.com\/Kulladal20tal","https:\/\/www.instagram.com\/kulladalkitchens\/","https:\/\/www.youtube.com\/channel\/UCBwmfSKz31E6bpnxNFTrbRQ","https:\/\/se.pinterest.com\/kulladalkitchens\/"]},{"@type":"Person","@id":"https:\/\/kulladal.com\/nb\/#\/schema\/person\/f36df48262d3e40ef7de61ac362b7182","name":"vladimir","image":{"@type":"ImageObject","inLanguage":"nb-NO","@id":"https:\/\/kulladal.com\/nb\/#\/schema\/person\/image\/","url":"https:\/\/secure.gravatar.com\/avatar\/76d911c5015ed6608857f010d05910554d962cd840fe1be7fca1fae28eef9da2?s=96&d=mm&r=g","contentUrl":"https:\/\/secure.gravatar.com\/avatar\/76d911c5015ed6608857f010d05910554d962cd840fe1be7fca1fae28eef9da2?s=96&d=mm&r=g","caption":"vladimir"},"sameAs":["https:\/\/kulladal.com"],"url":"https:\/\/kulladal.com\/nb\/author\/vladimir\/"}]}},"_links":{"self":[{"href":"https:\/\/kulladal.com\/nb\/wp-json\/wp\/v2\/pages\/9089","targetHints":{"allow":["GET"]}}],"collection":[{"href":"https:\/\/kulladal.com\/nb\/wp-json\/wp\/v2\/pages"}],"about":[{"href":"https:\/\/kulladal.com\/nb\/wp-json\/wp\/v2\/types\/page"}],"author":[{"embeddable":true,"href":"https:\/\/kulladal.com\/nb\/wp-json\/wp\/v2\/users\/1"}],"replies":[{"embeddable":true,"href":"https:\/\/kulladal.com\/nb\/wp-json\/wp\/v2\/comments?post=9089"}],"version-history":[{"count":12,"href":"https:\/\/kulladal.com\/nb\/wp-json\/wp\/v2\/pages\/9089\/revisions"}],"predecessor-version":[{"id":9116,"href":"https:\/\/kulladal.com\/nb\/wp-json\/wp\/v2\/pages\/9089\/revisions\/9116"}],"wp:attachment":[{"href":"https:\/\/kulladal.com\/nb\/wp-json\/wp\/v2\/media?parent=9089"}],"curies":[{"name":"wp","href":"https:\/\/api.w.org\/{rel}","templated":true}]}}