{"id":8187,"date":"2025-01-09T04:48:06","date_gmt":"2025-01-09T03:48:06","guid":{"rendered":"https:\/\/kulladal.com\/?page_id=8187"},"modified":"2025-08-28T08:43:00","modified_gmt":"2025-08-28T06:43:00","slug":"retur-reklamation","status":"publish","type":"page","link":"https:\/\/kulladal.com\/nb\/retur-reklamation\/","title":{"rendered":"Retur &amp; reklamation"},"content":{"rendered":"<div class=\"wp-block-group alignwide is-layout-flow wp-block-group-is-layout-flow\" style=\"padding-top:var(--wp--preset--spacing--40);padding-bottom:var(--wp--preset--spacing--40)\"><div class=\"wp-block-group has-global-padding is-layout-constrained wp-block-group-is-layout-constrained\"><p class=\"has-medium-font-size\">Du har r\u00e4tt att \u00e5ngra ditt k\u00f6p och g\u00f6ra en retur inom 14 dagar fr\u00e5n det att du mottagit din vara.<br><strong>OBS! F\u00e4rg g\u00e5r inte att returnera.<\/strong><\/p>\n\n<p class=\"has-medium-font-size\" style=\"padding-top:var(--wp--preset--spacing--30);padding-bottom:var(--wp--preset--spacing--30)\">Kontakta alltid oss inf\u00f6r en retur samt om du har fr\u00e5gor om v\u00e5ra k\u00f6pvillkor,&nbsp;<a href=\"mailto:order@kulladal.com\" target=\"_blank\" rel=\"noreferrer noopener\">order@kulladal.com<\/a><br>Du m\u00e5ste f\u00e5 en bekr\u00e4ftelse fr\u00e5n oss att returen \u00e4r godk\u00e4nd och att \u00e5ngerfristen inte har passerats innan varorna skickas tillbaka.<\/p>\n\n<p class=\"has-medium-font-size\">Vid retur beh\u00f6ver vi f\u00f6ljande information:<\/p>\n\n<ul class=\"wp-block-list has-medium-font-size\"><li>Ordernummer, finns i din orderbekr\u00e4ftelse<\/li>\n\n<li>Namn och kontaktuppgifter<\/li>\n\n<li>Artikelnummer och antal p\u00e5 de produkter som \u00f6nskas returneras<\/li><\/ul><\/div>\n\n<div class=\"wp-block-group has-global-padding is-layout-constrained wp-block-group-is-layout-constrained\"><h3 class=\"wp-block-heading\" style=\"padding-top:var(--wp--preset--spacing--50);padding-right:0;padding-bottom:var(--wp--preset--spacing--30)\">RETURKOSTNAD<\/h3>\n\n<p class=\"has-medium-font-size\">Vid \u00e5beropande av \u00e5ngerr\u00e4tt st\u00e5r du som kund f\u00f6r returfrakten. L\u00e4mnar du tillbaka returen till v\u00e5rt showroom i Malm\u00f6 \u00e4r returen kostnadsfri.<\/p><\/div>\n\n<div class=\"wp-block-group has-global-padding is-layout-constrained wp-block-group-is-layout-constrained\"><h3 class=\"wp-block-heading\" style=\"padding-top:var(--wp--preset--spacing--50);padding-right:0;padding-bottom:var(--wp--preset--spacing--30)\">REKLAMATION<\/h3>\n\n<p class=\"has-medium-font-size\">Om du har f\u00e5tt en defekt eller felaktig produkt ber vi dig att omg\u00e5ende kontakta v\u00e5r kundservice p\u00e5&nbsp;<a href=\"mailto:order@kulladal.com\" target=\"_blank\" rel=\"noreferrer noopener\">order@kulladal.com<\/a>. Bifoga beskrivning och bilder f\u00f6r snabbare hantering.<\/p><\/div><\/div>","protected":false},"excerpt":{"rendered":"<p>Du har r\u00e4tt att \u00e5ngra ditt k\u00f6p och g\u00f6ra en retur inom 14 dagar fr\u00e5n det att du mottagit din vara.OBS! F\u00e4rg g\u00e5r inte att returnera. Kontakta alltid oss inf\u00f6r en retur samt om du har fr\u00e5gor om v\u00e5ra k\u00f6pvillkor,&nbsp;order@kulladal.comDu m\u00e5ste f\u00e5 en bekr\u00e4ftelse fr\u00e5n oss att returen \u00e4r godk\u00e4nd och att \u00e5ngerfristen inte har [&hellip;]<\/p>","protected":false},"author":1,"featured_media":8829,"parent":0,"menu_order":0,"comment_status":"closed","ping_status":"closed","template":"","meta":{"footnotes":""},"class_list":["post-8187","page","type-page","status-publish","has-post-thumbnail","hentry"],"yoast_head":"<!-- This site is optimized with the Yoast SEO plugin v24.3 - https:\/\/yoast.com\/wordpress\/plugins\/seo\/ -->\n<title>Retur &amp; reklamation - Kulladal<\/title>\n<meta name=\"robots\" content=\"index, follow, max-snippet:-1, max-image-preview:large, max-video-preview:-1\" \/>\n<link rel=\"canonical\" href=\"https:\/\/kulladal.com\/nb\/retur-reklamation\/\" \/>\n<meta property=\"og:locale\" content=\"nb_NO\" \/>\n<meta property=\"og:type\" content=\"article\" \/>\n<meta property=\"og:title\" content=\"Retur &amp; reklamation - Kulladal\" \/>\n<meta property=\"og:description\" content=\"Du har r\u00e4tt att \u00e5ngra ditt k\u00f6p och g\u00f6ra en retur inom 14 dagar fr\u00e5n det att du mottagit din vara.OBS! F\u00e4rg g\u00e5r inte att returnera. Kontakta alltid oss inf\u00f6r en retur samt om du har fr\u00e5gor om v\u00e5ra k\u00f6pvillkor,&nbsp;order@kulladal.comDu m\u00e5ste f\u00e5 en bekr\u00e4ftelse fr\u00e5n oss att returen \u00e4r godk\u00e4nd och att \u00e5ngerfristen inte har [&hellip;]\" \/>\n<meta property=\"og:url\" content=\"https:\/\/kulladal.com\/nb\/retur-reklamation\/\" \/>\n<meta property=\"og:site_name\" content=\"Kulladal\" \/>\n<meta property=\"article:publisher\" content=\"https:\/\/www.facebook.com\/Kulladal20tal\" \/>\n<meta property=\"article:modified_time\" content=\"2025-08-28T06:43:00+00:00\" \/>\n<meta property=\"og:image\" content=\"https:\/\/kulladal.com\/wp-content\/uploads\/2025\/02\/Retur-reklamation-IMG_9352-1-e1739523846329.jpg\" \/>\n\t<meta property=\"og:image:width\" content=\"1333\" \/>\n\t<meta property=\"og:image:height\" content=\"363\" \/>\n\t<meta property=\"og:image:type\" content=\"image\/jpeg\" \/>\n<meta name=\"twitter:card\" content=\"summary_large_image\" \/>\n<meta name=\"twitter:label1\" content=\"Ansl. lesetid\" \/>\n\t<meta name=\"twitter:data1\" content=\"1 minutt\" \/>\n<script type=\"application\/ld+json\" class=\"yoast-schema-graph\">{\"@context\":\"https:\/\/schema.org\",\"@graph\":[{\"@type\":\"Article\",\"@id\":\"https:\/\/kulladal.com\/retur-reklamation\/#article\",\"isPartOf\":{\"@id\":\"https:\/\/kulladal.com\/retur-reklamation\/\"},\"author\":{\"name\":\"vladimir\",\"@id\":\"https:\/\/kulladal.com\/nb\/#\/schema\/person\/f36df48262d3e40ef7de61ac362b7182\"},\"headline\":\"Retur &amp; reklamation\",\"datePublished\":\"2025-01-09T03:48:06+00:00\",\"dateModified\":\"2025-08-28T06:43:00+00:00\",\"mainEntityOfPage\":{\"@id\":\"https:\/\/kulladal.com\/retur-reklamation\/\"},\"wordCount\":170,\"publisher\":{\"@id\":\"https:\/\/kulladal.com\/nb\/#organization\"},\"image\":{\"@id\":\"https:\/\/kulladal.com\/retur-reklamation\/#primaryimage\"},\"thumbnailUrl\":\"https:\/\/kulladal.com\/wp-content\/uploads\/2025\/02\/Retur-reklamation-IMG_9352-1-e1739523846329.jpg\",\"inLanguage\":\"nb-NO\"},{\"@type\":\"WebPage\",\"@id\":\"https:\/\/kulladal.com\/retur-reklamation\/\",\"url\":\"https:\/\/kulladal.com\/retur-reklamation\/\",\"name\":\"Retur &amp; reklamation - Kulladal\",\"isPartOf\":{\"@id\":\"https:\/\/kulladal.com\/nb\/#website\"},\"primaryImageOfPage\":{\"@id\":\"https:\/\/kulladal.com\/retur-reklamation\/#primaryimage\"},\"image\":{\"@id\":\"https:\/\/kulladal.com\/retur-reklamation\/#primaryimage\"},\"thumbnailUrl\":\"https:\/\/kulladal.com\/wp-content\/uploads\/2025\/02\/Retur-reklamation-IMG_9352-1-e1739523846329.jpg\",\"datePublished\":\"2025-01-09T03:48:06+00:00\",\"dateModified\":\"2025-08-28T06:43:00+00:00\",\"breadcrumb\":{\"@id\":\"https:\/\/kulladal.com\/retur-reklamation\/#breadcrumb\"},\"inLanguage\":\"nb-NO\",\"potentialAction\":[{\"@type\":\"ReadAction\",\"target\":[\"https:\/\/kulladal.com\/retur-reklamation\/\"]}]},{\"@type\":\"ImageObject\",\"inLanguage\":\"nb-NO\",\"@id\":\"https:\/\/kulladal.com\/retur-reklamation\/#primaryimage\",\"url\":\"https:\/\/kulladal.com\/wp-content\/uploads\/2025\/02\/Retur-reklamation-IMG_9352-1-e1739523846329.jpg\",\"contentUrl\":\"https:\/\/kulladal.com\/wp-content\/uploads\/2025\/02\/Retur-reklamation-IMG_9352-1-e1739523846329.jpg\",\"width\":1333,\"height\":363},{\"@type\":\"BreadcrumbList\",\"@id\":\"https:\/\/kulladal.com\/retur-reklamation\/#breadcrumb\",\"itemListElement\":[{\"@type\":\"ListItem\",\"position\":1,\"name\":\"Home\",\"item\":\"https:\/\/kulladal.com\/\"},{\"@type\":\"ListItem\",\"position\":2,\"name\":\"Retur &amp; reklamation\"}]},{\"@type\":\"WebSite\",\"@id\":\"https:\/\/kulladal.com\/nb\/#website\",\"url\":\"https:\/\/kulladal.com\/nb\/\",\"name\":\"Kulladal\",\"description\":\"Unika k\u00f6k i klassisk stil.\",\"publisher\":{\"@id\":\"https:\/\/kulladal.com\/nb\/#organization\"},\"potentialAction\":[{\"@type\":\"SearchAction\",\"target\":{\"@type\":\"EntryPoint\",\"urlTemplate\":\"https:\/\/kulladal.com\/nb\/?s={search_term_string}\"},\"query-input\":{\"@type\":\"PropertyValueSpecification\",\"valueRequired\":true,\"valueName\":\"search_term_string\"}}],\"inLanguage\":\"nb-NO\"},{\"@type\":\"Organization\",\"@id\":\"https:\/\/kulladal.com\/nb\/#organization\",\"name\":\"Kulladal Kitchens AB\",\"alternateName\":\"Kulladal\",\"url\":\"https:\/\/kulladal.com\/nb\/\",\"logo\":{\"@type\":\"ImageObject\",\"inLanguage\":\"nb-NO\",\"@id\":\"https:\/\/kulladal.com\/nb\/#\/schema\/logo\/image\/\",\"url\":\"https:\/\/kulladal.com\/wp-content\/uploads\/2023\/10\/logo_kulladal_classic_kitchens_white.png\",\"contentUrl\":\"https:\/\/kulladal.com\/wp-content\/uploads\/2023\/10\/logo_kulladal_classic_kitchens_white.png\",\"width\":823,\"height\":551,\"caption\":\"Kulladal Kitchens AB\"},\"image\":{\"@id\":\"https:\/\/kulladal.com\/nb\/#\/schema\/logo\/image\/\"},\"sameAs\":[\"https:\/\/www.facebook.com\/Kulladal20tal\",\"https:\/\/www.instagram.com\/kulladalkitchens\/\",\"https:\/\/www.youtube.com\/channel\/UCBwmfSKz31E6bpnxNFTrbRQ\",\"https:\/\/se.pinterest.com\/kulladalkitchens\/\"]},{\"@type\":\"Person\",\"@id\":\"https:\/\/kulladal.com\/nb\/#\/schema\/person\/f36df48262d3e40ef7de61ac362b7182\",\"name\":\"vladimir\",\"image\":{\"@type\":\"ImageObject\",\"inLanguage\":\"nb-NO\",\"@id\":\"https:\/\/kulladal.com\/nb\/#\/schema\/person\/image\/\",\"url\":\"https:\/\/secure.gravatar.com\/avatar\/76d911c5015ed6608857f010d05910554d962cd840fe1be7fca1fae28eef9da2?s=96&d=mm&r=g\",\"contentUrl\":\"https:\/\/secure.gravatar.com\/avatar\/76d911c5015ed6608857f010d05910554d962cd840fe1be7fca1fae28eef9da2?s=96&d=mm&r=g\",\"caption\":\"vladimir\"},\"sameAs\":[\"https:\/\/kulladal.com\"],\"url\":\"https:\/\/kulladal.com\/nb\/author\/vladimir\/\"}]}<\/script>\n<!-- \/ Yoast SEO plugin. -->","yoast_head_json":{"title":"Retur &amp; reklamation - Kulladal","robots":{"index":"index","follow":"follow","max-snippet":"max-snippet:-1","max-image-preview":"max-image-preview:large","max-video-preview":"max-video-preview:-1"},"canonical":"https:\/\/kulladal.com\/nb\/retur-reklamation\/","og_locale":"nb_NO","og_type":"article","og_title":"Retur &amp; reklamation - Kulladal","og_description":"Du har r\u00e4tt att \u00e5ngra ditt k\u00f6p och g\u00f6ra en retur inom 14 dagar fr\u00e5n det att du mottagit din vara.OBS! F\u00e4rg g\u00e5r inte att returnera. Kontakta alltid oss inf\u00f6r en retur samt om du har fr\u00e5gor om v\u00e5ra k\u00f6pvillkor,&nbsp;order@kulladal.comDu m\u00e5ste f\u00e5 en bekr\u00e4ftelse fr\u00e5n oss att returen \u00e4r godk\u00e4nd och att \u00e5ngerfristen inte har [&hellip;]","og_url":"https:\/\/kulladal.com\/nb\/retur-reklamation\/","og_site_name":"Kulladal","article_publisher":"https:\/\/www.facebook.com\/Kulladal20tal","article_modified_time":"2025-08-28T06:43:00+00:00","og_image":[{"width":1333,"height":363,"url":"https:\/\/kulladal.com\/wp-content\/uploads\/2025\/02\/Retur-reklamation-IMG_9352-1-e1739523846329.jpg","type":"image\/jpeg"}],"twitter_card":"summary_large_image","twitter_misc":{"Ansl. lesetid":"1 minutt"},"schema":{"@context":"https:\/\/schema.org","@graph":[{"@type":"Article","@id":"https:\/\/kulladal.com\/retur-reklamation\/#article","isPartOf":{"@id":"https:\/\/kulladal.com\/retur-reklamation\/"},"author":{"name":"vladimir","@id":"https:\/\/kulladal.com\/nb\/#\/schema\/person\/f36df48262d3e40ef7de61ac362b7182"},"headline":"Retur &amp; reklamation","datePublished":"2025-01-09T03:48:06+00:00","dateModified":"2025-08-28T06:43:00+00:00","mainEntityOfPage":{"@id":"https:\/\/kulladal.com\/retur-reklamation\/"},"wordCount":170,"publisher":{"@id":"https:\/\/kulladal.com\/nb\/#organization"},"image":{"@id":"https:\/\/kulladal.com\/retur-reklamation\/#primaryimage"},"thumbnailUrl":"https:\/\/kulladal.com\/wp-content\/uploads\/2025\/02\/Retur-reklamation-IMG_9352-1-e1739523846329.jpg","inLanguage":"nb-NO"},{"@type":"WebPage","@id":"https:\/\/kulladal.com\/retur-reklamation\/","url":"https:\/\/kulladal.com\/retur-reklamation\/","name":"Retur &amp; reklamation - Kulladal","isPartOf":{"@id":"https:\/\/kulladal.com\/nb\/#website"},"primaryImageOfPage":{"@id":"https:\/\/kulladal.com\/retur-reklamation\/#primaryimage"},"image":{"@id":"https:\/\/kulladal.com\/retur-reklamation\/#primaryimage"},"thumbnailUrl":"https:\/\/kulladal.com\/wp-content\/uploads\/2025\/02\/Retur-reklamation-IMG_9352-1-e1739523846329.jpg","datePublished":"2025-01-09T03:48:06+00:00","dateModified":"2025-08-28T06:43:00+00:00","breadcrumb":{"@id":"https:\/\/kulladal.com\/retur-reklamation\/#breadcrumb"},"inLanguage":"nb-NO","potentialAction":[{"@type":"ReadAction","target":["https:\/\/kulladal.com\/retur-reklamation\/"]}]},{"@type":"ImageObject","inLanguage":"nb-NO","@id":"https:\/\/kulladal.com\/retur-reklamation\/#primaryimage","url":"https:\/\/kulladal.com\/wp-content\/uploads\/2025\/02\/Retur-reklamation-IMG_9352-1-e1739523846329.jpg","contentUrl":"https:\/\/kulladal.com\/wp-content\/uploads\/2025\/02\/Retur-reklamation-IMG_9352-1-e1739523846329.jpg","width":1333,"height":363},{"@type":"BreadcrumbList","@id":"https:\/\/kulladal.com\/retur-reklamation\/#breadcrumb","itemListElement":[{"@type":"ListItem","position":1,"name":"Home","item":"https:\/\/kulladal.com\/"},{"@type":"ListItem","position":2,"name":"Retur &amp; reklamation"}]},{"@type":"WebSite","@id":"https:\/\/kulladal.com\/nb\/#website","url":"https:\/\/kulladal.com\/nb\/","name":"Kulladal","description":"Unika k\u00f6k i klassisk stil.","publisher":{"@id":"https:\/\/kulladal.com\/nb\/#organization"},"potentialAction":[{"@type":"SearchAction","target":{"@type":"EntryPoint","urlTemplate":"https:\/\/kulladal.com\/nb\/?s={search_term_string}"},"query-input":{"@type":"PropertyValueSpecification","valueRequired":true,"valueName":"search_term_string"}}],"inLanguage":"nb-NO"},{"@type":"Organization","@id":"https:\/\/kulladal.com\/nb\/#organization","name":"Kulladal Kitchens AB","alternateName":"Kulladal","url":"https:\/\/kulladal.com\/nb\/","logo":{"@type":"ImageObject","inLanguage":"nb-NO","@id":"https:\/\/kulladal.com\/nb\/#\/schema\/logo\/image\/","url":"https:\/\/kulladal.com\/wp-content\/uploads\/2023\/10\/logo_kulladal_classic_kitchens_white.png","contentUrl":"https:\/\/kulladal.com\/wp-content\/uploads\/2023\/10\/logo_kulladal_classic_kitchens_white.png","width":823,"height":551,"caption":"Kulladal Kitchens AB"},"image":{"@id":"https:\/\/kulladal.com\/nb\/#\/schema\/logo\/image\/"},"sameAs":["https:\/\/www.facebook.com\/Kulladal20tal","https:\/\/www.instagram.com\/kulladalkitchens\/","https:\/\/www.youtube.com\/channel\/UCBwmfSKz31E6bpnxNFTrbRQ","https:\/\/se.pinterest.com\/kulladalkitchens\/"]},{"@type":"Person","@id":"https:\/\/kulladal.com\/nb\/#\/schema\/person\/f36df48262d3e40ef7de61ac362b7182","name":"vladimir","image":{"@type":"ImageObject","inLanguage":"nb-NO","@id":"https:\/\/kulladal.com\/nb\/#\/schema\/person\/image\/","url":"https:\/\/secure.gravatar.com\/avatar\/76d911c5015ed6608857f010d05910554d962cd840fe1be7fca1fae28eef9da2?s=96&d=mm&r=g","contentUrl":"https:\/\/secure.gravatar.com\/avatar\/76d911c5015ed6608857f010d05910554d962cd840fe1be7fca1fae28eef9da2?s=96&d=mm&r=g","caption":"vladimir"},"sameAs":["https:\/\/kulladal.com"],"url":"https:\/\/kulladal.com\/nb\/author\/vladimir\/"}]}},"_links":{"self":[{"href":"https:\/\/kulladal.com\/nb\/wp-json\/wp\/v2\/pages\/8187","targetHints":{"allow":["GET"]}}],"collection":[{"href":"https:\/\/kulladal.com\/nb\/wp-json\/wp\/v2\/pages"}],"about":[{"href":"https:\/\/kulladal.com\/nb\/wp-json\/wp\/v2\/types\/page"}],"author":[{"embeddable":true,"href":"https:\/\/kulladal.com\/nb\/wp-json\/wp\/v2\/users\/1"}],"replies":[{"embeddable":true,"href":"https:\/\/kulladal.com\/nb\/wp-json\/wp\/v2\/comments?post=8187"}],"version-history":[{"count":5,"href":"https:\/\/kulladal.com\/nb\/wp-json\/wp\/v2\/pages\/8187\/revisions"}],"predecessor-version":[{"id":13306,"href":"https:\/\/kulladal.com\/nb\/wp-json\/wp\/v2\/pages\/8187\/revisions\/13306"}],"wp:featuredmedia":[{"embeddable":true,"href":"https:\/\/kulladal.com\/nb\/wp-json\/wp\/v2\/media\/8829"}],"wp:attachment":[{"href":"https:\/\/kulladal.com\/nb\/wp-json\/wp\/v2\/media?parent=8187"}],"curies":[{"name":"wp","href":"https:\/\/api.w.org\/{rel}","templated":true}]}}