{"id":8185,"date":"2025-01-09T04:35:47","date_gmt":"2025-01-09T03:35:47","guid":{"rendered":"https:\/\/kulladal.com\/?page_id=8185"},"modified":"2025-02-10T04:46:07","modified_gmt":"2025-02-10T03:46:07","slug":"leverans","status":"publish","type":"page","link":"https:\/\/kulladal.com\/nb\/leverans\/","title":{"rendered":"Leverans"},"content":{"rendered":"<div class=\"wp-block-group alignwide is-layout-flow wp-block-group-is-layout-flow\" style=\"padding-top:var(--wp--preset--spacing--40);padding-bottom:var(--wp--preset--spacing--40)\"><div class=\"wp-block-group has-global-padding is-layout-constrained wp-block-group-is-layout-constrained\"><p class=\"has-medium-font-size\">Produkter i lager skickas fr\u00e5n oss inom 5-7 arbetsdagar, men vissa best\u00e4llningar kan ta l\u00e4ngre tid. Vid l\u00e4ngre leveranstid eller om n\u00e5got tagit slut s\u00e5 informeras du via mail.<\/p>\n\n<p class=\"has-medium-font-size\" style=\"padding-top:var(--wp--preset--spacing--30);padding-bottom:var(--wp--preset--spacing--30)\">F\u00f6r best\u00e4llningsvaror, se leveranstid vid respektive produkt.<\/p>\n\n<p class=\"has-medium-font-size\" style=\"padding-top:0;padding-bottom:0\">Alltid 100% klimatkompensation p\u00e5 alla frakter.<\/p><\/div>\n\n<div class=\"wp-block-group has-global-padding is-layout-constrained wp-block-group-is-layout-constrained\"><h3 class=\"wp-block-heading\" style=\"padding-top:var(--wp--preset--spacing--50);padding-right:0;padding-bottom:var(--wp--preset--spacing--30)\">LEVERANSKOSTNADER<\/h3>\n\n<p class=\"has-medium-font-size\">Fraktkostnaden baseras p\u00e5 vikt, volym och r\u00e4knas ut i kassan. Vi f\u00f6rbeh\u00e5ller oss r\u00e4tten att v\u00e4lja l\u00e4mpligt leveranss\u00e4tt via PostNord, DHL, DSV, UPS och Bring.<\/p>\n\n<p><\/p>\n\n<p class=\"has-medium-font-size\" style=\"padding-top:var(--wp--preset--spacing--30)\">Gratis upph\u00e4mtning erbjuds i v\u00e5rt showroom i Malm\u00f6 p\u00e5 \u00d6stra R\u00f6nneholmsv\u00e4gen 5D. Tid f\u00f6r upph\u00e4mtning sker enligt \u00f6verenskommelse.<\/p><\/div>\n\n<div class=\"wp-block-group has-global-padding is-layout-constrained wp-block-group-is-layout-constrained\"><h3 class=\"wp-block-heading\" style=\"padding-top:var(--wp--preset--spacing--50);padding-right:0;padding-bottom:var(--wp--preset--spacing--30)\">OM DU INTE H\u00c4MTAR UT DITT PAKET<\/h3>\n\n<p class=\"has-medium-font-size\">Som k\u00f6pare ansvarar du f\u00f6r att h\u00e4mta ut eller motta f\u00f6rs\u00e4ndelsen som du best\u00e4llt. Om du inte kan ta emot din leverans eller om du inte h\u00e4mtar ut ditt paket hos ombud, skickas det tillbaka till oss och vi debitera dig f\u00f6r frakt- och administrativa kostnader. Vi tar ut en administrativ avgift p\u00e5 150 kr och f\u00f6r att t\u00e4cka kostnaden f\u00f6r returfrakt f\u00f6r ej uth\u00e4mtade paket hos ombud tar vi ut ytterligare en avgift p\u00e5 150 kr.<\/p><\/div>\n\n<div class=\"wp-block-group has-global-padding is-layout-constrained wp-block-group-is-layout-constrained\"><h3 class=\"wp-block-heading\" style=\"padding-top:var(--wp--preset--spacing--50);padding-right:0;padding-bottom:var(--wp--preset--spacing--30)\">TRANSPORTSKADA<\/h3>\n\n<p class=\"has-medium-font-size\">Kontrollera alltid paketet vid leverans. Om du vid mottagandet av paketet uppt\u00e4cker en transportskada ber vi dig att genast anm\u00e4la detta till fraktbolaget. Fotografera alltid synliga transportskador. Skadan skall d\u00e4refter anm\u00e4las till v\u00e5r kundservice,&nbsp;<a href=\"mailto:order@kulladal.com\" target=\"_blank\" rel=\"noreferrer noopener\">order@kulladal.com<\/a>, s\u00e5 att vi p\u00e5 b\u00e4sta s\u00e4tt kan hj\u00e4lpa till med din reklamation. Detsamma g\u00e4ller f\u00f6r eventuella dolda skador som uppt\u00e4ckts n\u00e4r du \u00f6ppnat ditt paket. Skadan ska anm\u00e4las till oss inom 7 dagar fr\u00e5n mottagandet av leveransen. Det \u00e4r d\u00e4rf\u00f6r viktigt att du packar upp och unders\u00f6ker din best\u00e4llning noggrant direkt efter att paketet levererats.<\/p><\/div><\/div>","protected":false},"excerpt":{"rendered":"<p>Produkter i lager skickas fr\u00e5n oss inom 5-7 arbetsdagar, men vissa best\u00e4llningar kan ta l\u00e4ngre tid. Vid l\u00e4ngre leveranstid eller om n\u00e5got tagit slut s\u00e5 informeras du via mail. F\u00f6r best\u00e4llningsvaror, se leveranstid vid respektive produkt. Alltid 100% klimatkompensation p\u00e5 alla frakter. LEVERANSKOSTNADER Fraktkostnaden baseras p\u00e5 vikt, volym och r\u00e4knas ut i kassan. Vi f\u00f6rbeh\u00e5ller [&hellip;]<\/p>","protected":false},"author":1,"featured_media":3110,"parent":0,"menu_order":0,"comment_status":"closed","ping_status":"closed","template":"","meta":{"footnotes":""},"class_list":["post-8185","page","type-page","status-publish","has-post-thumbnail","hentry"],"yoast_head":"<!-- This site is optimized with the Yoast SEO plugin v24.3 - https:\/\/yoast.com\/wordpress\/plugins\/seo\/ -->\n<title>Leverans - Kulladal<\/title>\n<meta name=\"robots\" content=\"index, follow, max-snippet:-1, max-image-preview:large, max-video-preview:-1\" \/>\n<link rel=\"canonical\" href=\"https:\/\/kulladal.com\/nb\/leverans\/\" \/>\n<meta property=\"og:locale\" content=\"nb_NO\" \/>\n<meta property=\"og:type\" content=\"article\" \/>\n<meta property=\"og:title\" content=\"Leverans - Kulladal\" \/>\n<meta property=\"og:description\" content=\"Produkter i lager skickas fr\u00e5n oss inom 5-7 arbetsdagar, men vissa best\u00e4llningar kan ta l\u00e4ngre tid. Vid l\u00e4ngre leveranstid eller om n\u00e5got tagit slut s\u00e5 informeras du via mail. F\u00f6r best\u00e4llningsvaror, se leveranstid vid respektive produkt. Alltid 100% klimatkompensation p\u00e5 alla frakter. LEVERANSKOSTNADER Fraktkostnaden baseras p\u00e5 vikt, volym och r\u00e4knas ut i kassan. Vi f\u00f6rbeh\u00e5ller [&hellip;]\" \/>\n<meta property=\"og:url\" content=\"https:\/\/kulladal.com\/nb\/leverans\/\" \/>\n<meta property=\"og:site_name\" content=\"Kulladal\" \/>\n<meta property=\"article:publisher\" content=\"https:\/\/www.facebook.com\/Kulladal20tal\" \/>\n<meta property=\"article:modified_time\" content=\"2025-02-10T03:46:07+00:00\" \/>\n<meta property=\"og:image\" content=\"https:\/\/kulladal.com\/wp-content\/uploads\/2023\/11\/200624_0204_kulladal-2-scaled.jpg\" \/>\n\t<meta property=\"og:image:width\" content=\"1707\" \/>\n\t<meta property=\"og:image:height\" content=\"2560\" \/>\n\t<meta property=\"og:image:type\" content=\"image\/jpeg\" \/>\n<meta name=\"twitter:card\" content=\"summary_large_image\" \/>\n<meta name=\"twitter:label1\" content=\"Ansl. lesetid\" \/>\n\t<meta name=\"twitter:data1\" content=\"2 minutter\" \/>\n<script type=\"application\/ld+json\" class=\"yoast-schema-graph\">{\"@context\":\"https:\/\/schema.org\",\"@graph\":[{\"@type\":\"Article\",\"@id\":\"https:\/\/kulladal.com\/leverans\/#article\",\"isPartOf\":{\"@id\":\"https:\/\/kulladal.com\/leverans\/\"},\"author\":{\"name\":\"vladimir\",\"@id\":\"https:\/\/kulladal.com\/nb\/#\/schema\/person\/f36df48262d3e40ef7de61ac362b7182\"},\"headline\":\"Leverans\",\"datePublished\":\"2025-01-09T03:35:47+00:00\",\"dateModified\":\"2025-02-10T03:46:07+00:00\",\"mainEntityOfPage\":{\"@id\":\"https:\/\/kulladal.com\/leverans\/\"},\"wordCount\":313,\"publisher\":{\"@id\":\"https:\/\/kulladal.com\/nb\/#organization\"},\"image\":{\"@id\":\"https:\/\/kulladal.com\/leverans\/#primaryimage\"},\"thumbnailUrl\":\"https:\/\/kulladal.com\/wp-content\/uploads\/2023\/11\/200624_0204_kulladal-2-scaled.jpg\",\"inLanguage\":\"nb-NO\"},{\"@type\":\"WebPage\",\"@id\":\"https:\/\/kulladal.com\/leverans\/\",\"url\":\"https:\/\/kulladal.com\/leverans\/\",\"name\":\"Leverans - Kulladal\",\"isPartOf\":{\"@id\":\"https:\/\/kulladal.com\/nb\/#website\"},\"primaryImageOfPage\":{\"@id\":\"https:\/\/kulladal.com\/leverans\/#primaryimage\"},\"image\":{\"@id\":\"https:\/\/kulladal.com\/leverans\/#primaryimage\"},\"thumbnailUrl\":\"https:\/\/kulladal.com\/wp-content\/uploads\/2023\/11\/200624_0204_kulladal-2-scaled.jpg\",\"datePublished\":\"2025-01-09T03:35:47+00:00\",\"dateModified\":\"2025-02-10T03:46:07+00:00\",\"breadcrumb\":{\"@id\":\"https:\/\/kulladal.com\/leverans\/#breadcrumb\"},\"inLanguage\":\"nb-NO\",\"potentialAction\":[{\"@type\":\"ReadAction\",\"target\":[\"https:\/\/kulladal.com\/leverans\/\"]}]},{\"@type\":\"ImageObject\",\"inLanguage\":\"nb-NO\",\"@id\":\"https:\/\/kulladal.com\/leverans\/#primaryimage\",\"url\":\"https:\/\/kulladal.com\/wp-content\/uploads\/2023\/11\/200624_0204_kulladal-2-scaled.jpg\",\"contentUrl\":\"https:\/\/kulladal.com\/wp-content\/uploads\/2023\/11\/200624_0204_kulladal-2-scaled.jpg\",\"width\":1707,\"height\":2560,\"caption\":\"Vid fr\u00e5gor om bilden, mejla: erika.weiland@apeloga.se\"},{\"@type\":\"BreadcrumbList\",\"@id\":\"https:\/\/kulladal.com\/leverans\/#breadcrumb\",\"itemListElement\":[{\"@type\":\"ListItem\",\"position\":1,\"name\":\"Home\",\"item\":\"https:\/\/kulladal.com\/\"},{\"@type\":\"ListItem\",\"position\":2,\"name\":\"Leverans\"}]},{\"@type\":\"WebSite\",\"@id\":\"https:\/\/kulladal.com\/nb\/#website\",\"url\":\"https:\/\/kulladal.com\/nb\/\",\"name\":\"Kulladal\",\"description\":\"Unika k\u00f6k i klassisk stil.\",\"publisher\":{\"@id\":\"https:\/\/kulladal.com\/nb\/#organization\"},\"potentialAction\":[{\"@type\":\"SearchAction\",\"target\":{\"@type\":\"EntryPoint\",\"urlTemplate\":\"https:\/\/kulladal.com\/nb\/?s={search_term_string}\"},\"query-input\":{\"@type\":\"PropertyValueSpecification\",\"valueRequired\":true,\"valueName\":\"search_term_string\"}}],\"inLanguage\":\"nb-NO\"},{\"@type\":\"Organization\",\"@id\":\"https:\/\/kulladal.com\/nb\/#organization\",\"name\":\"Kulladal Kitchens AB\",\"alternateName\":\"Kulladal\",\"url\":\"https:\/\/kulladal.com\/nb\/\",\"logo\":{\"@type\":\"ImageObject\",\"inLanguage\":\"nb-NO\",\"@id\":\"https:\/\/kulladal.com\/nb\/#\/schema\/logo\/image\/\",\"url\":\"https:\/\/kulladal.com\/wp-content\/uploads\/2023\/10\/logo_kulladal_classic_kitchens_white.png\",\"contentUrl\":\"https:\/\/kulladal.com\/wp-content\/uploads\/2023\/10\/logo_kulladal_classic_kitchens_white.png\",\"width\":823,\"height\":551,\"caption\":\"Kulladal Kitchens AB\"},\"image\":{\"@id\":\"https:\/\/kulladal.com\/nb\/#\/schema\/logo\/image\/\"},\"sameAs\":[\"https:\/\/www.facebook.com\/Kulladal20tal\",\"https:\/\/www.instagram.com\/kulladalkitchens\/\",\"https:\/\/www.youtube.com\/channel\/UCBwmfSKz31E6bpnxNFTrbRQ\",\"https:\/\/se.pinterest.com\/kulladalkitchens\/\"]},{\"@type\":\"Person\",\"@id\":\"https:\/\/kulladal.com\/nb\/#\/schema\/person\/f36df48262d3e40ef7de61ac362b7182\",\"name\":\"vladimir\",\"image\":{\"@type\":\"ImageObject\",\"inLanguage\":\"nb-NO\",\"@id\":\"https:\/\/kulladal.com\/nb\/#\/schema\/person\/image\/\",\"url\":\"https:\/\/secure.gravatar.com\/avatar\/76d911c5015ed6608857f010d05910554d962cd840fe1be7fca1fae28eef9da2?s=96&d=mm&r=g\",\"contentUrl\":\"https:\/\/secure.gravatar.com\/avatar\/76d911c5015ed6608857f010d05910554d962cd840fe1be7fca1fae28eef9da2?s=96&d=mm&r=g\",\"caption\":\"vladimir\"},\"sameAs\":[\"https:\/\/kulladal.com\"],\"url\":\"https:\/\/kulladal.com\/nb\/author\/vladimir\/\"}]}<\/script>\n<!-- \/ Yoast SEO plugin. -->","yoast_head_json":{"title":"Leverans - Kulladal","robots":{"index":"index","follow":"follow","max-snippet":"max-snippet:-1","max-image-preview":"max-image-preview:large","max-video-preview":"max-video-preview:-1"},"canonical":"https:\/\/kulladal.com\/nb\/leverans\/","og_locale":"nb_NO","og_type":"article","og_title":"Leverans - Kulladal","og_description":"Produkter i lager skickas fr\u00e5n oss inom 5-7 arbetsdagar, men vissa best\u00e4llningar kan ta l\u00e4ngre tid. Vid l\u00e4ngre leveranstid eller om n\u00e5got tagit slut s\u00e5 informeras du via mail. F\u00f6r best\u00e4llningsvaror, se leveranstid vid respektive produkt. Alltid 100% klimatkompensation p\u00e5 alla frakter. LEVERANSKOSTNADER Fraktkostnaden baseras p\u00e5 vikt, volym och r\u00e4knas ut i kassan. Vi f\u00f6rbeh\u00e5ller [&hellip;]","og_url":"https:\/\/kulladal.com\/nb\/leverans\/","og_site_name":"Kulladal","article_publisher":"https:\/\/www.facebook.com\/Kulladal20tal","article_modified_time":"2025-02-10T03:46:07+00:00","og_image":[{"width":1707,"height":2560,"url":"https:\/\/kulladal.com\/wp-content\/uploads\/2023\/11\/200624_0204_kulladal-2-scaled.jpg","type":"image\/jpeg"}],"twitter_card":"summary_large_image","twitter_misc":{"Ansl. lesetid":"2 minutter"},"schema":{"@context":"https:\/\/schema.org","@graph":[{"@type":"Article","@id":"https:\/\/kulladal.com\/leverans\/#article","isPartOf":{"@id":"https:\/\/kulladal.com\/leverans\/"},"author":{"name":"vladimir","@id":"https:\/\/kulladal.com\/nb\/#\/schema\/person\/f36df48262d3e40ef7de61ac362b7182"},"headline":"Leverans","datePublished":"2025-01-09T03:35:47+00:00","dateModified":"2025-02-10T03:46:07+00:00","mainEntityOfPage":{"@id":"https:\/\/kulladal.com\/leverans\/"},"wordCount":313,"publisher":{"@id":"https:\/\/kulladal.com\/nb\/#organization"},"image":{"@id":"https:\/\/kulladal.com\/leverans\/#primaryimage"},"thumbnailUrl":"https:\/\/kulladal.com\/wp-content\/uploads\/2023\/11\/200624_0204_kulladal-2-scaled.jpg","inLanguage":"nb-NO"},{"@type":"WebPage","@id":"https:\/\/kulladal.com\/leverans\/","url":"https:\/\/kulladal.com\/leverans\/","name":"Leverans - Kulladal","isPartOf":{"@id":"https:\/\/kulladal.com\/nb\/#website"},"primaryImageOfPage":{"@id":"https:\/\/kulladal.com\/leverans\/#primaryimage"},"image":{"@id":"https:\/\/kulladal.com\/leverans\/#primaryimage"},"thumbnailUrl":"https:\/\/kulladal.com\/wp-content\/uploads\/2023\/11\/200624_0204_kulladal-2-scaled.jpg","datePublished":"2025-01-09T03:35:47+00:00","dateModified":"2025-02-10T03:46:07+00:00","breadcrumb":{"@id":"https:\/\/kulladal.com\/leverans\/#breadcrumb"},"inLanguage":"nb-NO","potentialAction":[{"@type":"ReadAction","target":["https:\/\/kulladal.com\/leverans\/"]}]},{"@type":"ImageObject","inLanguage":"nb-NO","@id":"https:\/\/kulladal.com\/leverans\/#primaryimage","url":"https:\/\/kulladal.com\/wp-content\/uploads\/2023\/11\/200624_0204_kulladal-2-scaled.jpg","contentUrl":"https:\/\/kulladal.com\/wp-content\/uploads\/2023\/11\/200624_0204_kulladal-2-scaled.jpg","width":1707,"height":2560,"caption":"Vid fr\u00e5gor om bilden, mejla: erika.weiland@apeloga.se"},{"@type":"BreadcrumbList","@id":"https:\/\/kulladal.com\/leverans\/#breadcrumb","itemListElement":[{"@type":"ListItem","position":1,"name":"Home","item":"https:\/\/kulladal.com\/"},{"@type":"ListItem","position":2,"name":"Leverans"}]},{"@type":"WebSite","@id":"https:\/\/kulladal.com\/nb\/#website","url":"https:\/\/kulladal.com\/nb\/","name":"Kulladal","description":"Unika k\u00f6k i klassisk stil.","publisher":{"@id":"https:\/\/kulladal.com\/nb\/#organization"},"potentialAction":[{"@type":"SearchAction","target":{"@type":"EntryPoint","urlTemplate":"https:\/\/kulladal.com\/nb\/?s={search_term_string}"},"query-input":{"@type":"PropertyValueSpecification","valueRequired":true,"valueName":"search_term_string"}}],"inLanguage":"nb-NO"},{"@type":"Organization","@id":"https:\/\/kulladal.com\/nb\/#organization","name":"Kulladal Kitchens AB","alternateName":"Kulladal","url":"https:\/\/kulladal.com\/nb\/","logo":{"@type":"ImageObject","inLanguage":"nb-NO","@id":"https:\/\/kulladal.com\/nb\/#\/schema\/logo\/image\/","url":"https:\/\/kulladal.com\/wp-content\/uploads\/2023\/10\/logo_kulladal_classic_kitchens_white.png","contentUrl":"https:\/\/kulladal.com\/wp-content\/uploads\/2023\/10\/logo_kulladal_classic_kitchens_white.png","width":823,"height":551,"caption":"Kulladal Kitchens AB"},"image":{"@id":"https:\/\/kulladal.com\/nb\/#\/schema\/logo\/image\/"},"sameAs":["https:\/\/www.facebook.com\/Kulladal20tal","https:\/\/www.instagram.com\/kulladalkitchens\/","https:\/\/www.youtube.com\/channel\/UCBwmfSKz31E6bpnxNFTrbRQ","https:\/\/se.pinterest.com\/kulladalkitchens\/"]},{"@type":"Person","@id":"https:\/\/kulladal.com\/nb\/#\/schema\/person\/f36df48262d3e40ef7de61ac362b7182","name":"vladimir","image":{"@type":"ImageObject","inLanguage":"nb-NO","@id":"https:\/\/kulladal.com\/nb\/#\/schema\/person\/image\/","url":"https:\/\/secure.gravatar.com\/avatar\/76d911c5015ed6608857f010d05910554d962cd840fe1be7fca1fae28eef9da2?s=96&d=mm&r=g","contentUrl":"https:\/\/secure.gravatar.com\/avatar\/76d911c5015ed6608857f010d05910554d962cd840fe1be7fca1fae28eef9da2?s=96&d=mm&r=g","caption":"vladimir"},"sameAs":["https:\/\/kulladal.com"],"url":"https:\/\/kulladal.com\/nb\/author\/vladimir\/"}]}},"_links":{"self":[{"href":"https:\/\/kulladal.com\/nb\/wp-json\/wp\/v2\/pages\/8185","targetHints":{"allow":["GET"]}}],"collection":[{"href":"https:\/\/kulladal.com\/nb\/wp-json\/wp\/v2\/pages"}],"about":[{"href":"https:\/\/kulladal.com\/nb\/wp-json\/wp\/v2\/types\/page"}],"author":[{"embeddable":true,"href":"https:\/\/kulladal.com\/nb\/wp-json\/wp\/v2\/users\/1"}],"replies":[{"embeddable":true,"href":"https:\/\/kulladal.com\/nb\/wp-json\/wp\/v2\/comments?post=8185"}],"version-history":[{"count":10,"href":"https:\/\/kulladal.com\/nb\/wp-json\/wp\/v2\/pages\/8185\/revisions"}],"predecessor-version":[{"id":8769,"href":"https:\/\/kulladal.com\/nb\/wp-json\/wp\/v2\/pages\/8185\/revisions\/8769"}],"wp:featuredmedia":[{"embeddable":true,"href":"https:\/\/kulladal.com\/nb\/wp-json\/wp\/v2\/media\/3110"}],"wp:attachment":[{"href":"https:\/\/kulladal.com\/nb\/wp-json\/wp\/v2\/media?parent=8185"}],"curies":[{"name":"wp","href":"https:\/\/api.w.org\/{rel}","templated":true}]}}