{"id":8178,"date":"2025-01-09T04:20:30","date_gmt":"2025-01-09T03:20:30","guid":{"rendered":"https:\/\/kulladal.com\/?page_id=8178"},"modified":"2025-02-14T09:45:50","modified_gmt":"2025-02-14T08:45:50","slug":"kopvillkor","status":"publish","type":"page","link":"https:\/\/kulladal.com\/nb\/kopvillkor\/","title":{"rendered":"K\u00f6pvillkor"},"content":{"rendered":"<div class=\"wp-block-group alignwide is-layout-flow wp-block-group-is-layout-flow\" style=\"padding-top:var(--wp--preset--spacing--40);padding-bottom:var(--wp--preset--spacing--40)\"><div class=\"wp-block-group has-global-padding is-layout-constrained wp-block-group-is-layout-constrained\"><h3 class=\"wp-block-heading\" style=\"padding-top:var(--wp--preset--spacing--50);padding-right:0;padding-bottom:var(--wp--preset--spacing--30)\">BEST\u00c4LLNING<\/h3>\n\n<p class=\"has-medium-font-size\">Bekr\u00e4ftelse skickas till den mailadress som du angivit vid best\u00e4llning genom v\u00e5r webbutik www.kulladal.com\/shop eller via order@kulladal.com.<br><\/p>\n\n<p class=\"has-medium-font-size\" style=\"padding-top:var(--wp--preset--spacing--30);padding-bottom:0\">Denna orderbekr\u00e4ftelse \u00e4r en bekr\u00e4ftelse p\u00e5 att ett avtal ing\u00e5tts om k\u00f6p mellan dig och Kulladal Kitchens AB. Genomf\u00f6rd best\u00e4llning inneb\u00e4r ocks\u00e5 att du godk\u00e4nner v\u00e5ra k\u00f6pvillkor och samtycker till att namn och person- eller organisationsnummer registreras i v\u00e5r kunddatabas.<br><\/p>\n\n<p class=\"has-medium-font-size\" style=\"padding-top:var(--wp--preset--spacing--30);padding-bottom:0\">Vi reserverar oss f\u00f6r eventuella pris\u00e4ndringar, slutf\u00f6rs\u00e4ljning, lagerdifferenser, tekniska problem samt \u00e4ndringar av tekniska specifikationer p\u00e5 v\u00e5r webbsida. I h\u00e4ndelse av felaktigt pris f\u00f6rbeh\u00e5ller sig Kulladal Kitchens AB r\u00e4tten att korrigera detta i efterhand. Du som kund kommer alltid att bli kontaktad och tillfr\u00e5gad om du vill fullf\u00f6lja k\u00f6pet innan n\u00e5gon s\u00e5dan \u00e4ndring genomf\u00f6rs.<br><\/p>\n\n<p class=\"has-medium-font-size\" style=\"padding-top:var(--wp--preset--spacing--30);padding-bottom:0\">Vi f\u00f6rbeh\u00e5ller oss \u00e4ven r\u00e4tten att korrigera eller annullera din best\u00e4llning om leveransen av n\u00e5gon anledning inte kan genomf\u00f6ras. Skulle detta intr\u00e4ffa kommer vi att informera dig omg\u00e5ende och ge m\u00f6jlighet till en alternativ l\u00f6sning om det \u00e4r m\u00f6jligt.<br><\/p>\n\n<p class=\"has-medium-font-size\" style=\"padding-top:var(--wp--preset--spacing--30);padding-bottom:0\">Vi kan inte garantera att alla bilder exakt \u00e5terger produkternas verkliga f\u00e4rg och utseende.<br><\/p>\n\n<p class=\"has-medium-font-size\" style=\"padding-top:var(--wp--preset--spacing--30);padding-bottom:0\">Om du har fr\u00e5gor kring din best\u00e4llning kontakta oss via order@kulladal.com<\/p><\/div>\n\n<div class=\"wp-block-group has-global-padding is-layout-constrained wp-block-group-is-layout-constrained\"><h3 class=\"wp-block-heading\" style=\"padding-top:var(--wp--preset--spacing--50);padding-right:0;padding-bottom:var(--wp--preset--spacing--30)\">BETALNING<\/h3>\n\n<p class=\"has-medium-font-size\">Priserna som anges i v\u00e5r webbutik \u00e4r inklusive moms.<br>Betalning sker via Klarna eller Swish.<br>Villkor f\u00f6r Klarna finner du <a href=\"https:\/\/www.klarna.com\/se\/villkor\/\">farger<\/a><br><\/p>\n\n<p class=\"has-medium-font-size\" style=\"padding-top:var(--wp--preset--spacing--30)\">Eventuella \u00e5terbetalningar sker i f\u00f6rsta hand via samma betalningss\u00e4tt som anv\u00e4ndes vid k\u00f6pet och genomf\u00f6rs inom n\u00e5gra dagar efter att \u00e4rendet som orsakat \u00e5terbetalningen \u00e4r avslutat.<\/p><\/div>\n\n<div class=\"wp-block-group has-global-padding is-layout-constrained wp-block-group-is-layout-constrained\"><h3 class=\"wp-block-heading\" style=\"padding-top:var(--wp--preset--spacing--50);padding-right:0;padding-bottom:var(--wp--preset--spacing--30)\">EJ UTH\u00c4MTAT PAKET<\/h3>\n\n<p class=\"has-medium-font-size\">H\u00e4mtas inte best\u00e4llt paket ut fr\u00e5n ombud debiteras en avgift p\u00e5 150 kr f\u00f6r att t\u00e4cka kostnader f\u00f6r returfrakt. Det tillkommer \u00e4ven en administrativ avgift p\u00e5 150 kr.<\/p><\/div>\n\n<div class=\"wp-block-group has-global-padding is-layout-constrained wp-block-group-is-layout-constrained\"><h3 class=\"wp-block-heading\" style=\"padding-top:var(--wp--preset--spacing--50);padding-right:0;padding-bottom:var(--wp--preset--spacing--30)\">BEST\u00c4LLNINGAR UTANF\u00d6R SVERIGE<\/h3>\n\n<p class=\"has-medium-font-size\">F\u00f6r leveranser utanf\u00f6r Sverige, kontakta oss p\u00e5&nbsp;<a href=\"mailto:order@kulladal.com\" target=\"_blank\" rel=\"noreferrer noopener\">order@kulladal.com<\/a>&nbsp;f\u00f6r information om leveransm\u00f6jligheter och fraktkostnader.<\/p><\/div>\n\n<div class=\"wp-block-group has-global-padding is-layout-constrained wp-block-group-is-layout-constrained\"><h3 class=\"wp-block-heading\" style=\"padding-top:var(--wp--preset--spacing--50);padding-right:0;padding-bottom:var(--wp--preset--spacing--30)\">PERSONUPPGIFTER<\/h3>\n\n<p class=\"has-medium-font-size\">I samband med din best\u00e4llning godk\u00e4nner du att vi lagrar och anv\u00e4nder dina uppgifter i v\u00e5r verksamhet f\u00f6r att fullf\u00f6lja och tillhandah\u00e5lla den service som du kan f\u00f6rv\u00e4nta dig av oss. Enligt GDPR har du r\u00e4tt att f\u00e5 tillg\u00e5ng till, korrigera eller beg\u00e4ra radering av de uppgifter vi har lagrat om dig. Kontakta v\u00e5r kundservice p\u00e5&nbsp;<a href=\"mailto:order@kulladal.com\" target=\"_blank\" rel=\"noreferrer noopener\">order@kulladal.com<\/a>&nbsp;om du har fr\u00e5gor kring detta. Informationen du l\u00e4mnar om dig sj\u00e4lv anv\u00e4nds av Kulladal Kitchens AB f\u00f6r betalning och leverans. Vi garanterar att inga uppgifter om dig kommer att s\u00e4ljas eller f\u00f6ras vidare till tredje part.<\/p><\/div>\n\n<div class=\"wp-block-group has-global-padding is-layout-constrained wp-block-group-is-layout-constrained\"><h3 class=\"wp-block-heading\" style=\"padding-top:var(--wp--preset--spacing--50);padding-right:0;padding-bottom:var(--wp--preset--spacing--30)\">FORCE MAJEURE<\/h3>\n\n<p class=\"has-medium-font-size\">Kulladal Kitchens och kund \u00e4r befriad fr\u00e5n ansvar f\u00f6r att fullg\u00f6ra sina f\u00f6rpliktelser enligt k\u00f6pvillkoren om fullg\u00f6randet f\u00f6rhindras eller v\u00e4sentligen f\u00f6rsv\u00e5ras av omst\u00e4ndighet som Kulladal Kitchens eller kund inte rimligen kan r\u00e5da \u00f6ver eller f\u00f6rutse (Force Majeure). F\u00f6ljande h\u00e4ndelser inkluderar naturkatastrofer, krig, myndighetsbeslut, strejker, blockader, pandemier, st\u00f6rningar i telekommunikationer, energif\u00f6rs\u00f6rjning eller transporter, eller andra h\u00e4ndelser som ligger utanf\u00f6r Kulladal Kitchens rimliga kontroll.<\/p><\/div><\/div>","protected":false},"excerpt":{"rendered":"<p>BEST\u00c4LLNING Bekr\u00e4ftelse skickas till den mailadress som du angivit vid best\u00e4llning genom v\u00e5r webbutik www.kulladal.com\/shop eller via order@kulladal.com. Denna orderbekr\u00e4ftelse \u00e4r en bekr\u00e4ftelse p\u00e5 att ett avtal ing\u00e5tts om k\u00f6p mellan dig och Kulladal Kitchens AB. Genomf\u00f6rd best\u00e4llning inneb\u00e4r ocks\u00e5 att du godk\u00e4nner v\u00e5ra k\u00f6pvillkor och samtycker till att namn och person- eller organisationsnummer registreras [&hellip;]<\/p>","protected":false},"author":1,"featured_media":8828,"parent":0,"menu_order":0,"comment_status":"closed","ping_status":"closed","template":"","meta":{"footnotes":""},"class_list":["post-8178","page","type-page","status-publish","has-post-thumbnail","hentry"],"yoast_head":"<!-- This site is optimized with the Yoast SEO plugin v24.3 - https:\/\/yoast.com\/wordpress\/plugins\/seo\/ -->\n<title>K\u00f6pvillkor - Kulladal<\/title>\n<meta name=\"robots\" content=\"index, follow, max-snippet:-1, max-image-preview:large, max-video-preview:-1\" \/>\n<link rel=\"canonical\" href=\"https:\/\/kulladal.com\/nb\/kopvillkor\/\" \/>\n<meta property=\"og:locale\" content=\"nb_NO\" \/>\n<meta property=\"og:type\" content=\"article\" \/>\n<meta property=\"og:title\" content=\"K\u00f6pvillkor - Kulladal\" \/>\n<meta property=\"og:description\" content=\"BEST\u00c4LLNING Bekr\u00e4ftelse skickas till den mailadress som du angivit vid best\u00e4llning genom v\u00e5r webbutik www.kulladal.com\/shop eller via order@kulladal.com. Denna orderbekr\u00e4ftelse \u00e4r en bekr\u00e4ftelse p\u00e5 att ett avtal ing\u00e5tts om k\u00f6p mellan dig och Kulladal Kitchens AB. Genomf\u00f6rd best\u00e4llning inneb\u00e4r ocks\u00e5 att du godk\u00e4nner v\u00e5ra k\u00f6pvillkor och samtycker till att namn och person- eller organisationsnummer registreras [&hellip;]\" \/>\n<meta property=\"og:url\" content=\"https:\/\/kulladal.com\/nb\/kopvillkor\/\" \/>\n<meta property=\"og:site_name\" content=\"Kulladal\" \/>\n<meta property=\"article:publisher\" content=\"https:\/\/www.facebook.com\/Kulladal20tal\" \/>\n<meta property=\"article:modified_time\" content=\"2025-02-14T08:45:50+00:00\" \/>\n<meta property=\"og:image\" content=\"https:\/\/kulladal.com\/wp-content\/uploads\/2025\/02\/230602vadstenagatan_lisawikstrand012-scaled.jpg\" \/>\n\t<meta property=\"og:image:width\" content=\"2560\" \/>\n\t<meta property=\"og:image:height\" content=\"1707\" \/>\n\t<meta property=\"og:image:type\" content=\"image\/jpeg\" \/>\n<meta name=\"twitter:card\" content=\"summary_large_image\" \/>\n<meta name=\"twitter:label1\" content=\"Ansl. lesetid\" \/>\n\t<meta name=\"twitter:data1\" content=\"3 minutter\" \/>\n<script type=\"application\/ld+json\" class=\"yoast-schema-graph\">{\"@context\":\"https:\/\/schema.org\",\"@graph\":[{\"@type\":\"Article\",\"@id\":\"https:\/\/kulladal.com\/kopvillkor\/#article\",\"isPartOf\":{\"@id\":\"https:\/\/kulladal.com\/kopvillkor\/\"},\"author\":{\"name\":\"vladimir\",\"@id\":\"https:\/\/kulladal.com\/nb\/#\/schema\/person\/f36df48262d3e40ef7de61ac362b7182\"},\"headline\":\"K\u00f6pvillkor\",\"datePublished\":\"2025-01-09T03:20:30+00:00\",\"dateModified\":\"2025-02-14T08:45:50+00:00\",\"mainEntityOfPage\":{\"@id\":\"https:\/\/kulladal.com\/kopvillkor\/\"},\"wordCount\":552,\"publisher\":{\"@id\":\"https:\/\/kulladal.com\/nb\/#organization\"},\"image\":{\"@id\":\"https:\/\/kulladal.com\/kopvillkor\/#primaryimage\"},\"thumbnailUrl\":\"https:\/\/kulladal.com\/wp-content\/uploads\/2025\/02\/230602vadstenagatan_lisawikstrand012-scaled.jpg\",\"inLanguage\":\"nb-NO\"},{\"@type\":\"WebPage\",\"@id\":\"https:\/\/kulladal.com\/kopvillkor\/\",\"url\":\"https:\/\/kulladal.com\/kopvillkor\/\",\"name\":\"K\u00f6pvillkor - Kulladal\",\"isPartOf\":{\"@id\":\"https:\/\/kulladal.com\/nb\/#website\"},\"primaryImageOfPage\":{\"@id\":\"https:\/\/kulladal.com\/kopvillkor\/#primaryimage\"},\"image\":{\"@id\":\"https:\/\/kulladal.com\/kopvillkor\/#primaryimage\"},\"thumbnailUrl\":\"https:\/\/kulladal.com\/wp-content\/uploads\/2025\/02\/230602vadstenagatan_lisawikstrand012-scaled.jpg\",\"datePublished\":\"2025-01-09T03:20:30+00:00\",\"dateModified\":\"2025-02-14T08:45:50+00:00\",\"breadcrumb\":{\"@id\":\"https:\/\/kulladal.com\/kopvillkor\/#breadcrumb\"},\"inLanguage\":\"nb-NO\",\"potentialAction\":[{\"@type\":\"ReadAction\",\"target\":[\"https:\/\/kulladal.com\/kopvillkor\/\"]}]},{\"@type\":\"ImageObject\",\"inLanguage\":\"nb-NO\",\"@id\":\"https:\/\/kulladal.com\/kopvillkor\/#primaryimage\",\"url\":\"https:\/\/kulladal.com\/wp-content\/uploads\/2025\/02\/230602vadstenagatan_lisawikstrand012-scaled.jpg\",\"contentUrl\":\"https:\/\/kulladal.com\/wp-content\/uploads\/2025\/02\/230602vadstenagatan_lisawikstrand012-scaled.jpg\",\"width\":2560,\"height\":1707},{\"@type\":\"BreadcrumbList\",\"@id\":\"https:\/\/kulladal.com\/kopvillkor\/#breadcrumb\",\"itemListElement\":[{\"@type\":\"ListItem\",\"position\":1,\"name\":\"Home\",\"item\":\"https:\/\/kulladal.com\/\"},{\"@type\":\"ListItem\",\"position\":2,\"name\":\"K\u00f6pvillkor\"}]},{\"@type\":\"WebSite\",\"@id\":\"https:\/\/kulladal.com\/nb\/#website\",\"url\":\"https:\/\/kulladal.com\/nb\/\",\"name\":\"Kulladal\",\"description\":\"Unika k\u00f6k i klassisk stil.\",\"publisher\":{\"@id\":\"https:\/\/kulladal.com\/nb\/#organization\"},\"potentialAction\":[{\"@type\":\"SearchAction\",\"target\":{\"@type\":\"EntryPoint\",\"urlTemplate\":\"https:\/\/kulladal.com\/nb\/?s={search_term_string}\"},\"query-input\":{\"@type\":\"PropertyValueSpecification\",\"valueRequired\":true,\"valueName\":\"search_term_string\"}}],\"inLanguage\":\"nb-NO\"},{\"@type\":\"Organization\",\"@id\":\"https:\/\/kulladal.com\/nb\/#organization\",\"name\":\"Kulladal Kitchens AB\",\"alternateName\":\"Kulladal\",\"url\":\"https:\/\/kulladal.com\/nb\/\",\"logo\":{\"@type\":\"ImageObject\",\"inLanguage\":\"nb-NO\",\"@id\":\"https:\/\/kulladal.com\/nb\/#\/schema\/logo\/image\/\",\"url\":\"https:\/\/kulladal.com\/wp-content\/uploads\/2023\/10\/logo_kulladal_classic_kitchens_white.png\",\"contentUrl\":\"https:\/\/kulladal.com\/wp-content\/uploads\/2023\/10\/logo_kulladal_classic_kitchens_white.png\",\"width\":823,\"height\":551,\"caption\":\"Kulladal Kitchens AB\"},\"image\":{\"@id\":\"https:\/\/kulladal.com\/nb\/#\/schema\/logo\/image\/\"},\"sameAs\":[\"https:\/\/www.facebook.com\/Kulladal20tal\",\"https:\/\/www.instagram.com\/kulladalkitchens\/\",\"https:\/\/www.youtube.com\/channel\/UCBwmfSKz31E6bpnxNFTrbRQ\",\"https:\/\/se.pinterest.com\/kulladalkitchens\/\"]},{\"@type\":\"Person\",\"@id\":\"https:\/\/kulladal.com\/nb\/#\/schema\/person\/f36df48262d3e40ef7de61ac362b7182\",\"name\":\"vladimir\",\"image\":{\"@type\":\"ImageObject\",\"inLanguage\":\"nb-NO\",\"@id\":\"https:\/\/kulladal.com\/nb\/#\/schema\/person\/image\/\",\"url\":\"https:\/\/secure.gravatar.com\/avatar\/76d911c5015ed6608857f010d05910554d962cd840fe1be7fca1fae28eef9da2?s=96&d=mm&r=g\",\"contentUrl\":\"https:\/\/secure.gravatar.com\/avatar\/76d911c5015ed6608857f010d05910554d962cd840fe1be7fca1fae28eef9da2?s=96&d=mm&r=g\",\"caption\":\"vladimir\"},\"sameAs\":[\"https:\/\/kulladal.com\"],\"url\":\"https:\/\/kulladal.com\/nb\/author\/vladimir\/\"}]}<\/script>\n<!-- \/ Yoast SEO plugin. -->","yoast_head_json":{"title":"K\u00f6pvillkor - Kulladal","robots":{"index":"index","follow":"follow","max-snippet":"max-snippet:-1","max-image-preview":"max-image-preview:large","max-video-preview":"max-video-preview:-1"},"canonical":"https:\/\/kulladal.com\/nb\/kopvillkor\/","og_locale":"nb_NO","og_type":"article","og_title":"K\u00f6pvillkor - Kulladal","og_description":"BEST\u00c4LLNING Bekr\u00e4ftelse skickas till den mailadress som du angivit vid best\u00e4llning genom v\u00e5r webbutik www.kulladal.com\/shop eller via order@kulladal.com. Denna orderbekr\u00e4ftelse \u00e4r en bekr\u00e4ftelse p\u00e5 att ett avtal ing\u00e5tts om k\u00f6p mellan dig och Kulladal Kitchens AB. Genomf\u00f6rd best\u00e4llning inneb\u00e4r ocks\u00e5 att du godk\u00e4nner v\u00e5ra k\u00f6pvillkor och samtycker till att namn och person- eller organisationsnummer registreras [&hellip;]","og_url":"https:\/\/kulladal.com\/nb\/kopvillkor\/","og_site_name":"Kulladal","article_publisher":"https:\/\/www.facebook.com\/Kulladal20tal","article_modified_time":"2025-02-14T08:45:50+00:00","og_image":[{"width":2560,"height":1707,"url":"https:\/\/kulladal.com\/wp-content\/uploads\/2025\/02\/230602vadstenagatan_lisawikstrand012-scaled.jpg","type":"image\/jpeg"}],"twitter_card":"summary_large_image","twitter_misc":{"Ansl. lesetid":"3 minutter"},"schema":{"@context":"https:\/\/schema.org","@graph":[{"@type":"Article","@id":"https:\/\/kulladal.com\/kopvillkor\/#article","isPartOf":{"@id":"https:\/\/kulladal.com\/kopvillkor\/"},"author":{"name":"vladimir","@id":"https:\/\/kulladal.com\/nb\/#\/schema\/person\/f36df48262d3e40ef7de61ac362b7182"},"headline":"K\u00f6pvillkor","datePublished":"2025-01-09T03:20:30+00:00","dateModified":"2025-02-14T08:45:50+00:00","mainEntityOfPage":{"@id":"https:\/\/kulladal.com\/kopvillkor\/"},"wordCount":552,"publisher":{"@id":"https:\/\/kulladal.com\/nb\/#organization"},"image":{"@id":"https:\/\/kulladal.com\/kopvillkor\/#primaryimage"},"thumbnailUrl":"https:\/\/kulladal.com\/wp-content\/uploads\/2025\/02\/230602vadstenagatan_lisawikstrand012-scaled.jpg","inLanguage":"nb-NO"},{"@type":"WebPage","@id":"https:\/\/kulladal.com\/kopvillkor\/","url":"https:\/\/kulladal.com\/kopvillkor\/","name":"K\u00f6pvillkor - Kulladal","isPartOf":{"@id":"https:\/\/kulladal.com\/nb\/#website"},"primaryImageOfPage":{"@id":"https:\/\/kulladal.com\/kopvillkor\/#primaryimage"},"image":{"@id":"https:\/\/kulladal.com\/kopvillkor\/#primaryimage"},"thumbnailUrl":"https:\/\/kulladal.com\/wp-content\/uploads\/2025\/02\/230602vadstenagatan_lisawikstrand012-scaled.jpg","datePublished":"2025-01-09T03:20:30+00:00","dateModified":"2025-02-14T08:45:50+00:00","breadcrumb":{"@id":"https:\/\/kulladal.com\/kopvillkor\/#breadcrumb"},"inLanguage":"nb-NO","potentialAction":[{"@type":"ReadAction","target":["https:\/\/kulladal.com\/kopvillkor\/"]}]},{"@type":"ImageObject","inLanguage":"nb-NO","@id":"https:\/\/kulladal.com\/kopvillkor\/#primaryimage","url":"https:\/\/kulladal.com\/wp-content\/uploads\/2025\/02\/230602vadstenagatan_lisawikstrand012-scaled.jpg","contentUrl":"https:\/\/kulladal.com\/wp-content\/uploads\/2025\/02\/230602vadstenagatan_lisawikstrand012-scaled.jpg","width":2560,"height":1707},{"@type":"BreadcrumbList","@id":"https:\/\/kulladal.com\/kopvillkor\/#breadcrumb","itemListElement":[{"@type":"ListItem","position":1,"name":"Home","item":"https:\/\/kulladal.com\/"},{"@type":"ListItem","position":2,"name":"K\u00f6pvillkor"}]},{"@type":"WebSite","@id":"https:\/\/kulladal.com\/nb\/#website","url":"https:\/\/kulladal.com\/nb\/","name":"Kulladal","description":"Unika k\u00f6k i klassisk stil.","publisher":{"@id":"https:\/\/kulladal.com\/nb\/#organization"},"potentialAction":[{"@type":"SearchAction","target":{"@type":"EntryPoint","urlTemplate":"https:\/\/kulladal.com\/nb\/?s={search_term_string}"},"query-input":{"@type":"PropertyValueSpecification","valueRequired":true,"valueName":"search_term_string"}}],"inLanguage":"nb-NO"},{"@type":"Organization","@id":"https:\/\/kulladal.com\/nb\/#organization","name":"Kulladal Kitchens AB","alternateName":"Kulladal","url":"https:\/\/kulladal.com\/nb\/","logo":{"@type":"ImageObject","inLanguage":"nb-NO","@id":"https:\/\/kulladal.com\/nb\/#\/schema\/logo\/image\/","url":"https:\/\/kulladal.com\/wp-content\/uploads\/2023\/10\/logo_kulladal_classic_kitchens_white.png","contentUrl":"https:\/\/kulladal.com\/wp-content\/uploads\/2023\/10\/logo_kulladal_classic_kitchens_white.png","width":823,"height":551,"caption":"Kulladal Kitchens AB"},"image":{"@id":"https:\/\/kulladal.com\/nb\/#\/schema\/logo\/image\/"},"sameAs":["https:\/\/www.facebook.com\/Kulladal20tal","https:\/\/www.instagram.com\/kulladalkitchens\/","https:\/\/www.youtube.com\/channel\/UCBwmfSKz31E6bpnxNFTrbRQ","https:\/\/se.pinterest.com\/kulladalkitchens\/"]},{"@type":"Person","@id":"https:\/\/kulladal.com\/nb\/#\/schema\/person\/f36df48262d3e40ef7de61ac362b7182","name":"vladimir","image":{"@type":"ImageObject","inLanguage":"nb-NO","@id":"https:\/\/kulladal.com\/nb\/#\/schema\/person\/image\/","url":"https:\/\/secure.gravatar.com\/avatar\/76d911c5015ed6608857f010d05910554d962cd840fe1be7fca1fae28eef9da2?s=96&d=mm&r=g","contentUrl":"https:\/\/secure.gravatar.com\/avatar\/76d911c5015ed6608857f010d05910554d962cd840fe1be7fca1fae28eef9da2?s=96&d=mm&r=g","caption":"vladimir"},"sameAs":["https:\/\/kulladal.com"],"url":"https:\/\/kulladal.com\/nb\/author\/vladimir\/"}]}},"_links":{"self":[{"href":"https:\/\/kulladal.com\/nb\/wp-json\/wp\/v2\/pages\/8178","targetHints":{"allow":["GET"]}}],"collection":[{"href":"https:\/\/kulladal.com\/nb\/wp-json\/wp\/v2\/pages"}],"about":[{"href":"https:\/\/kulladal.com\/nb\/wp-json\/wp\/v2\/types\/page"}],"author":[{"embeddable":true,"href":"https:\/\/kulladal.com\/nb\/wp-json\/wp\/v2\/users\/1"}],"replies":[{"embeddable":true,"href":"https:\/\/kulladal.com\/nb\/wp-json\/wp\/v2\/comments?post=8178"}],"version-history":[{"count":24,"href":"https:\/\/kulladal.com\/nb\/wp-json\/wp\/v2\/pages\/8178\/revisions"}],"predecessor-version":[{"id":8767,"href":"https:\/\/kulladal.com\/nb\/wp-json\/wp\/v2\/pages\/8178\/revisions\/8767"}],"wp:featuredmedia":[{"embeddable":true,"href":"https:\/\/kulladal.com\/nb\/wp-json\/wp\/v2\/media\/8828"}],"wp:attachment":[{"href":"https:\/\/kulladal.com\/nb\/wp-json\/wp\/v2\/media?parent=8178"}],"curies":[{"name":"wp","href":"https:\/\/api.w.org\/{rel}","templated":true}]}}