{"id":54,"date":"2023-10-06T07:36:05","date_gmt":"2023-10-06T05:36:05","guid":{"rendered":"https:\/\/kulladalkitchens.com\/historien-om-kulladal\/"},"modified":"2025-04-03T09:56:04","modified_gmt":"2025-04-03T07:56:04","slug":"historien-om-kulladal","status":"publish","type":"page","link":"https:\/\/kulladal.com\/nb\/historien-om-kulladal\/","title":{"rendered":"Historien om Kulladal"},"content":{"rendered":"<div class=\"wp-block-group alignfull has-base-background-color has-background has-global-padding is-layout-constrained wp-container-core-group-is-layout-637e0b08 wp-block-group-is-layout-constrained\" style=\"padding-top:var(--wp--preset--spacing--50);padding-right:var(--wp--preset--spacing--30);padding-bottom:var(--wp--preset--spacing--50);padding-left:var(--wp--preset--spacing--30)\"><h1 class=\"wp-block-heading has-text-align-center\">Historien om Kulladal.<\/h1>\n\n<p class=\"has-text-align-center has-medium-font-size\" style=\"padding-top:var(--wp--preset--spacing--30)\">Vi har l\u00e5nt navnet v\u00e5rt fra bydelen Kulladal, som ligger noen kilometer s\u00f8r for Malm\u00f6 sentrum. Omr\u00e5det begynte \u00e5 vokse opp for rundt 200 \u00e5r siden, langs den tusen \u00e5r gamle landeveien som f\u00f8rer inn til byen.<\/p>\n\n<p class=\"has-text-align-center has-medium-font-size\" style=\"padding-top:var(--wp--preset--spacing--30);padding-bottom:var(--wp--preset--spacing--30)\">F\u00f8rst var det bare noen f\u00e5 spredte hus og g\u00e5rder \u2013 i en av disse ble den kommende statsministeren Per-Albin Hansson f\u00f8dt p\u00e5 slutten av 1800-tallet. S\u00e5 slo ideene om \"husmannsplasser\" rot i marka: P\u00e5 1920-tallet vokste omr\u00e5det gjennom bygging av flere husmannsplasser.<\/p>\n\n<p class=\"has-text-align-center has-medium-font-size\">De tidligere jordene ble delt opp og ble til villatomter, hvor det ofte ble plantet frukttr\u00e6r. Kulladal Kitchens gr\u00fcnder Adam Haglund bor i et av disse 20-tallshusene.<\/p><\/div><div class=\"wp-block-cover alignfull is-light\" style=\"min-height:70vh;aspect-ratio:unset;\"><span aria-hidden=\"true\" class=\"wp-block-cover__background has-background-dim-20 has-background-dim\"><\/span><img loading=\"lazy\" decoding=\"async\" width=\"1280\" height=\"960\" class=\"wp-block-cover__image-background wp-image-2521\" alt=\"\" src=\"https:\/\/kulladal.com\/wp-content\/uploads\/2023\/10\/66A78D9F-E81C-46AF-9BDB-BB124351F18D.jpg\" data-object-fit=\"cover\" srcset=\"https:\/\/kulladal.com\/wp-content\/uploads\/2023\/10\/66A78D9F-E81C-46AF-9BDB-BB124351F18D.jpg 1280w, https:\/\/kulladal.com\/wp-content\/uploads\/2023\/10\/66A78D9F-E81C-46AF-9BDB-BB124351F18D-600x450.jpg 600w, https:\/\/kulladal.com\/wp-content\/uploads\/2023\/10\/66A78D9F-E81C-46AF-9BDB-BB124351F18D-300x225.jpg 300w, https:\/\/kulladal.com\/wp-content\/uploads\/2023\/10\/66A78D9F-E81C-46AF-9BDB-BB124351F18D-1024x768.jpg 1024w, https:\/\/kulladal.com\/wp-content\/uploads\/2023\/10\/66A78D9F-E81C-46AF-9BDB-BB124351F18D-768x576.jpg 768w, https:\/\/kulladal.com\/wp-content\/uploads\/2023\/10\/66A78D9F-E81C-46AF-9BDB-BB124351F18D-16x12.jpg 16w\" sizes=\"auto, (max-width: 1280px) 100vw, 1280px\" \/><div class=\"wp-block-cover__inner-container has-global-padding is-layout-constrained wp-block-cover-is-layout-constrained\"><h2 class=\"wp-block-heading alignwide has-text-align-center has-base-color has-text-color\" style=\"font-size:clamp(1.743rem, 1.743rem + ((1vw - 0.2rem) * 3.795), 3rem);\">F\u00f8rste gang jeg s\u00e5 et heltre-kj\u00f8kken...<\/h2><\/div><\/div><div class=\"wp-block-group alignwide has-global-padding is-layout-constrained wp-container-core-group-is-layout-8803e7a2 wp-block-group-is-layout-constrained\" style=\"padding-top:var(--wp--preset--spacing--60);padding-right:var(--wp--preset--spacing--30);padding-bottom:var(--wp--preset--spacing--60);padding-left:var(--wp--preset--spacing--30)\"><p class=\"has-medium-font-size\" style=\"padding-top:0;padding-bottom:var(--wp--preset--spacing--30)\"><em>\"En venn hadde delt et bilde p\u00e5 Facebook: Et nybygd kj\u00f8kken som s\u00e5 gammelt ut. Bygget av massiv furu, h\u00e5ndmalt. Wow!<\/em><\/p>\n\n<p class=\"has-medium-font-size\" style=\"padding-top:0;padding-bottom:var(--wp--preset--spacing--30)\"><em>Jeg mistet pusten. Jeg hadde aldri sett noe lignende. Jeg visste ikke engang at slike kj\u00f8kken kunne bygges i dag. Men jeg visste i det \u00f8yeblikket at jeg aldri ville n\u00f8ye meg med noe annet.<\/em><\/p>\n\n<p class=\"has-medium-font-size\" style=\"padding-top:0;padding-bottom:var(--wp--preset--spacing--30)\"><em>Kona og jeg var midt i en husoppussing, og neste p\u00e5 listen var kj\u00f8kkenet \u2013 et sponplatekj\u00f8kken fra 70-tallet skulle skiftes ut. Skal vi kj\u00f8pe IKEA-rammer og bytte d\u00f8rer? Eller kj\u00f8pe fra et annet kjent kj\u00f8kkenfirma? Vel... tenk om vi kunne kj\u00f8pe et heltre-kj\u00f8kken i stedet!<\/em><\/p>\n\n<p class=\"has-medium-font-size\" style=\"padding-top:0;padding-bottom:var(--wp--preset--spacing--30)\"><em>Jeg tok kontakt med snekkeren som bygde kj\u00f8kkenet som jeg s\u00e5 p\u00e5 bildene. Han hjalp meg med \u00e5 designe et nytt kj\u00f8kken til huset v\u00e5rt. Det var flere m\u00f8ter og e-postsamtaler. Vi ble kjent med hverandre. Et halvt \u00e5r senere begynte vi \u00e5 jobbe sammen og jeg endte opp i kj\u00f8kkenbransjen.<\/em><\/p>\n\n<p class=\"has-medium-font-size\" style=\"padding-top:0;padding-bottom:var(--wp--preset--spacing--30)\"><em>Men f\u00f8r det skulle kj\u00f8kkenet til huset mitt bygges. Jeg fant et snekkerverksted, sendte dem tegningene, og trodde alt ville ordne seg. Men det viste seg \u00e5 v\u00e6re en ganske kronglete prosess, med flere misforst\u00e5elser underveis. Jeg hadde aldri ledet noe lignende prosjekt og gjorde noen nybegynnerfeil.<\/em><\/p>\n\n<p class=\"has-medium-font-size\" style=\"padding-top:0;padding-bottom:var(--wp--preset--spacing--30)\"><em>Til slutt var kj\u00f8kkenet fortsatt p\u00e5 plass og jeg begynte \u00e5 tenke: Er det andre som er som meg, som setter pris p\u00e5 denne typen kj\u00f8kken? Jeg begynte \u00e5 tenke p\u00e5 hvor mye bedre kj\u00f8kkenprosessen kunne bli enn den jeg hadde selv. M\u00e5 det v\u00e6re s\u00e5 vanskelig? I \u00e5revis bar jeg disse tankene med meg. Hvordan kunne jeg med mine erfaringer hjelpe de som \u00f8nsker \u00e5 installere tidstypiske heltre-kj\u00f8kken i hjemmet sitt?<\/em><\/p>\n\n<p class=\"has-medium-font-size\" style=\"padding-top:0;padding-bottom:var(--wp--preset--spacing--30)\"><em>Hvordan kunne jeg hjelpe dem med \u00e5 f\u00e5 en smidig prosess fra den f\u00f8rste tegningen til det ferdige kj\u00f8kkenet? Og hvordan kunne produksjonsprosessen optimaliseres, slik at et kj\u00f8kken laget med gamle teknikker og av heltre som ikke blir mye dyrere enn et sponplatekj\u00f8kken?<\/em><\/p>\n\n<p class=\"has-medium-font-size\" style=\"padding-top:0;padding-bottom:var(--wp--preset--spacing--30)\"><em>Til slutt kom svarene til meg, ett etter ett. Da m\u00e5tte jeg sette i gang. Sommeren 2019 bestemte jeg meg for \u00e5 starte Kulladal.\"<\/em><\/p>\n\n<p class=\"has-medium-font-size\" style=\"padding-top:0;padding-bottom:var(--wp--preset--spacing--30)\">\/Adam Haglund<\/p><\/div>","protected":false},"excerpt":{"rendered":"<p>Historien om Kulladal. Vi har l\u00e5nat v\u00e5rt namn fr\u00e5n stadsdelen Kulladal som ligger n\u00e5gra kilometer s\u00f6der om centrala Malm\u00f6. Omr\u00e5det b\u00f6rjade v\u00e4xa upp f\u00f6r omkring 200 \u00e5r sedan, l\u00e4ngs den tusen\u00e5riga landsv\u00e4gen som leder in till stan. Till en b\u00f6rjan fanns bara n\u00e5gra utspridda hus och g\u00e5rdar \u2013 i ett av dessa f\u00f6ddes den blivande [&hellip;]<\/p>","protected":false},"author":9,"featured_media":1810,"parent":0,"menu_order":0,"comment_status":"closed","ping_status":"closed","template":"","meta":{"footnotes":""},"class_list":["post-54","page","type-page","status-publish","has-post-thumbnail","hentry"],"yoast_head":"<!-- This site is optimized with the Yoast SEO plugin v24.3 - https:\/\/yoast.com\/wordpress\/plugins\/seo\/ -->\n<title>Historien om Kulladal - Kulladal<\/title>\n<meta name=\"robots\" content=\"index, follow, max-snippet:-1, max-image-preview:large, max-video-preview:-1\" \/>\n<link rel=\"canonical\" href=\"https:\/\/kulladal.com\/nb\/historien-om-kulladal\/\" \/>\n<meta property=\"og:locale\" content=\"nb_NO\" \/>\n<meta property=\"og:type\" content=\"article\" \/>\n<meta property=\"og:title\" content=\"Historien om Kulladal - Kulladal\" \/>\n<meta property=\"og:description\" content=\"Historien om Kulladal. Vi har l\u00e5nat v\u00e5rt namn fr\u00e5n stadsdelen Kulladal som ligger n\u00e5gra kilometer s\u00f6der om centrala Malm\u00f6. Omr\u00e5det b\u00f6rjade v\u00e4xa upp f\u00f6r omkring 200 \u00e5r sedan, l\u00e4ngs den tusen\u00e5riga landsv\u00e4gen som leder in till stan. Till en b\u00f6rjan fanns bara n\u00e5gra utspridda hus och g\u00e5rdar \u2013 i ett av dessa f\u00f6ddes den blivande [&hellip;]\" \/>\n<meta property=\"og:url\" content=\"https:\/\/kulladal.com\/nb\/historien-om-kulladal\/\" \/>\n<meta property=\"og:site_name\" content=\"Kulladal\" \/>\n<meta property=\"article:publisher\" content=\"https:\/\/www.facebook.com\/Kulladal20tal\" \/>\n<meta property=\"article:modified_time\" content=\"2025-04-03T07:56:04+00:00\" \/>\n<meta property=\"og:image\" content=\"https:\/\/kulladal.com\/wp-content\/uploads\/2023\/08\/2181_f_kulladal_kulladal_14623428129.jpg\" \/>\n\t<meta property=\"og:image:width\" content=\"2500\" \/>\n\t<meta property=\"og:image:height\" content=\"1723\" \/>\n\t<meta property=\"og:image:type\" content=\"image\/jpeg\" \/>\n<meta name=\"twitter:card\" content=\"summary_large_image\" \/>\n<meta name=\"twitter:label1\" content=\"Ansl. lesetid\" \/>\n\t<meta name=\"twitter:data1\" content=\"3 minutter\" \/>\n<script type=\"application\/ld+json\" class=\"yoast-schema-graph\">{\"@context\":\"https:\/\/schema.org\",\"@graph\":[{\"@type\":\"Article\",\"@id\":\"https:\/\/kulladal.com\/historien-om-kulladal\/#article\",\"isPartOf\":{\"@id\":\"https:\/\/kulladal.com\/historien-om-kulladal\/\"},\"author\":{\"name\":\"Adam Haglund\",\"@id\":\"https:\/\/kulladal.com\/nb\/#\/schema\/person\/99d5e5583fb7f084126288f8356e51bb\"},\"headline\":\"Historien om Kulladal\",\"datePublished\":\"2023-10-06T05:36:05+00:00\",\"dateModified\":\"2025-04-03T07:56:04+00:00\",\"mainEntityOfPage\":{\"@id\":\"https:\/\/kulladal.com\/historien-om-kulladal\/\"},\"wordCount\":550,\"publisher\":{\"@id\":\"https:\/\/kulladal.com\/nb\/#organization\"},\"image\":{\"@id\":\"https:\/\/kulladal.com\/historien-om-kulladal\/#primaryimage\"},\"thumbnailUrl\":\"https:\/\/kulladal.com\/wp-content\/uploads\/2023\/08\/2181_f_kulladal_kulladal_14623428129.jpg\",\"inLanguage\":\"nb-NO\"},{\"@type\":\"WebPage\",\"@id\":\"https:\/\/kulladal.com\/historien-om-kulladal\/\",\"url\":\"https:\/\/kulladal.com\/historien-om-kulladal\/\",\"name\":\"Historien om Kulladal - Kulladal\",\"isPartOf\":{\"@id\":\"https:\/\/kulladal.com\/nb\/#website\"},\"primaryImageOfPage\":{\"@id\":\"https:\/\/kulladal.com\/historien-om-kulladal\/#primaryimage\"},\"image\":{\"@id\":\"https:\/\/kulladal.com\/historien-om-kulladal\/#primaryimage\"},\"thumbnailUrl\":\"https:\/\/kulladal.com\/wp-content\/uploads\/2023\/08\/2181_f_kulladal_kulladal_14623428129.jpg\",\"datePublished\":\"2023-10-06T05:36:05+00:00\",\"dateModified\":\"2025-04-03T07:56:04+00:00\",\"breadcrumb\":{\"@id\":\"https:\/\/kulladal.com\/historien-om-kulladal\/#breadcrumb\"},\"inLanguage\":\"nb-NO\",\"potentialAction\":[{\"@type\":\"ReadAction\",\"target\":[\"https:\/\/kulladal.com\/historien-om-kulladal\/\"]}]},{\"@type\":\"ImageObject\",\"inLanguage\":\"nb-NO\",\"@id\":\"https:\/\/kulladal.com\/historien-om-kulladal\/#primaryimage\",\"url\":\"https:\/\/kulladal.com\/wp-content\/uploads\/2023\/08\/2181_f_kulladal_kulladal_14623428129.jpg\",\"contentUrl\":\"https:\/\/kulladal.com\/wp-content\/uploads\/2023\/08\/2181_f_kulladal_kulladal_14623428129.jpg\",\"width\":2500,\"height\":1723},{\"@type\":\"BreadcrumbList\",\"@id\":\"https:\/\/kulladal.com\/historien-om-kulladal\/#breadcrumb\",\"itemListElement\":[{\"@type\":\"ListItem\",\"position\":1,\"name\":\"Home\",\"item\":\"https:\/\/kulladal.com\/\"},{\"@type\":\"ListItem\",\"position\":2,\"name\":\"Historien om Kulladal\"}]},{\"@type\":\"WebSite\",\"@id\":\"https:\/\/kulladal.com\/nb\/#website\",\"url\":\"https:\/\/kulladal.com\/nb\/\",\"name\":\"Kulladal\",\"description\":\"Unika k\u00f6k i klassisk stil.\",\"publisher\":{\"@id\":\"https:\/\/kulladal.com\/nb\/#organization\"},\"potentialAction\":[{\"@type\":\"SearchAction\",\"target\":{\"@type\":\"EntryPoint\",\"urlTemplate\":\"https:\/\/kulladal.com\/nb\/?s={search_term_string}\"},\"query-input\":{\"@type\":\"PropertyValueSpecification\",\"valueRequired\":true,\"valueName\":\"search_term_string\"}}],\"inLanguage\":\"nb-NO\"},{\"@type\":\"Organization\",\"@id\":\"https:\/\/kulladal.com\/nb\/#organization\",\"name\":\"Kulladal Kitchens AB\",\"alternateName\":\"Kulladal\",\"url\":\"https:\/\/kulladal.com\/nb\/\",\"logo\":{\"@type\":\"ImageObject\",\"inLanguage\":\"nb-NO\",\"@id\":\"https:\/\/kulladal.com\/nb\/#\/schema\/logo\/image\/\",\"url\":\"https:\/\/kulladal.com\/wp-content\/uploads\/2023\/10\/logo_kulladal_classic_kitchens_white.png\",\"contentUrl\":\"https:\/\/kulladal.com\/wp-content\/uploads\/2023\/10\/logo_kulladal_classic_kitchens_white.png\",\"width\":823,\"height\":551,\"caption\":\"Kulladal Kitchens AB\"},\"image\":{\"@id\":\"https:\/\/kulladal.com\/nb\/#\/schema\/logo\/image\/\"},\"sameAs\":[\"https:\/\/www.facebook.com\/Kulladal20tal\",\"https:\/\/www.instagram.com\/kulladalkitchens\/\",\"https:\/\/www.youtube.com\/channel\/UCBwmfSKz31E6bpnxNFTrbRQ\",\"https:\/\/se.pinterest.com\/kulladalkitchens\/\"]},{\"@type\":\"Person\",\"@id\":\"https:\/\/kulladal.com\/nb\/#\/schema\/person\/99d5e5583fb7f084126288f8356e51bb\",\"name\":\"Adam Haglund\",\"image\":{\"@type\":\"ImageObject\",\"inLanguage\":\"nb-NO\",\"@id\":\"https:\/\/kulladal.com\/nb\/#\/schema\/person\/image\/\",\"url\":\"https:\/\/secure.gravatar.com\/avatar\/b440dbde880c058e50f809d2166d38761e44a6d075c711e3a5fe31cb6b82eb87?s=96&d=mm&r=g\",\"contentUrl\":\"https:\/\/secure.gravatar.com\/avatar\/b440dbde880c058e50f809d2166d38761e44a6d075c711e3a5fe31cb6b82eb87?s=96&d=mm&r=g\",\"caption\":\"Adam Haglund\"},\"sameAs\":[\"https:\/\/kulladal.com\"],\"url\":\"https:\/\/kulladal.com\/nb\/author\/adam\/\"}]}<\/script>\n<!-- \/ Yoast SEO plugin. -->","yoast_head_json":{"title":"Historien om Kulladal - Kulladal","robots":{"index":"index","follow":"follow","max-snippet":"max-snippet:-1","max-image-preview":"max-image-preview:large","max-video-preview":"max-video-preview:-1"},"canonical":"https:\/\/kulladal.com\/nb\/historien-om-kulladal\/","og_locale":"nb_NO","og_type":"article","og_title":"Historien om Kulladal - Kulladal","og_description":"Historien om Kulladal. Vi har l\u00e5nat v\u00e5rt namn fr\u00e5n stadsdelen Kulladal som ligger n\u00e5gra kilometer s\u00f6der om centrala Malm\u00f6. Omr\u00e5det b\u00f6rjade v\u00e4xa upp f\u00f6r omkring 200 \u00e5r sedan, l\u00e4ngs den tusen\u00e5riga landsv\u00e4gen som leder in till stan. Till en b\u00f6rjan fanns bara n\u00e5gra utspridda hus och g\u00e5rdar \u2013 i ett av dessa f\u00f6ddes den blivande [&hellip;]","og_url":"https:\/\/kulladal.com\/nb\/historien-om-kulladal\/","og_site_name":"Kulladal","article_publisher":"https:\/\/www.facebook.com\/Kulladal20tal","article_modified_time":"2025-04-03T07:56:04+00:00","og_image":[{"width":2500,"height":1723,"url":"https:\/\/kulladal.com\/wp-content\/uploads\/2023\/08\/2181_f_kulladal_kulladal_14623428129.jpg","type":"image\/jpeg"}],"twitter_card":"summary_large_image","twitter_misc":{"Ansl. lesetid":"3 minutter"},"schema":{"@context":"https:\/\/schema.org","@graph":[{"@type":"Article","@id":"https:\/\/kulladal.com\/historien-om-kulladal\/#article","isPartOf":{"@id":"https:\/\/kulladal.com\/historien-om-kulladal\/"},"author":{"name":"Adam Haglund","@id":"https:\/\/kulladal.com\/nb\/#\/schema\/person\/99d5e5583fb7f084126288f8356e51bb"},"headline":"Historien om Kulladal","datePublished":"2023-10-06T05:36:05+00:00","dateModified":"2025-04-03T07:56:04+00:00","mainEntityOfPage":{"@id":"https:\/\/kulladal.com\/historien-om-kulladal\/"},"wordCount":550,"publisher":{"@id":"https:\/\/kulladal.com\/nb\/#organization"},"image":{"@id":"https:\/\/kulladal.com\/historien-om-kulladal\/#primaryimage"},"thumbnailUrl":"https:\/\/kulladal.com\/wp-content\/uploads\/2023\/08\/2181_f_kulladal_kulladal_14623428129.jpg","inLanguage":"nb-NO"},{"@type":"WebPage","@id":"https:\/\/kulladal.com\/historien-om-kulladal\/","url":"https:\/\/kulladal.com\/historien-om-kulladal\/","name":"Historien om Kulladal - Kulladal","isPartOf":{"@id":"https:\/\/kulladal.com\/nb\/#website"},"primaryImageOfPage":{"@id":"https:\/\/kulladal.com\/historien-om-kulladal\/#primaryimage"},"image":{"@id":"https:\/\/kulladal.com\/historien-om-kulladal\/#primaryimage"},"thumbnailUrl":"https:\/\/kulladal.com\/wp-content\/uploads\/2023\/08\/2181_f_kulladal_kulladal_14623428129.jpg","datePublished":"2023-10-06T05:36:05+00:00","dateModified":"2025-04-03T07:56:04+00:00","breadcrumb":{"@id":"https:\/\/kulladal.com\/historien-om-kulladal\/#breadcrumb"},"inLanguage":"nb-NO","potentialAction":[{"@type":"ReadAction","target":["https:\/\/kulladal.com\/historien-om-kulladal\/"]}]},{"@type":"ImageObject","inLanguage":"nb-NO","@id":"https:\/\/kulladal.com\/historien-om-kulladal\/#primaryimage","url":"https:\/\/kulladal.com\/wp-content\/uploads\/2023\/08\/2181_f_kulladal_kulladal_14623428129.jpg","contentUrl":"https:\/\/kulladal.com\/wp-content\/uploads\/2023\/08\/2181_f_kulladal_kulladal_14623428129.jpg","width":2500,"height":1723},{"@type":"BreadcrumbList","@id":"https:\/\/kulladal.com\/historien-om-kulladal\/#breadcrumb","itemListElement":[{"@type":"ListItem","position":1,"name":"Home","item":"https:\/\/kulladal.com\/"},{"@type":"ListItem","position":2,"name":"Historien om Kulladal"}]},{"@type":"WebSite","@id":"https:\/\/kulladal.com\/nb\/#website","url":"https:\/\/kulladal.com\/nb\/","name":"Kulladal","description":"Unika k\u00f6k i klassisk stil.","publisher":{"@id":"https:\/\/kulladal.com\/nb\/#organization"},"potentialAction":[{"@type":"SearchAction","target":{"@type":"EntryPoint","urlTemplate":"https:\/\/kulladal.com\/nb\/?s={search_term_string}"},"query-input":{"@type":"PropertyValueSpecification","valueRequired":true,"valueName":"search_term_string"}}],"inLanguage":"nb-NO"},{"@type":"Organization","@id":"https:\/\/kulladal.com\/nb\/#organization","name":"Kulladal Kitchens AB","alternateName":"Kulladal","url":"https:\/\/kulladal.com\/nb\/","logo":{"@type":"ImageObject","inLanguage":"nb-NO","@id":"https:\/\/kulladal.com\/nb\/#\/schema\/logo\/image\/","url":"https:\/\/kulladal.com\/wp-content\/uploads\/2023\/10\/logo_kulladal_classic_kitchens_white.png","contentUrl":"https:\/\/kulladal.com\/wp-content\/uploads\/2023\/10\/logo_kulladal_classic_kitchens_white.png","width":823,"height":551,"caption":"Kulladal Kitchens AB"},"image":{"@id":"https:\/\/kulladal.com\/nb\/#\/schema\/logo\/image\/"},"sameAs":["https:\/\/www.facebook.com\/Kulladal20tal","https:\/\/www.instagram.com\/kulladalkitchens\/","https:\/\/www.youtube.com\/channel\/UCBwmfSKz31E6bpnxNFTrbRQ","https:\/\/se.pinterest.com\/kulladalkitchens\/"]},{"@type":"Person","@id":"https:\/\/kulladal.com\/nb\/#\/schema\/person\/99d5e5583fb7f084126288f8356e51bb","name":"Adam Haglund","image":{"@type":"ImageObject","inLanguage":"nb-NO","@id":"https:\/\/kulladal.com\/nb\/#\/schema\/person\/image\/","url":"https:\/\/secure.gravatar.com\/avatar\/b440dbde880c058e50f809d2166d38761e44a6d075c711e3a5fe31cb6b82eb87?s=96&d=mm&r=g","contentUrl":"https:\/\/secure.gravatar.com\/avatar\/b440dbde880c058e50f809d2166d38761e44a6d075c711e3a5fe31cb6b82eb87?s=96&d=mm&r=g","caption":"Adam Haglund"},"sameAs":["https:\/\/kulladal.com"],"url":"https:\/\/kulladal.com\/nb\/author\/adam\/"}]}},"_links":{"self":[{"href":"https:\/\/kulladal.com\/nb\/wp-json\/wp\/v2\/pages\/54","targetHints":{"allow":["GET"]}}],"collection":[{"href":"https:\/\/kulladal.com\/nb\/wp-json\/wp\/v2\/pages"}],"about":[{"href":"https:\/\/kulladal.com\/nb\/wp-json\/wp\/v2\/types\/page"}],"author":[{"embeddable":true,"href":"https:\/\/kulladal.com\/nb\/wp-json\/wp\/v2\/users\/9"}],"replies":[{"embeddable":true,"href":"https:\/\/kulladal.com\/nb\/wp-json\/wp\/v2\/comments?post=54"}],"version-history":[{"count":9,"href":"https:\/\/kulladal.com\/nb\/wp-json\/wp\/v2\/pages\/54\/revisions"}],"predecessor-version":[{"id":3782,"href":"https:\/\/kulladal.com\/nb\/wp-json\/wp\/v2\/pages\/54\/revisions\/3782"}],"wp:featuredmedia":[{"embeddable":true,"href":"https:\/\/kulladal.com\/nb\/wp-json\/wp\/v2\/media\/1810"}],"wp:attachment":[{"href":"https:\/\/kulladal.com\/nb\/wp-json\/wp\/v2\/media?parent=54"}],"curies":[{"name":"wp","href":"https:\/\/api.w.org\/{rel}","templated":true}]}}