{"id":138,"date":"2023-10-06T07:36:07","date_gmt":"2023-10-06T05:36:07","guid":{"rendered":"https:\/\/kulladalkitchens.com\/new-page-1\/"},"modified":"2023-12-05T08:27:55","modified_gmt":"2023-12-05T07:27:55","slug":"snickerier","status":"publish","type":"page","link":"https:\/\/kulladal.com\/nb\/snickerier\/","title":{"rendered":"Snickerier"},"content":{"rendered":"<div class=\"wp-block-group alignfull has-base-background-color has-background has-global-padding is-layout-constrained wp-container-core-group-is-layout-3c3cd613 wp-block-group-is-layout-constrained\" style=\"padding-top:var(--wp--preset--spacing--80);padding-right:var(--wp--preset--spacing--30);padding-bottom:var(--wp--preset--spacing--40);padding-left:var(--wp--preset--spacing--30)\"><h2 class=\"wp-block-heading\" style=\"padding-top:var(--wp--preset--spacing--50)\">Snickerier.<\/h2>\n\n<p class=\"has-small-font-size\" style=\"padding-top:var(--wp--preset--spacing--30);padding-bottom:var(--wp--preset--spacing--30)\">Alltsedan starten 2019 har Kulladals k\u00f6k produceras i sm\u00e5 snickerier i Litauen och Istanbul, Turkiet. Det \u00e4r l\u00e4nder med stark historia inom tr\u00e4hantverk och m\u00f6belproduktion.<\/p>\n\n<p class=\"has-small-font-size\">Snickerierna \u00e4r sj\u00e4lvst\u00e4ndiga underleverant\u00f6rer, som vi har starka relationer med. Flera av snickarna har jobbat med v\u00e5ra k\u00f6k sedan starten, de \u00e4r v\u00e4l f\u00f6rtrogna med alla Kulladals detaljer och kvalitetskrav. Snickerierna \u00e4r sm\u00e5, 5-10 anst\u00e4llda.<\/p>\n\n<p class=\"has-small-font-size\" style=\"padding-top:var(--wp--preset--spacing--30);padding-bottom:var(--wp--preset--spacing--40)\">Tillverkning utomlands \u00e4r kostnadseffektivt. Du som kund f\u00e5r helt enkelt mer f\u00f6r pengarna \u2013 ett Kulladalsk\u00f6k tar betydligt fler timmar att tillverka j\u00e4mf\u00f6rt med de flesta andra k\u00f6k p\u00e5 marknaden. Detta avspeglar sig i ett mer gediget hantverk, extra fina detaljer och den finaste tr\u00e4r\u00e5varan.<\/p><\/div><div class=\"wp-block-group alignfull has-background has-global-padding is-layout-constrained wp-container-core-group-is-layout-5bfee22d wp-block-group-is-layout-constrained\" style=\"background-color:#f4f5f2;padding-top:0;padding-bottom:0\"><div class=\"wp-block-cover alignfull is-light\" style=\"min-height:40vh;aspect-ratio:unset;\"><span aria-hidden=\"true\" class=\"wp-block-cover__background has-background-dim-20 has-background-dim\"><\/span><img loading=\"lazy\" decoding=\"async\" width=\"1916\" height=\"2560\" class=\"wp-block-cover__image-background wp-image-1911\" alt=\"\" src=\"https:\/\/kulladal.com\/wp-content\/uploads\/2023\/08\/IMG_1300-scaled.jpg\" data-object-fit=\"cover\" srcset=\"https:\/\/kulladal.com\/wp-content\/uploads\/2023\/08\/IMG_1300-scaled.jpg 1916w, https:\/\/kulladal.com\/wp-content\/uploads\/2023\/08\/IMG_1300-scaled-600x802.jpg 600w, https:\/\/kulladal.com\/wp-content\/uploads\/2023\/08\/IMG_1300-224x300.jpg 224w, https:\/\/kulladal.com\/wp-content\/uploads\/2023\/08\/IMG_1300-766x1024.jpg 766w, https:\/\/kulladal.com\/wp-content\/uploads\/2023\/08\/IMG_1300-768x1026.jpg 768w, https:\/\/kulladal.com\/wp-content\/uploads\/2023\/08\/IMG_1300-1149x1536.jpg 1149w, https:\/\/kulladal.com\/wp-content\/uploads\/2023\/08\/IMG_1300-1532x2048.jpg 1532w, https:\/\/kulladal.com\/wp-content\/uploads\/2023\/08\/IMG_1300-9x12.jpg 9w\" sizes=\"auto, (max-width: 1916px) 100vw, 1916px\" \/><div class=\"wp-block-cover__inner-container has-global-padding is-layout-constrained wp-container-core-cover-is-layout-abb6fe41 wp-block-cover-is-layout-constrained\"><h2 class=\"wp-block-heading has-text-align-center has-base-color has-text-color\" style=\"padding-bottom:var(--wp--preset--spacing--50);font-size:clamp(1.743rem, 1.743rem + ((1vw - 0.2rem) * 3.795), 3rem);\">Planera ditt k\u00f6k tillsammans med oss!<\/h2>\n\n<div class=\"wp-block-buttons is-content-justification-center is-layout-flex wp-container-core-buttons-is-layout-a89b3969 wp-block-buttons-is-layout-flex\"><div class=\"wp-block-button\"><a class=\"wp-block-button__link has-contrast-color has-base-background-color has-text-color has-background wp-element-button\" href=\"https:\/\/kulladal.com\/nb\/processen\/\">PROCESSEN<\/a><\/div><\/div><\/div><\/div><\/div>","protected":false},"excerpt":{"rendered":"<p>Snickerier. Alltsedan starten 2019 har Kulladals k\u00f6k produceras i sm\u00e5 snickerier i Litauen och Istanbul, Turkiet. Det \u00e4r l\u00e4nder med stark historia inom tr\u00e4hantverk och m\u00f6belproduktion. Snickerierna \u00e4r sj\u00e4lvst\u00e4ndiga underleverant\u00f6rer, som vi har starka relationer med. Flera av snickarna har jobbat med v\u00e5ra k\u00f6k sedan starten, de \u00e4r v\u00e4l f\u00f6rtrogna med alla Kulladals detaljer och [&hellip;]<\/p>","protected":false},"author":9,"featured_media":1963,"parent":0,"menu_order":0,"comment_status":"closed","ping_status":"closed","template":"","meta":{"footnotes":""},"class_list":["post-138","page","type-page","status-publish","has-post-thumbnail","hentry"],"yoast_head":"<!-- This site is optimized with the Yoast SEO plugin v24.3 - https:\/\/yoast.com\/wordpress\/plugins\/seo\/ -->\n<title>Snickerier - Kulladal<\/title>\n<meta name=\"robots\" content=\"index, follow, max-snippet:-1, max-image-preview:large, max-video-preview:-1\" \/>\n<link rel=\"canonical\" href=\"https:\/\/kulladal.com\/nb\/snickerier\/\" \/>\n<meta property=\"og:locale\" content=\"nb_NO\" \/>\n<meta property=\"og:type\" content=\"article\" \/>\n<meta property=\"og:title\" content=\"Snickerier - Kulladal\" \/>\n<meta property=\"og:description\" content=\"Snickerier. Alltsedan starten 2019 har Kulladals k\u00f6k produceras i sm\u00e5 snickerier i Litauen och Istanbul, Turkiet. Det \u00e4r l\u00e4nder med stark historia inom tr\u00e4hantverk och m\u00f6belproduktion. Snickerierna \u00e4r sj\u00e4lvst\u00e4ndiga underleverant\u00f6rer, som vi har starka relationer med. Flera av snickarna har jobbat med v\u00e5ra k\u00f6k sedan starten, de \u00e4r v\u00e4l f\u00f6rtrogna med alla Kulladals detaljer och [&hellip;]\" \/>\n<meta property=\"og:url\" content=\"https:\/\/kulladal.com\/nb\/snickerier\/\" \/>\n<meta property=\"og:site_name\" content=\"Kulladal\" \/>\n<meta property=\"article:publisher\" content=\"https:\/\/www.facebook.com\/Kulladal20tal\" \/>\n<meta property=\"article:modified_time\" content=\"2023-12-05T07:27:55+00:00\" \/>\n<meta property=\"og:image\" content=\"https:\/\/kulladal.com\/wp-content\/uploads\/2023\/08\/snickeri.jpg\" \/>\n\t<meta property=\"og:image:width\" content=\"1500\" \/>\n\t<meta property=\"og:image:height\" content=\"2250\" \/>\n\t<meta property=\"og:image:type\" content=\"image\/jpeg\" \/>\n<meta name=\"twitter:card\" content=\"summary_large_image\" \/>\n<meta name=\"twitter:label1\" content=\"Ansl. lesetid\" \/>\n\t<meta name=\"twitter:data1\" content=\"1 minutt\" \/>\n<script type=\"application\/ld+json\" class=\"yoast-schema-graph\">{\"@context\":\"https:\/\/schema.org\",\"@graph\":[{\"@type\":\"Article\",\"@id\":\"https:\/\/kulladal.com\/snickerier\/#article\",\"isPartOf\":{\"@id\":\"https:\/\/kulladal.com\/snickerier\/\"},\"author\":{\"name\":\"Adam Haglund\",\"@id\":\"https:\/\/kulladal.com\/nb\/#\/schema\/person\/99d5e5583fb7f084126288f8356e51bb\"},\"headline\":\"Snickerier\",\"datePublished\":\"2023-10-06T05:36:07+00:00\",\"dateModified\":\"2023-12-05T07:27:55+00:00\",\"mainEntityOfPage\":{\"@id\":\"https:\/\/kulladal.com\/snickerier\/\"},\"wordCount\":133,\"publisher\":{\"@id\":\"https:\/\/kulladal.com\/nb\/#organization\"},\"image\":{\"@id\":\"https:\/\/kulladal.com\/snickerier\/#primaryimage\"},\"thumbnailUrl\":\"https:\/\/kulladal.com\/wp-content\/uploads\/2023\/08\/snickeri.jpg\",\"inLanguage\":\"nb-NO\"},{\"@type\":\"WebPage\",\"@id\":\"https:\/\/kulladal.com\/snickerier\/\",\"url\":\"https:\/\/kulladal.com\/snickerier\/\",\"name\":\"Snickerier - Kulladal\",\"isPartOf\":{\"@id\":\"https:\/\/kulladal.com\/nb\/#website\"},\"primaryImageOfPage\":{\"@id\":\"https:\/\/kulladal.com\/snickerier\/#primaryimage\"},\"image\":{\"@id\":\"https:\/\/kulladal.com\/snickerier\/#primaryimage\"},\"thumbnailUrl\":\"https:\/\/kulladal.com\/wp-content\/uploads\/2023\/08\/snickeri.jpg\",\"datePublished\":\"2023-10-06T05:36:07+00:00\",\"dateModified\":\"2023-12-05T07:27:55+00:00\",\"breadcrumb\":{\"@id\":\"https:\/\/kulladal.com\/snickerier\/#breadcrumb\"},\"inLanguage\":\"nb-NO\",\"potentialAction\":[{\"@type\":\"ReadAction\",\"target\":[\"https:\/\/kulladal.com\/snickerier\/\"]}]},{\"@type\":\"ImageObject\",\"inLanguage\":\"nb-NO\",\"@id\":\"https:\/\/kulladal.com\/snickerier\/#primaryimage\",\"url\":\"https:\/\/kulladal.com\/wp-content\/uploads\/2023\/08\/snickeri.jpg\",\"contentUrl\":\"https:\/\/kulladal.com\/wp-content\/uploads\/2023\/08\/snickeri.jpg\",\"width\":1500,\"height\":2250},{\"@type\":\"BreadcrumbList\",\"@id\":\"https:\/\/kulladal.com\/snickerier\/#breadcrumb\",\"itemListElement\":[{\"@type\":\"ListItem\",\"position\":1,\"name\":\"Home\",\"item\":\"https:\/\/kulladal.com\/\"},{\"@type\":\"ListItem\",\"position\":2,\"name\":\"Snickerier\"}]},{\"@type\":\"WebSite\",\"@id\":\"https:\/\/kulladal.com\/nb\/#website\",\"url\":\"https:\/\/kulladal.com\/nb\/\",\"name\":\"Kulladal\",\"description\":\"Unika k\u00f6k i klassisk stil.\",\"publisher\":{\"@id\":\"https:\/\/kulladal.com\/nb\/#organization\"},\"potentialAction\":[{\"@type\":\"SearchAction\",\"target\":{\"@type\":\"EntryPoint\",\"urlTemplate\":\"https:\/\/kulladal.com\/nb\/?s={search_term_string}\"},\"query-input\":{\"@type\":\"PropertyValueSpecification\",\"valueRequired\":true,\"valueName\":\"search_term_string\"}}],\"inLanguage\":\"nb-NO\"},{\"@type\":\"Organization\",\"@id\":\"https:\/\/kulladal.com\/nb\/#organization\",\"name\":\"Kulladal Kitchens AB\",\"alternateName\":\"Kulladal\",\"url\":\"https:\/\/kulladal.com\/nb\/\",\"logo\":{\"@type\":\"ImageObject\",\"inLanguage\":\"nb-NO\",\"@id\":\"https:\/\/kulladal.com\/nb\/#\/schema\/logo\/image\/\",\"url\":\"https:\/\/kulladal.com\/wp-content\/uploads\/2023\/10\/logo_kulladal_classic_kitchens_white.png\",\"contentUrl\":\"https:\/\/kulladal.com\/wp-content\/uploads\/2023\/10\/logo_kulladal_classic_kitchens_white.png\",\"width\":823,\"height\":551,\"caption\":\"Kulladal Kitchens AB\"},\"image\":{\"@id\":\"https:\/\/kulladal.com\/nb\/#\/schema\/logo\/image\/\"},\"sameAs\":[\"https:\/\/www.facebook.com\/Kulladal20tal\",\"https:\/\/www.instagram.com\/kulladalkitchens\/\",\"https:\/\/www.youtube.com\/channel\/UCBwmfSKz31E6bpnxNFTrbRQ\",\"https:\/\/se.pinterest.com\/kulladalkitchens\/\"]},{\"@type\":\"Person\",\"@id\":\"https:\/\/kulladal.com\/nb\/#\/schema\/person\/99d5e5583fb7f084126288f8356e51bb\",\"name\":\"Adam Haglund\",\"image\":{\"@type\":\"ImageObject\",\"inLanguage\":\"nb-NO\",\"@id\":\"https:\/\/kulladal.com\/nb\/#\/schema\/person\/image\/\",\"url\":\"https:\/\/secure.gravatar.com\/avatar\/b440dbde880c058e50f809d2166d38761e44a6d075c711e3a5fe31cb6b82eb87?s=96&d=mm&r=g\",\"contentUrl\":\"https:\/\/secure.gravatar.com\/avatar\/b440dbde880c058e50f809d2166d38761e44a6d075c711e3a5fe31cb6b82eb87?s=96&d=mm&r=g\",\"caption\":\"Adam Haglund\"},\"sameAs\":[\"https:\/\/kulladal.com\"],\"url\":\"https:\/\/kulladal.com\/nb\/author\/adam\/\"}]}<\/script>\n<!-- \/ Yoast SEO plugin. -->","yoast_head_json":{"title":"Snickerier - Kulladal","robots":{"index":"index","follow":"follow","max-snippet":"max-snippet:-1","max-image-preview":"max-image-preview:large","max-video-preview":"max-video-preview:-1"},"canonical":"https:\/\/kulladal.com\/nb\/snickerier\/","og_locale":"nb_NO","og_type":"article","og_title":"Snickerier - Kulladal","og_description":"Snickerier. Alltsedan starten 2019 har Kulladals k\u00f6k produceras i sm\u00e5 snickerier i Litauen och Istanbul, Turkiet. Det \u00e4r l\u00e4nder med stark historia inom tr\u00e4hantverk och m\u00f6belproduktion. Snickerierna \u00e4r sj\u00e4lvst\u00e4ndiga underleverant\u00f6rer, som vi har starka relationer med. Flera av snickarna har jobbat med v\u00e5ra k\u00f6k sedan starten, de \u00e4r v\u00e4l f\u00f6rtrogna med alla Kulladals detaljer och [&hellip;]","og_url":"https:\/\/kulladal.com\/nb\/snickerier\/","og_site_name":"Kulladal","article_publisher":"https:\/\/www.facebook.com\/Kulladal20tal","article_modified_time":"2023-12-05T07:27:55+00:00","og_image":[{"width":1500,"height":2250,"url":"https:\/\/kulladal.com\/wp-content\/uploads\/2023\/08\/snickeri.jpg","type":"image\/jpeg"}],"twitter_card":"summary_large_image","twitter_misc":{"Ansl. lesetid":"1 minutt"},"schema":{"@context":"https:\/\/schema.org","@graph":[{"@type":"Article","@id":"https:\/\/kulladal.com\/snickerier\/#article","isPartOf":{"@id":"https:\/\/kulladal.com\/snickerier\/"},"author":{"name":"Adam Haglund","@id":"https:\/\/kulladal.com\/nb\/#\/schema\/person\/99d5e5583fb7f084126288f8356e51bb"},"headline":"Snickerier","datePublished":"2023-10-06T05:36:07+00:00","dateModified":"2023-12-05T07:27:55+00:00","mainEntityOfPage":{"@id":"https:\/\/kulladal.com\/snickerier\/"},"wordCount":133,"publisher":{"@id":"https:\/\/kulladal.com\/nb\/#organization"},"image":{"@id":"https:\/\/kulladal.com\/snickerier\/#primaryimage"},"thumbnailUrl":"https:\/\/kulladal.com\/wp-content\/uploads\/2023\/08\/snickeri.jpg","inLanguage":"nb-NO"},{"@type":"WebPage","@id":"https:\/\/kulladal.com\/snickerier\/","url":"https:\/\/kulladal.com\/snickerier\/","name":"Snickerier - Kulladal","isPartOf":{"@id":"https:\/\/kulladal.com\/nb\/#website"},"primaryImageOfPage":{"@id":"https:\/\/kulladal.com\/snickerier\/#primaryimage"},"image":{"@id":"https:\/\/kulladal.com\/snickerier\/#primaryimage"},"thumbnailUrl":"https:\/\/kulladal.com\/wp-content\/uploads\/2023\/08\/snickeri.jpg","datePublished":"2023-10-06T05:36:07+00:00","dateModified":"2023-12-05T07:27:55+00:00","breadcrumb":{"@id":"https:\/\/kulladal.com\/snickerier\/#breadcrumb"},"inLanguage":"nb-NO","potentialAction":[{"@type":"ReadAction","target":["https:\/\/kulladal.com\/snickerier\/"]}]},{"@type":"ImageObject","inLanguage":"nb-NO","@id":"https:\/\/kulladal.com\/snickerier\/#primaryimage","url":"https:\/\/kulladal.com\/wp-content\/uploads\/2023\/08\/snickeri.jpg","contentUrl":"https:\/\/kulladal.com\/wp-content\/uploads\/2023\/08\/snickeri.jpg","width":1500,"height":2250},{"@type":"BreadcrumbList","@id":"https:\/\/kulladal.com\/snickerier\/#breadcrumb","itemListElement":[{"@type":"ListItem","position":1,"name":"Home","item":"https:\/\/kulladal.com\/"},{"@type":"ListItem","position":2,"name":"Snickerier"}]},{"@type":"WebSite","@id":"https:\/\/kulladal.com\/nb\/#website","url":"https:\/\/kulladal.com\/nb\/","name":"Kulladal","description":"Unika k\u00f6k i klassisk stil.","publisher":{"@id":"https:\/\/kulladal.com\/nb\/#organization"},"potentialAction":[{"@type":"SearchAction","target":{"@type":"EntryPoint","urlTemplate":"https:\/\/kulladal.com\/nb\/?s={search_term_string}"},"query-input":{"@type":"PropertyValueSpecification","valueRequired":true,"valueName":"search_term_string"}}],"inLanguage":"nb-NO"},{"@type":"Organization","@id":"https:\/\/kulladal.com\/nb\/#organization","name":"Kulladal Kitchens AB","alternateName":"Kulladal","url":"https:\/\/kulladal.com\/nb\/","logo":{"@type":"ImageObject","inLanguage":"nb-NO","@id":"https:\/\/kulladal.com\/nb\/#\/schema\/logo\/image\/","url":"https:\/\/kulladal.com\/wp-content\/uploads\/2023\/10\/logo_kulladal_classic_kitchens_white.png","contentUrl":"https:\/\/kulladal.com\/wp-content\/uploads\/2023\/10\/logo_kulladal_classic_kitchens_white.png","width":823,"height":551,"caption":"Kulladal Kitchens AB"},"image":{"@id":"https:\/\/kulladal.com\/nb\/#\/schema\/logo\/image\/"},"sameAs":["https:\/\/www.facebook.com\/Kulladal20tal","https:\/\/www.instagram.com\/kulladalkitchens\/","https:\/\/www.youtube.com\/channel\/UCBwmfSKz31E6bpnxNFTrbRQ","https:\/\/se.pinterest.com\/kulladalkitchens\/"]},{"@type":"Person","@id":"https:\/\/kulladal.com\/nb\/#\/schema\/person\/99d5e5583fb7f084126288f8356e51bb","name":"Adam Haglund","image":{"@type":"ImageObject","inLanguage":"nb-NO","@id":"https:\/\/kulladal.com\/nb\/#\/schema\/person\/image\/","url":"https:\/\/secure.gravatar.com\/avatar\/b440dbde880c058e50f809d2166d38761e44a6d075c711e3a5fe31cb6b82eb87?s=96&d=mm&r=g","contentUrl":"https:\/\/secure.gravatar.com\/avatar\/b440dbde880c058e50f809d2166d38761e44a6d075c711e3a5fe31cb6b82eb87?s=96&d=mm&r=g","caption":"Adam Haglund"},"sameAs":["https:\/\/kulladal.com"],"url":"https:\/\/kulladal.com\/nb\/author\/adam\/"}]}},"_links":{"self":[{"href":"https:\/\/kulladal.com\/nb\/wp-json\/wp\/v2\/pages\/138","targetHints":{"allow":["GET"]}}],"collection":[{"href":"https:\/\/kulladal.com\/nb\/wp-json\/wp\/v2\/pages"}],"about":[{"href":"https:\/\/kulladal.com\/nb\/wp-json\/wp\/v2\/types\/page"}],"author":[{"embeddable":true,"href":"https:\/\/kulladal.com\/nb\/wp-json\/wp\/v2\/users\/9"}],"replies":[{"embeddable":true,"href":"https:\/\/kulladal.com\/nb\/wp-json\/wp\/v2\/comments?post=138"}],"version-history":[{"count":10,"href":"https:\/\/kulladal.com\/nb\/wp-json\/wp\/v2\/pages\/138\/revisions"}],"predecessor-version":[{"id":3790,"href":"https:\/\/kulladal.com\/nb\/wp-json\/wp\/v2\/pages\/138\/revisions\/3790"}],"wp:featuredmedia":[{"embeddable":true,"href":"https:\/\/kulladal.com\/nb\/wp-json\/wp\/v2\/media\/1963"}],"wp:attachment":[{"href":"https:\/\/kulladal.com\/nb\/wp-json\/wp\/v2\/media?parent=138"}],"curies":[{"name":"wp","href":"https:\/\/api.w.org\/{rel}","templated":true}]}}