{"id":12904,"date":"2025-08-20T14:31:30","date_gmt":"2025-08-20T12:31:30","guid":{"rendered":"https:\/\/kulladal.com\/?page_id=12904"},"modified":"2025-08-20T14:31:32","modified_gmt":"2025-08-20T12:31:32","slug":"thank-you-planner","status":"publish","type":"page","link":"https:\/\/kulladal.com\/nb\/thank-you-planner\/","title":{"rendered":"Thank you &#8211; Planner"},"content":{"rendered":"<div class=\"wp-block-group alignwide is-layout-flow wp-block-group-is-layout-flow\" style=\"padding-top:var(--wp--preset--spacing--30);padding-right:10px;padding-bottom:5px;padding-left:10px\"><h1 class=\"wp-block-heading has-text-align-center has-large-font-size\" style=\"padding-top:0px;padding-bottom:10px\">Tack<\/h1>\n\n<div class=\"wp-block-columns alignwide is-layout-flex wp-container-core-columns-is-layout-495186c2 wp-block-columns-is-layout-flex\" style=\"padding-top:8px;padding-right:8px;padding-left:8px\"><div class=\"wp-block-column is-layout-flow wp-container-core-column-is-layout-8a368f38 wp-block-column-is-layout-flow\"><p style=\"padding-bottom:var(--wp--preset--spacing--30);font-size:clamp(14px, 0.875rem + ((1vw - 3.2px) * 0.755), 18px);\">Tack f\u00f6r din best\u00e4llning! Vi skickar katalogen inom kort.<\/p>\n\n<p style=\"padding-bottom:0;font-size:clamp(14px, 0.875rem + ((1vw - 3.2px) * 0.755), 18px);\">Klicka p\u00e5 l\u00e4nken nedan f\u00f6r att omedelbart ladda ner den digitala katalogen.<\/p>\n\n<p style=\"padding-top:5px;padding-bottom:0;font-size:clamp(14px, 0.875rem + ((1vw - 3.2px) * 0.755), 18px);\"><a href=\"https:\/\/kulladal.com\/wp-content\/uploads\/2025\/06\/242251_Broschyr_Kulladal_HR_high.pdf\" target=\"_blank\" rel=\"noreferrer noopener\">Ladda ner digital katalog<\/a><\/p><\/div>\n\n<div class=\"wp-block-column is-layout-flow wp-block-column-is-layout-flow\"><figure class=\"wp-block-image size-medium is-resized\" style=\"margin-top:0;margin-bottom:0\"><img loading=\"lazy\" decoding=\"async\" width=\"300\" height=\"281\" src=\"https:\/\/kulladal.com\/wp-content\/uploads\/2025\/03\/kulladal-cover-large250306-300x281.png\" alt=\"\" class=\"wp-image-9135\" style=\"width:auto;height:300px\" srcset=\"https:\/\/kulladal.com\/wp-content\/uploads\/2025\/03\/kulladal-cover-large250306-300x281.png 300w, https:\/\/kulladal.com\/wp-content\/uploads\/2025\/03\/kulladal-cover-large250306-768x720.png 768w, https:\/\/kulladal.com\/wp-content\/uploads\/2025\/03\/kulladal-cover-large250306.png 866w, https:\/\/kulladal.com\/wp-content\/uploads\/2025\/03\/kulladal-cover-large250306-13x12.png 13w, https:\/\/kulladal.com\/wp-content\/uploads\/2025\/03\/kulladal-cover-large250306-600x563.png 600w\" sizes=\"auto, (max-width: 300px) 100vw, 300px\" \/><\/figure><\/div><\/div><\/div>","protected":false},"excerpt":{"rendered":"<p>Tack Tack f\u00f6r din best\u00e4llning! Vi skickar katalogen inom kort. Klicka p\u00e5 l\u00e4nken nedan f\u00f6r att omedelbart ladda ner den digitala katalogen. Ladda ner digital katalog<\/p>","protected":false},"author":1,"featured_media":0,"parent":0,"menu_order":0,"comment_status":"closed","ping_status":"closed","template":"","meta":{"footnotes":""},"class_list":["post-12904","page","type-page","status-publish","hentry"],"yoast_head":"<!-- This site is optimized with the Yoast SEO plugin v24.3 - https:\/\/yoast.com\/wordpress\/plugins\/seo\/ -->\n<title>Thank you - Planner - Kulladal<\/title>\n<meta name=\"robots\" content=\"index, follow, max-snippet:-1, max-image-preview:large, max-video-preview:-1\" \/>\n<link rel=\"canonical\" href=\"https:\/\/kulladal.com\/nb\/thank-you-planner\/\" \/>\n<meta property=\"og:locale\" content=\"nb_NO\" \/>\n<meta property=\"og:type\" content=\"article\" \/>\n<meta property=\"og:title\" content=\"Thank you - Planner - Kulladal\" \/>\n<meta property=\"og:description\" content=\"Tack Tack f\u00f6r din best\u00e4llning! Vi skickar katalogen inom kort. Klicka p\u00e5 l\u00e4nken nedan f\u00f6r att omedelbart ladda ner den digitala katalogen. Ladda ner digital katalog\" \/>\n<meta property=\"og:url\" content=\"https:\/\/kulladal.com\/nb\/thank-you-planner\/\" \/>\n<meta property=\"og:site_name\" content=\"Kulladal\" \/>\n<meta property=\"article:publisher\" content=\"https:\/\/www.facebook.com\/Kulladal20tal\" \/>\n<meta property=\"article:modified_time\" content=\"2025-08-20T12:31:32+00:00\" \/>\n<meta property=\"og:image\" content=\"https:\/\/kulladal.com\/wp-content\/uploads\/2025\/03\/kulladal-cover-large250306.png\" \/>\n\t<meta property=\"og:image:width\" content=\"866\" \/>\n\t<meta property=\"og:image:height\" content=\"812\" \/>\n\t<meta property=\"og:image:type\" content=\"image\/png\" \/>\n<meta name=\"twitter:card\" content=\"summary_large_image\" \/>\n<meta name=\"twitter:label1\" content=\"Ansl. lesetid\" \/>\n\t<meta name=\"twitter:data1\" content=\"1 minutt\" \/>\n<script type=\"application\/ld+json\" class=\"yoast-schema-graph\">{\"@context\":\"https:\/\/schema.org\",\"@graph\":[{\"@type\":\"Article\",\"@id\":\"https:\/\/kulladal.com\/thank-you-planner\/#article\",\"isPartOf\":{\"@id\":\"https:\/\/kulladal.com\/thank-you-planner\/\"},\"author\":{\"name\":\"vladimir\",\"@id\":\"https:\/\/kulladal.com\/nb\/#\/schema\/person\/f36df48262d3e40ef7de61ac362b7182\"},\"headline\":\"Thank you &#8211; Planner\",\"datePublished\":\"2025-08-20T12:31:30+00:00\",\"dateModified\":\"2025-08-20T12:31:32+00:00\",\"mainEntityOfPage\":{\"@id\":\"https:\/\/kulladal.com\/thank-you-planner\/\"},\"wordCount\":34,\"publisher\":{\"@id\":\"https:\/\/kulladal.com\/nb\/#organization\"},\"image\":{\"@id\":\"https:\/\/kulladal.com\/thank-you-planner\/#primaryimage\"},\"thumbnailUrl\":\"https:\/\/kulladal.com\/wp-content\/uploads\/2025\/03\/kulladal-cover-large250306-300x281.png\",\"inLanguage\":\"nb-NO\"},{\"@type\":\"WebPage\",\"@id\":\"https:\/\/kulladal.com\/thank-you-planner\/\",\"url\":\"https:\/\/kulladal.com\/thank-you-planner\/\",\"name\":\"Thank you - Planner - Kulladal\",\"isPartOf\":{\"@id\":\"https:\/\/kulladal.com\/nb\/#website\"},\"primaryImageOfPage\":{\"@id\":\"https:\/\/kulladal.com\/thank-you-planner\/#primaryimage\"},\"image\":{\"@id\":\"https:\/\/kulladal.com\/thank-you-planner\/#primaryimage\"},\"thumbnailUrl\":\"https:\/\/kulladal.com\/wp-content\/uploads\/2025\/03\/kulladal-cover-large250306-300x281.png\",\"datePublished\":\"2025-08-20T12:31:30+00:00\",\"dateModified\":\"2025-08-20T12:31:32+00:00\",\"breadcrumb\":{\"@id\":\"https:\/\/kulladal.com\/thank-you-planner\/#breadcrumb\"},\"inLanguage\":\"nb-NO\",\"potentialAction\":[{\"@type\":\"ReadAction\",\"target\":[\"https:\/\/kulladal.com\/thank-you-planner\/\"]}]},{\"@type\":\"ImageObject\",\"inLanguage\":\"nb-NO\",\"@id\":\"https:\/\/kulladal.com\/thank-you-planner\/#primaryimage\",\"url\":\"https:\/\/kulladal.com\/wp-content\/uploads\/2025\/03\/kulladal-cover-large250306-300x281.png\",\"contentUrl\":\"https:\/\/kulladal.com\/wp-content\/uploads\/2025\/03\/kulladal-cover-large250306-300x281.png\"},{\"@type\":\"BreadcrumbList\",\"@id\":\"https:\/\/kulladal.com\/thank-you-planner\/#breadcrumb\",\"itemListElement\":[{\"@type\":\"ListItem\",\"position\":1,\"name\":\"Home\",\"item\":\"https:\/\/kulladal.com\/\"},{\"@type\":\"ListItem\",\"position\":2,\"name\":\"Thank you &#8211; Planner\"}]},{\"@type\":\"WebSite\",\"@id\":\"https:\/\/kulladal.com\/nb\/#website\",\"url\":\"https:\/\/kulladal.com\/nb\/\",\"name\":\"Kulladal\",\"description\":\"Unika k\u00f6k i klassisk stil.\",\"publisher\":{\"@id\":\"https:\/\/kulladal.com\/nb\/#organization\"},\"potentialAction\":[{\"@type\":\"SearchAction\",\"target\":{\"@type\":\"EntryPoint\",\"urlTemplate\":\"https:\/\/kulladal.com\/nb\/?s={search_term_string}\"},\"query-input\":{\"@type\":\"PropertyValueSpecification\",\"valueRequired\":true,\"valueName\":\"search_term_string\"}}],\"inLanguage\":\"nb-NO\"},{\"@type\":\"Organization\",\"@id\":\"https:\/\/kulladal.com\/nb\/#organization\",\"name\":\"Kulladal Kitchens AB\",\"alternateName\":\"Kulladal\",\"url\":\"https:\/\/kulladal.com\/nb\/\",\"logo\":{\"@type\":\"ImageObject\",\"inLanguage\":\"nb-NO\",\"@id\":\"https:\/\/kulladal.com\/nb\/#\/schema\/logo\/image\/\",\"url\":\"https:\/\/kulladal.com\/wp-content\/uploads\/2023\/10\/logo_kulladal_classic_kitchens_white.png\",\"contentUrl\":\"https:\/\/kulladal.com\/wp-content\/uploads\/2023\/10\/logo_kulladal_classic_kitchens_white.png\",\"width\":823,\"height\":551,\"caption\":\"Kulladal Kitchens AB\"},\"image\":{\"@id\":\"https:\/\/kulladal.com\/nb\/#\/schema\/logo\/image\/\"},\"sameAs\":[\"https:\/\/www.facebook.com\/Kulladal20tal\",\"https:\/\/www.instagram.com\/kulladalkitchens\/\",\"https:\/\/www.youtube.com\/channel\/UCBwmfSKz31E6bpnxNFTrbRQ\",\"https:\/\/se.pinterest.com\/kulladalkitchens\/\"]},{\"@type\":\"Person\",\"@id\":\"https:\/\/kulladal.com\/nb\/#\/schema\/person\/f36df48262d3e40ef7de61ac362b7182\",\"name\":\"vladimir\",\"image\":{\"@type\":\"ImageObject\",\"inLanguage\":\"nb-NO\",\"@id\":\"https:\/\/kulladal.com\/nb\/#\/schema\/person\/image\/\",\"url\":\"https:\/\/secure.gravatar.com\/avatar\/76d911c5015ed6608857f010d05910554d962cd840fe1be7fca1fae28eef9da2?s=96&d=mm&r=g\",\"contentUrl\":\"https:\/\/secure.gravatar.com\/avatar\/76d911c5015ed6608857f010d05910554d962cd840fe1be7fca1fae28eef9da2?s=96&d=mm&r=g\",\"caption\":\"vladimir\"},\"sameAs\":[\"https:\/\/kulladal.com\"],\"url\":\"https:\/\/kulladal.com\/nb\/author\/vladimir\/\"}]}<\/script>\n<!-- \/ Yoast SEO plugin. -->","yoast_head_json":{"title":"Thank you - Planner - Kulladal","robots":{"index":"index","follow":"follow","max-snippet":"max-snippet:-1","max-image-preview":"max-image-preview:large","max-video-preview":"max-video-preview:-1"},"canonical":"https:\/\/kulladal.com\/nb\/thank-you-planner\/","og_locale":"nb_NO","og_type":"article","og_title":"Thank you - Planner - Kulladal","og_description":"Tack Tack f\u00f6r din best\u00e4llning! Vi skickar katalogen inom kort. Klicka p\u00e5 l\u00e4nken nedan f\u00f6r att omedelbart ladda ner den digitala katalogen. Ladda ner digital katalog","og_url":"https:\/\/kulladal.com\/nb\/thank-you-planner\/","og_site_name":"Kulladal","article_publisher":"https:\/\/www.facebook.com\/Kulladal20tal","article_modified_time":"2025-08-20T12:31:32+00:00","og_image":[{"width":866,"height":812,"url":"https:\/\/kulladal.com\/wp-content\/uploads\/2025\/03\/kulladal-cover-large250306.png","type":"image\/png"}],"twitter_card":"summary_large_image","twitter_misc":{"Ansl. lesetid":"1 minutt"},"schema":{"@context":"https:\/\/schema.org","@graph":[{"@type":"Article","@id":"https:\/\/kulladal.com\/thank-you-planner\/#article","isPartOf":{"@id":"https:\/\/kulladal.com\/thank-you-planner\/"},"author":{"name":"vladimir","@id":"https:\/\/kulladal.com\/nb\/#\/schema\/person\/f36df48262d3e40ef7de61ac362b7182"},"headline":"Thank you &#8211; Planner","datePublished":"2025-08-20T12:31:30+00:00","dateModified":"2025-08-20T12:31:32+00:00","mainEntityOfPage":{"@id":"https:\/\/kulladal.com\/thank-you-planner\/"},"wordCount":34,"publisher":{"@id":"https:\/\/kulladal.com\/nb\/#organization"},"image":{"@id":"https:\/\/kulladal.com\/thank-you-planner\/#primaryimage"},"thumbnailUrl":"https:\/\/kulladal.com\/wp-content\/uploads\/2025\/03\/kulladal-cover-large250306-300x281.png","inLanguage":"nb-NO"},{"@type":"WebPage","@id":"https:\/\/kulladal.com\/thank-you-planner\/","url":"https:\/\/kulladal.com\/thank-you-planner\/","name":"Thank you - Planner - Kulladal","isPartOf":{"@id":"https:\/\/kulladal.com\/nb\/#website"},"primaryImageOfPage":{"@id":"https:\/\/kulladal.com\/thank-you-planner\/#primaryimage"},"image":{"@id":"https:\/\/kulladal.com\/thank-you-planner\/#primaryimage"},"thumbnailUrl":"https:\/\/kulladal.com\/wp-content\/uploads\/2025\/03\/kulladal-cover-large250306-300x281.png","datePublished":"2025-08-20T12:31:30+00:00","dateModified":"2025-08-20T12:31:32+00:00","breadcrumb":{"@id":"https:\/\/kulladal.com\/thank-you-planner\/#breadcrumb"},"inLanguage":"nb-NO","potentialAction":[{"@type":"ReadAction","target":["https:\/\/kulladal.com\/thank-you-planner\/"]}]},{"@type":"ImageObject","inLanguage":"nb-NO","@id":"https:\/\/kulladal.com\/thank-you-planner\/#primaryimage","url":"https:\/\/kulladal.com\/wp-content\/uploads\/2025\/03\/kulladal-cover-large250306-300x281.png","contentUrl":"https:\/\/kulladal.com\/wp-content\/uploads\/2025\/03\/kulladal-cover-large250306-300x281.png"},{"@type":"BreadcrumbList","@id":"https:\/\/kulladal.com\/thank-you-planner\/#breadcrumb","itemListElement":[{"@type":"ListItem","position":1,"name":"Home","item":"https:\/\/kulladal.com\/"},{"@type":"ListItem","position":2,"name":"Thank you &#8211; Planner"}]},{"@type":"WebSite","@id":"https:\/\/kulladal.com\/nb\/#website","url":"https:\/\/kulladal.com\/nb\/","name":"Kulladal","description":"Unika k\u00f6k i klassisk stil.","publisher":{"@id":"https:\/\/kulladal.com\/nb\/#organization"},"potentialAction":[{"@type":"SearchAction","target":{"@type":"EntryPoint","urlTemplate":"https:\/\/kulladal.com\/nb\/?s={search_term_string}"},"query-input":{"@type":"PropertyValueSpecification","valueRequired":true,"valueName":"search_term_string"}}],"inLanguage":"nb-NO"},{"@type":"Organization","@id":"https:\/\/kulladal.com\/nb\/#organization","name":"Kulladal Kitchens AB","alternateName":"Kulladal","url":"https:\/\/kulladal.com\/nb\/","logo":{"@type":"ImageObject","inLanguage":"nb-NO","@id":"https:\/\/kulladal.com\/nb\/#\/schema\/logo\/image\/","url":"https:\/\/kulladal.com\/wp-content\/uploads\/2023\/10\/logo_kulladal_classic_kitchens_white.png","contentUrl":"https:\/\/kulladal.com\/wp-content\/uploads\/2023\/10\/logo_kulladal_classic_kitchens_white.png","width":823,"height":551,"caption":"Kulladal Kitchens AB"},"image":{"@id":"https:\/\/kulladal.com\/nb\/#\/schema\/logo\/image\/"},"sameAs":["https:\/\/www.facebook.com\/Kulladal20tal","https:\/\/www.instagram.com\/kulladalkitchens\/","https:\/\/www.youtube.com\/channel\/UCBwmfSKz31E6bpnxNFTrbRQ","https:\/\/se.pinterest.com\/kulladalkitchens\/"]},{"@type":"Person","@id":"https:\/\/kulladal.com\/nb\/#\/schema\/person\/f36df48262d3e40ef7de61ac362b7182","name":"vladimir","image":{"@type":"ImageObject","inLanguage":"nb-NO","@id":"https:\/\/kulladal.com\/nb\/#\/schema\/person\/image\/","url":"https:\/\/secure.gravatar.com\/avatar\/76d911c5015ed6608857f010d05910554d962cd840fe1be7fca1fae28eef9da2?s=96&d=mm&r=g","contentUrl":"https:\/\/secure.gravatar.com\/avatar\/76d911c5015ed6608857f010d05910554d962cd840fe1be7fca1fae28eef9da2?s=96&d=mm&r=g","caption":"vladimir"},"sameAs":["https:\/\/kulladal.com"],"url":"https:\/\/kulladal.com\/nb\/author\/vladimir\/"}]}},"_links":{"self":[{"href":"https:\/\/kulladal.com\/nb\/wp-json\/wp\/v2\/pages\/12904","targetHints":{"allow":["GET"]}}],"collection":[{"href":"https:\/\/kulladal.com\/nb\/wp-json\/wp\/v2\/pages"}],"about":[{"href":"https:\/\/kulladal.com\/nb\/wp-json\/wp\/v2\/types\/page"}],"author":[{"embeddable":true,"href":"https:\/\/kulladal.com\/nb\/wp-json\/wp\/v2\/users\/1"}],"replies":[{"embeddable":true,"href":"https:\/\/kulladal.com\/nb\/wp-json\/wp\/v2\/comments?post=12904"}],"version-history":[{"count":1,"href":"https:\/\/kulladal.com\/nb\/wp-json\/wp\/v2\/pages\/12904\/revisions"}],"predecessor-version":[{"id":12905,"href":"https:\/\/kulladal.com\/nb\/wp-json\/wp\/v2\/pages\/12904\/revisions\/12905"}],"wp:attachment":[{"href":"https:\/\/kulladal.com\/nb\/wp-json\/wp\/v2\/media?parent=12904"}],"curies":[{"name":"wp","href":"https:\/\/api.w.org\/{rel}","templated":true}]}}