{"id":129,"date":"2023-10-06T07:36:07","date_gmt":"2023-10-06T05:36:07","guid":{"rendered":"https:\/\/kulladalkitchens.com\/monteringstjnst\/"},"modified":"2024-12-07T07:16:57","modified_gmt":"2024-12-07T06:16:57","slug":"monteringstjnst","status":"publish","type":"page","link":"https:\/\/kulladal.com\/nb\/monteringstjnst\/","title":{"rendered":"Monteringstjeneste"},"content":{"rendered":"<div class=\"wp-block-group alignfull has-base-background-color has-background has-global-padding is-layout-constrained wp-container-core-group-is-layout-392cf1ec wp-block-group-is-layout-constrained\" style=\"padding-right:var(--wp--preset--spacing--30);padding-left:var(--wp--preset--spacing--30)\"><p class=\"has-text-align-center has-medium-font-size\" style=\"padding-top:var(--wp--preset--spacing--50);padding-right:0;padding-bottom:0\">Vi tilbyr montering av kj\u00f8kkenet ditt. Monteringen tilbys gjennom gruppen v\u00e5r av sertifiserte snekkere. Tjenesten s\u00f8rger for at du f\u00e5r innredet kj\u00f8kkenet ditt riktig, med h\u00f8y kvalitet.<\/p>\n\n<p class=\"has-text-align-center has-medium-font-size\" style=\"padding-top:var(--wp--preset--spacing--30);padding-right:0;padding-bottom:0\">Kontakt oss for \u00e5 f\u00e5 et tilbud og mer informasjon!<\/p>\n\n<p class=\"has-text-align-center has-small-font-size\" style=\"padding-top:var(--wp--preset--spacing--30);padding-right:0;padding-bottom:var(--wp--preset--spacing--50)\"><a href=\"mailto:johan@kulladal.com\" data-type=\"mailto\" data-id=\"mailto:johan@kulladal.com\" target=\"_blank\" rel=\"noreferrer noopener nofollow\">johan@kulladal.com<\/a> &#8211; <a href=\"tel: 46720996256\" target=\"_blank\" rel=\"noreferrer noopener nofollow\">+46 72 099 62 56<\/a><\/p><\/div>","protected":false},"excerpt":{"rendered":"<p>Vi erbjuder montering av ditt k\u00f6k. Den erbjuds via v\u00e5r grupp av certifierade snickare. Tj\u00e4nsten s\u00e4kerst\u00e4ller att du f\u00e5r ditt k\u00f6k monterat p\u00e5 r\u00e4tt s\u00e4tt, med h\u00f6g kvalitet. Kontakta oss f\u00f6r offert och mer info! johan@kulladal.com &#8211; +46 72 099 62 56<\/p>","protected":false},"author":9,"featured_media":1958,"parent":0,"menu_order":0,"comment_status":"closed","ping_status":"closed","template":"","meta":{"footnotes":""},"class_list":["post-129","page","type-page","status-publish","has-post-thumbnail","hentry"],"yoast_head":"<!-- This site is optimized with the Yoast SEO plugin v24.3 - https:\/\/yoast.com\/wordpress\/plugins\/seo\/ -->\n<title>Monteringstj\u00e4nst - Kulladal<\/title>\n<meta name=\"robots\" content=\"index, follow, max-snippet:-1, max-image-preview:large, max-video-preview:-1\" \/>\n<link rel=\"canonical\" href=\"https:\/\/kulladal.com\/nb\/monteringstjnst\/\" \/>\n<meta property=\"og:locale\" content=\"nb_NO\" \/>\n<meta property=\"og:type\" content=\"article\" \/>\n<meta property=\"og:title\" content=\"Monteringstj\u00e4nst - Kulladal\" \/>\n<meta property=\"og:description\" content=\"Vi erbjuder montering av ditt k\u00f6k. Den erbjuds via v\u00e5r grupp av certifierade snickare. Tj\u00e4nsten s\u00e4kerst\u00e4ller att du f\u00e5r ditt k\u00f6k monterat p\u00e5 r\u00e4tt s\u00e4tt, med h\u00f6g kvalitet. Kontakta oss f\u00f6r offert och mer info! johan@kulladal.com &#8211; +46 72 099 62 56\" \/>\n<meta property=\"og:url\" content=\"https:\/\/kulladal.com\/nb\/monteringstjnst\/\" \/>\n<meta property=\"og:site_name\" content=\"Kulladal\" \/>\n<meta property=\"article:publisher\" content=\"https:\/\/www.facebook.com\/Kulladal20tal\" \/>\n<meta property=\"article:modified_time\" content=\"2024-12-07T06:16:57+00:00\" \/>\n<meta property=\"og:image\" content=\"https:\/\/kulladal.com\/wp-content\/uploads\/2023\/08\/katrinbaath_kulladal-09761.jpg\" \/>\n\t<meta property=\"og:image:width\" content=\"888\" \/>\n\t<meta property=\"og:image:height\" content=\"1362\" \/>\n\t<meta property=\"og:image:type\" content=\"image\/jpeg\" \/>\n<meta name=\"twitter:card\" content=\"summary_large_image\" \/>\n<script type=\"application\/ld+json\" class=\"yoast-schema-graph\">{\"@context\":\"https:\/\/schema.org\",\"@graph\":[{\"@type\":\"Article\",\"@id\":\"https:\/\/kulladal.com\/monteringstjnst\/#article\",\"isPartOf\":{\"@id\":\"https:\/\/kulladal.com\/monteringstjnst\/\"},\"author\":{\"name\":\"Adam Haglund\",\"@id\":\"https:\/\/kulladal.com\/nb\/#\/schema\/person\/99d5e5583fb7f084126288f8356e51bb\"},\"headline\":\"Monteringstj\u00e4nst\",\"datePublished\":\"2023-10-06T05:36:07+00:00\",\"dateModified\":\"2024-12-07T06:16:57+00:00\",\"mainEntityOfPage\":{\"@id\":\"https:\/\/kulladal.com\/monteringstjnst\/\"},\"wordCount\":52,\"publisher\":{\"@id\":\"https:\/\/kulladal.com\/nb\/#organization\"},\"image\":{\"@id\":\"https:\/\/kulladal.com\/monteringstjnst\/#primaryimage\"},\"thumbnailUrl\":\"https:\/\/kulladal.com\/wp-content\/uploads\/2023\/08\/katrinbaath_kulladal-09761.jpg\",\"inLanguage\":\"nb-NO\"},{\"@type\":\"WebPage\",\"@id\":\"https:\/\/kulladal.com\/monteringstjnst\/\",\"url\":\"https:\/\/kulladal.com\/monteringstjnst\/\",\"name\":\"Monteringstj\u00e4nst - Kulladal\",\"isPartOf\":{\"@id\":\"https:\/\/kulladal.com\/nb\/#website\"},\"primaryImageOfPage\":{\"@id\":\"https:\/\/kulladal.com\/monteringstjnst\/#primaryimage\"},\"image\":{\"@id\":\"https:\/\/kulladal.com\/monteringstjnst\/#primaryimage\"},\"thumbnailUrl\":\"https:\/\/kulladal.com\/wp-content\/uploads\/2023\/08\/katrinbaath_kulladal-09761.jpg\",\"datePublished\":\"2023-10-06T05:36:07+00:00\",\"dateModified\":\"2024-12-07T06:16:57+00:00\",\"breadcrumb\":{\"@id\":\"https:\/\/kulladal.com\/monteringstjnst\/#breadcrumb\"},\"inLanguage\":\"nb-NO\",\"potentialAction\":[{\"@type\":\"ReadAction\",\"target\":[\"https:\/\/kulladal.com\/monteringstjnst\/\"]}]},{\"@type\":\"ImageObject\",\"inLanguage\":\"nb-NO\",\"@id\":\"https:\/\/kulladal.com\/monteringstjnst\/#primaryimage\",\"url\":\"https:\/\/kulladal.com\/wp-content\/uploads\/2023\/08\/katrinbaath_kulladal-09761.jpg\",\"contentUrl\":\"https:\/\/kulladal.com\/wp-content\/uploads\/2023\/08\/katrinbaath_kulladal-09761.jpg\",\"width\":888,\"height\":1362},{\"@type\":\"BreadcrumbList\",\"@id\":\"https:\/\/kulladal.com\/monteringstjnst\/#breadcrumb\",\"itemListElement\":[{\"@type\":\"ListItem\",\"position\":1,\"name\":\"Home\",\"item\":\"https:\/\/kulladal.com\/\"},{\"@type\":\"ListItem\",\"position\":2,\"name\":\"Monteringstj\u00e4nst\"}]},{\"@type\":\"WebSite\",\"@id\":\"https:\/\/kulladal.com\/nb\/#website\",\"url\":\"https:\/\/kulladal.com\/nb\/\",\"name\":\"Kulladal\",\"description\":\"Unika k\u00f6k i klassisk stil.\",\"publisher\":{\"@id\":\"https:\/\/kulladal.com\/nb\/#organization\"},\"potentialAction\":[{\"@type\":\"SearchAction\",\"target\":{\"@type\":\"EntryPoint\",\"urlTemplate\":\"https:\/\/kulladal.com\/nb\/?s={search_term_string}\"},\"query-input\":{\"@type\":\"PropertyValueSpecification\",\"valueRequired\":true,\"valueName\":\"search_term_string\"}}],\"inLanguage\":\"nb-NO\"},{\"@type\":\"Organization\",\"@id\":\"https:\/\/kulladal.com\/nb\/#organization\",\"name\":\"Kulladal Kitchens AB\",\"alternateName\":\"Kulladal\",\"url\":\"https:\/\/kulladal.com\/nb\/\",\"logo\":{\"@type\":\"ImageObject\",\"inLanguage\":\"nb-NO\",\"@id\":\"https:\/\/kulladal.com\/nb\/#\/schema\/logo\/image\/\",\"url\":\"https:\/\/kulladal.com\/wp-content\/uploads\/2023\/10\/logo_kulladal_classic_kitchens_white.png\",\"contentUrl\":\"https:\/\/kulladal.com\/wp-content\/uploads\/2023\/10\/logo_kulladal_classic_kitchens_white.png\",\"width\":823,\"height\":551,\"caption\":\"Kulladal Kitchens AB\"},\"image\":{\"@id\":\"https:\/\/kulladal.com\/nb\/#\/schema\/logo\/image\/\"},\"sameAs\":[\"https:\/\/www.facebook.com\/Kulladal20tal\",\"https:\/\/www.instagram.com\/kulladalkitchens\/\",\"https:\/\/www.youtube.com\/channel\/UCBwmfSKz31E6bpnxNFTrbRQ\",\"https:\/\/se.pinterest.com\/kulladalkitchens\/\"]},{\"@type\":\"Person\",\"@id\":\"https:\/\/kulladal.com\/nb\/#\/schema\/person\/99d5e5583fb7f084126288f8356e51bb\",\"name\":\"Adam Haglund\",\"image\":{\"@type\":\"ImageObject\",\"inLanguage\":\"nb-NO\",\"@id\":\"https:\/\/kulladal.com\/nb\/#\/schema\/person\/image\/\",\"url\":\"https:\/\/secure.gravatar.com\/avatar\/b440dbde880c058e50f809d2166d38761e44a6d075c711e3a5fe31cb6b82eb87?s=96&d=mm&r=g\",\"contentUrl\":\"https:\/\/secure.gravatar.com\/avatar\/b440dbde880c058e50f809d2166d38761e44a6d075c711e3a5fe31cb6b82eb87?s=96&d=mm&r=g\",\"caption\":\"Adam Haglund\"},\"sameAs\":[\"https:\/\/kulladal.com\"],\"url\":\"https:\/\/kulladal.com\/nb\/author\/adam\/\"}]}<\/script>\n<!-- \/ Yoast SEO plugin. -->","yoast_head_json":{"title":"Monteringstj\u00e4nst - Kulladal","robots":{"index":"index","follow":"follow","max-snippet":"max-snippet:-1","max-image-preview":"max-image-preview:large","max-video-preview":"max-video-preview:-1"},"canonical":"https:\/\/kulladal.com\/nb\/monteringstjnst\/","og_locale":"nb_NO","og_type":"article","og_title":"Monteringstj\u00e4nst - Kulladal","og_description":"Vi erbjuder montering av ditt k\u00f6k. Den erbjuds via v\u00e5r grupp av certifierade snickare. Tj\u00e4nsten s\u00e4kerst\u00e4ller att du f\u00e5r ditt k\u00f6k monterat p\u00e5 r\u00e4tt s\u00e4tt, med h\u00f6g kvalitet. Kontakta oss f\u00f6r offert och mer info! johan@kulladal.com &#8211; +46 72 099 62 56","og_url":"https:\/\/kulladal.com\/nb\/monteringstjnst\/","og_site_name":"Kulladal","article_publisher":"https:\/\/www.facebook.com\/Kulladal20tal","article_modified_time":"2024-12-07T06:16:57+00:00","og_image":[{"width":888,"height":1362,"url":"https:\/\/kulladal.com\/wp-content\/uploads\/2023\/08\/katrinbaath_kulladal-09761.jpg","type":"image\/jpeg"}],"twitter_card":"summary_large_image","schema":{"@context":"https:\/\/schema.org","@graph":[{"@type":"Article","@id":"https:\/\/kulladal.com\/monteringstjnst\/#article","isPartOf":{"@id":"https:\/\/kulladal.com\/monteringstjnst\/"},"author":{"name":"Adam Haglund","@id":"https:\/\/kulladal.com\/nb\/#\/schema\/person\/99d5e5583fb7f084126288f8356e51bb"},"headline":"Monteringstj\u00e4nst","datePublished":"2023-10-06T05:36:07+00:00","dateModified":"2024-12-07T06:16:57+00:00","mainEntityOfPage":{"@id":"https:\/\/kulladal.com\/monteringstjnst\/"},"wordCount":52,"publisher":{"@id":"https:\/\/kulladal.com\/nb\/#organization"},"image":{"@id":"https:\/\/kulladal.com\/monteringstjnst\/#primaryimage"},"thumbnailUrl":"https:\/\/kulladal.com\/wp-content\/uploads\/2023\/08\/katrinbaath_kulladal-09761.jpg","inLanguage":"nb-NO"},{"@type":"WebPage","@id":"https:\/\/kulladal.com\/monteringstjnst\/","url":"https:\/\/kulladal.com\/monteringstjnst\/","name":"Monteringstj\u00e4nst - Kulladal","isPartOf":{"@id":"https:\/\/kulladal.com\/nb\/#website"},"primaryImageOfPage":{"@id":"https:\/\/kulladal.com\/monteringstjnst\/#primaryimage"},"image":{"@id":"https:\/\/kulladal.com\/monteringstjnst\/#primaryimage"},"thumbnailUrl":"https:\/\/kulladal.com\/wp-content\/uploads\/2023\/08\/katrinbaath_kulladal-09761.jpg","datePublished":"2023-10-06T05:36:07+00:00","dateModified":"2024-12-07T06:16:57+00:00","breadcrumb":{"@id":"https:\/\/kulladal.com\/monteringstjnst\/#breadcrumb"},"inLanguage":"nb-NO","potentialAction":[{"@type":"ReadAction","target":["https:\/\/kulladal.com\/monteringstjnst\/"]}]},{"@type":"ImageObject","inLanguage":"nb-NO","@id":"https:\/\/kulladal.com\/monteringstjnst\/#primaryimage","url":"https:\/\/kulladal.com\/wp-content\/uploads\/2023\/08\/katrinbaath_kulladal-09761.jpg","contentUrl":"https:\/\/kulladal.com\/wp-content\/uploads\/2023\/08\/katrinbaath_kulladal-09761.jpg","width":888,"height":1362},{"@type":"BreadcrumbList","@id":"https:\/\/kulladal.com\/monteringstjnst\/#breadcrumb","itemListElement":[{"@type":"ListItem","position":1,"name":"Home","item":"https:\/\/kulladal.com\/"},{"@type":"ListItem","position":2,"name":"Monteringstj\u00e4nst"}]},{"@type":"WebSite","@id":"https:\/\/kulladal.com\/nb\/#website","url":"https:\/\/kulladal.com\/nb\/","name":"Kulladal","description":"Unika k\u00f6k i klassisk stil.","publisher":{"@id":"https:\/\/kulladal.com\/nb\/#organization"},"potentialAction":[{"@type":"SearchAction","target":{"@type":"EntryPoint","urlTemplate":"https:\/\/kulladal.com\/nb\/?s={search_term_string}"},"query-input":{"@type":"PropertyValueSpecification","valueRequired":true,"valueName":"search_term_string"}}],"inLanguage":"nb-NO"},{"@type":"Organization","@id":"https:\/\/kulladal.com\/nb\/#organization","name":"Kulladal Kitchens AB","alternateName":"Kulladal","url":"https:\/\/kulladal.com\/nb\/","logo":{"@type":"ImageObject","inLanguage":"nb-NO","@id":"https:\/\/kulladal.com\/nb\/#\/schema\/logo\/image\/","url":"https:\/\/kulladal.com\/wp-content\/uploads\/2023\/10\/logo_kulladal_classic_kitchens_white.png","contentUrl":"https:\/\/kulladal.com\/wp-content\/uploads\/2023\/10\/logo_kulladal_classic_kitchens_white.png","width":823,"height":551,"caption":"Kulladal Kitchens AB"},"image":{"@id":"https:\/\/kulladal.com\/nb\/#\/schema\/logo\/image\/"},"sameAs":["https:\/\/www.facebook.com\/Kulladal20tal","https:\/\/www.instagram.com\/kulladalkitchens\/","https:\/\/www.youtube.com\/channel\/UCBwmfSKz31E6bpnxNFTrbRQ","https:\/\/se.pinterest.com\/kulladalkitchens\/"]},{"@type":"Person","@id":"https:\/\/kulladal.com\/nb\/#\/schema\/person\/99d5e5583fb7f084126288f8356e51bb","name":"Adam Haglund","image":{"@type":"ImageObject","inLanguage":"nb-NO","@id":"https:\/\/kulladal.com\/nb\/#\/schema\/person\/image\/","url":"https:\/\/secure.gravatar.com\/avatar\/b440dbde880c058e50f809d2166d38761e44a6d075c711e3a5fe31cb6b82eb87?s=96&d=mm&r=g","contentUrl":"https:\/\/secure.gravatar.com\/avatar\/b440dbde880c058e50f809d2166d38761e44a6d075c711e3a5fe31cb6b82eb87?s=96&d=mm&r=g","caption":"Adam Haglund"},"sameAs":["https:\/\/kulladal.com"],"url":"https:\/\/kulladal.com\/nb\/author\/adam\/"}]}},"_links":{"self":[{"href":"https:\/\/kulladal.com\/nb\/wp-json\/wp\/v2\/pages\/129","targetHints":{"allow":["GET"]}}],"collection":[{"href":"https:\/\/kulladal.com\/nb\/wp-json\/wp\/v2\/pages"}],"about":[{"href":"https:\/\/kulladal.com\/nb\/wp-json\/wp\/v2\/types\/page"}],"author":[{"embeddable":true,"href":"https:\/\/kulladal.com\/nb\/wp-json\/wp\/v2\/users\/9"}],"replies":[{"embeddable":true,"href":"https:\/\/kulladal.com\/nb\/wp-json\/wp\/v2\/comments?post=129"}],"version-history":[{"count":7,"href":"https:\/\/kulladal.com\/nb\/wp-json\/wp\/v2\/pages\/129\/revisions"}],"predecessor-version":[{"id":7132,"href":"https:\/\/kulladal.com\/nb\/wp-json\/wp\/v2\/pages\/129\/revisions\/7132"}],"wp:featuredmedia":[{"embeddable":true,"href":"https:\/\/kulladal.com\/nb\/wp-json\/wp\/v2\/media\/1958"}],"wp:attachment":[{"href":"https:\/\/kulladal.com\/nb\/wp-json\/wp\/v2\/media?parent=129"}],"curies":[{"name":"wp","href":"https:\/\/api.w.org\/{rel}","templated":true}]}}