{"id":125,"date":"2023-10-06T07:36:07","date_gmt":"2023-10-06T05:36:07","guid":{"rendered":"https:\/\/kulladalkitchens.com\/braattveta\/"},"modified":"2023-12-04T06:25:19","modified_gmt":"2023-12-04T05:25:19","slug":"braattveta","status":"publish","type":"page","link":"https:\/\/kulladal.com\/nb\/braattveta\/","title":{"rendered":"Nyttig \u00e5 vite"},"content":{"rendered":"<div class=\"wp-block-group alignfull has-background has-global-padding is-layout-constrained wp-container-core-group-is-layout-9f8d7f30 wp-block-group-is-layout-constrained\" style=\"background-color:#f4f5f2;padding-top:var(--wp--preset--spacing--60);padding-bottom:var(--wp--preset--spacing--60)\"><p class=\"has-text-align-center has-medium-font-size\" style=\"padding-top:var(--wp--preset--spacing--40);padding-right:var(--wp--preset--spacing--30);padding-left:var(--wp--preset--spacing--30)\">Vi vet at et nytt kj\u00f8kken er en stor investering som du vil elske i mange \u00e5r fremover. Vi har derfor funnet p\u00e5 noen ting det er greit \u00e5 tenke p\u00e5 f\u00f8r du kj\u00f8per kj\u00f8kkenet ditt hos oss.<\/p><\/div><div class=\"wp-block-group alignfull is-layout-flow wp-block-group-is-layout-flow\" style=\"padding-top:var(--wp--preset--spacing--30);padding-right:var(--wp--preset--spacing--40);padding-bottom:var(--wp--preset--spacing--30);padding-left:var(--wp--preset--spacing--40)\"><div class=\"wp-block-columns alignfull is-layout-flex wp-container-core-columns-is-layout-fa65d4c2 wp-block-columns-is-layout-flex\" style=\"margin-top:var(--wp--preset--spacing--30);margin-bottom:var(--wp--preset--spacing--30);padding-top:0;padding-right:0;padding-bottom:0;padding-left:0\"><div class=\"wp-block-column is-layout-flow wp-block-column-is-layout-flow\"><h2 class=\"wp-block-heading has-text-align-left\">Heltre beveger seg<\/h2>\n\n<p class=\"has-text-align-left\" style=\"padding-top:var(--wp--preset--spacing--30);padding-bottom:var(--wp--preset--spacing--30)\">I motsetning til sponplater og laminat \u2013 som de fleste andre kj\u00f8kken p\u00e5 markedet er bygget av \u2013 er tre et levende materiale. V\u00e5re kj\u00f8kken er bygget utelukkende i heltre \u2013 ogs\u00e5 rammene! Ved levering m\u00e5 snekkerne derfor t\u00f8mrverket akklimatisere seg f\u00f8r montering. Og siden trevirke beveger seg litt med \u00e5rstidene, kan det forventes sm\u00e5 avvik. \u00d8nsker du 100 % presisjon b\u00f8r du i stedet velge et d\u00f8dt materiale.<\/p>\n\n<p class=\"has-text-align-left\">Fordelen med heltre er nettopp at det er solid og levende. Den kan vedlikeholdes og den f\u00e5r en fin patina n\u00e5r den brukes med \u00e5rene.<\/p><\/div>\n\n<div class=\"wp-block-column is-layout-flow wp-block-column-is-layout-flow\"><h2 class=\"wp-block-heading has-text-align-left\">Vi er ikke billigst<\/h2>\n\n<p class=\"has-text-align-left\" style=\"padding-top:var(--wp--preset--spacing--30);padding-bottom:var(--wp--preset--spacing--30)\">Fordi vi bruker ekte materialer av h\u00f8y kvalitet og legger ned mange timers arbeid p\u00e5 hvert kj\u00f8kken, koster det mer enn et masseprodusert kj\u00f8kken. V\u00e5re kj\u00f8kken leveres ogs\u00e5 som ferdige skap, ikke flate pakker.<\/p>\n\n<p class=\"has-text-align-left\" style=\"padding-top:0;padding-bottom:0\">Men, v\u00e5re kj\u00f8kken er ikke s\u00e5 dyre som man skulle tro, og absolutt ikke de dyreste p\u00e5 markedet. Vi holder prisene nede takket v\u00e6re v\u00e5r slanke organisasjon og effektive moderne snekkerverksted i Litauen og Tyrkia.<\/p><\/div>\n\n<div class=\"wp-block-column is-layout-flow wp-block-column-is-layout-flow\"><h2 class=\"wp-block-heading has-text-align-left\">Lengre leveringstid<\/h2>\n\n<p class=\"has-text-align-left\" style=\"padding-top:var(--wp--preset--spacing--30);padding-bottom:var(--wp--preset--spacing--30)\">Regn med at leveringstiden for et kj\u00f8kken er 12-16 uker. Det er ingen kj\u00f8kken som venter p\u00e5 lagerhylla, for alle kj\u00f8kkenene vi bygger er helt unike. Alt bygges p\u00e5 bestilling.<\/p><\/div>\n\n<div class=\"wp-block-column is-layout-flow wp-block-column-is-layout-flow\"><h2 class=\"wp-block-heading has-text-align-left\">Ingen replika<\/h2>\n\n<p class=\"has-text-align-left\" style=\"padding-top:var(--wp--preset--spacing--30);padding-bottom:var(--wp--preset--spacing--30)\">V\u00e5re kj\u00f8kken er inspirert av 1920-tallet, men de er ikke eksakte kopier. Kulladals kj\u00f8kken er basert p\u00e5 det originale kj\u00f8kkenets estetikk og filosofi, og vi har modernisert enkelte deler som er \u00e5penbare i dagens kj\u00f8kken. Som standard arbeidsbenkh\u00f8yde, skuffer som er fullt uttrekkbare og lukkes mykt.<\/p><\/div><\/div><\/div>","protected":false},"excerpt":{"rendered":"<p>Vi vet att ett nytt k\u00f6k \u00e4r en stor investering som man vill \u00e4lska i m\u00e5nga \u00e5r fram\u00f6ver. Vi har d\u00e4rf\u00f6r tagit fram n\u00e5gra saker som \u00e4r bra att t\u00e4nka p\u00e5 innan man k\u00f6per sitt k\u00f6k fr\u00e5n oss. Massivt tr\u00e4 r\u00f6r sig Till skillnad fr\u00e5n sp\u00e5nskivor och laminat \u2013 som de flesta andra k\u00f6k p\u00e5 [&hellip;]<\/p>","protected":false},"author":9,"featured_media":1791,"parent":0,"menu_order":0,"comment_status":"closed","ping_status":"closed","template":"","meta":{"footnotes":""},"class_list":["post-125","page","type-page","status-publish","has-post-thumbnail","hentry"],"yoast_head":"<!-- This site is optimized with the Yoast SEO plugin v24.3 - https:\/\/yoast.com\/wordpress\/plugins\/seo\/ -->\n<title>Bra att veta - Kulladal<\/title>\n<meta name=\"robots\" content=\"index, follow, max-snippet:-1, max-image-preview:large, max-video-preview:-1\" \/>\n<link rel=\"canonical\" href=\"https:\/\/kulladal.com\/nb\/braattveta\/\" \/>\n<meta property=\"og:locale\" content=\"nb_NO\" \/>\n<meta property=\"og:type\" content=\"article\" \/>\n<meta property=\"og:title\" content=\"Bra att veta - Kulladal\" \/>\n<meta property=\"og:description\" content=\"Vi vet att ett nytt k\u00f6k \u00e4r en stor investering som man vill \u00e4lska i m\u00e5nga \u00e5r fram\u00f6ver. Vi har d\u00e4rf\u00f6r tagit fram n\u00e5gra saker som \u00e4r bra att t\u00e4nka p\u00e5 innan man k\u00f6per sitt k\u00f6k fr\u00e5n oss. Massivt tr\u00e4 r\u00f6r sig Till skillnad fr\u00e5n sp\u00e5nskivor och laminat \u2013 som de flesta andra k\u00f6k p\u00e5 [&hellip;]\" \/>\n<meta property=\"og:url\" content=\"https:\/\/kulladal.com\/nb\/braattveta\/\" \/>\n<meta property=\"og:site_name\" content=\"Kulladal\" \/>\n<meta property=\"article:publisher\" content=\"https:\/\/www.facebook.com\/Kulladal20tal\" \/>\n<meta property=\"article:modified_time\" content=\"2023-12-04T05:25:19+00:00\" \/>\n<meta property=\"og:image\" content=\"https:\/\/kulladal.com\/wp-content\/uploads\/2023\/08\/210909kulladal_lisawikstrand_012.jpg\" \/>\n\t<meta property=\"og:image:width\" content=\"1263\" \/>\n\t<meta property=\"og:image:height\" content=\"2000\" \/>\n\t<meta property=\"og:image:type\" content=\"image\/jpeg\" \/>\n<meta name=\"twitter:card\" content=\"summary_large_image\" \/>\n<meta name=\"twitter:label1\" content=\"Ansl. lesetid\" \/>\n\t<meta name=\"twitter:data1\" content=\"2 minutter\" \/>\n<script type=\"application\/ld+json\" class=\"yoast-schema-graph\">{\"@context\":\"https:\/\/schema.org\",\"@graph\":[{\"@type\":\"Article\",\"@id\":\"https:\/\/kulladal.com\/braattveta\/#article\",\"isPartOf\":{\"@id\":\"https:\/\/kulladal.com\/braattveta\/\"},\"author\":{\"name\":\"Adam Haglund\",\"@id\":\"https:\/\/kulladal.com\/nb\/#\/schema\/person\/99d5e5583fb7f084126288f8356e51bb\"},\"headline\":\"Bra att veta\",\"datePublished\":\"2023-10-06T05:36:07+00:00\",\"dateModified\":\"2023-12-04T05:25:19+00:00\",\"mainEntityOfPage\":{\"@id\":\"https:\/\/kulladal.com\/braattveta\/\"},\"wordCount\":357,\"publisher\":{\"@id\":\"https:\/\/kulladal.com\/nb\/#organization\"},\"image\":{\"@id\":\"https:\/\/kulladal.com\/braattveta\/#primaryimage\"},\"thumbnailUrl\":\"https:\/\/kulladal.com\/wp-content\/uploads\/2023\/08\/210909kulladal_lisawikstrand_012.jpg\",\"inLanguage\":\"nb-NO\"},{\"@type\":\"WebPage\",\"@id\":\"https:\/\/kulladal.com\/braattveta\/\",\"url\":\"https:\/\/kulladal.com\/braattveta\/\",\"name\":\"Bra att veta - Kulladal\",\"isPartOf\":{\"@id\":\"https:\/\/kulladal.com\/nb\/#website\"},\"primaryImageOfPage\":{\"@id\":\"https:\/\/kulladal.com\/braattveta\/#primaryimage\"},\"image\":{\"@id\":\"https:\/\/kulladal.com\/braattveta\/#primaryimage\"},\"thumbnailUrl\":\"https:\/\/kulladal.com\/wp-content\/uploads\/2023\/08\/210909kulladal_lisawikstrand_012.jpg\",\"datePublished\":\"2023-10-06T05:36:07+00:00\",\"dateModified\":\"2023-12-04T05:25:19+00:00\",\"breadcrumb\":{\"@id\":\"https:\/\/kulladal.com\/braattveta\/#breadcrumb\"},\"inLanguage\":\"nb-NO\",\"potentialAction\":[{\"@type\":\"ReadAction\",\"target\":[\"https:\/\/kulladal.com\/braattveta\/\"]}]},{\"@type\":\"ImageObject\",\"inLanguage\":\"nb-NO\",\"@id\":\"https:\/\/kulladal.com\/braattveta\/#primaryimage\",\"url\":\"https:\/\/kulladal.com\/wp-content\/uploads\/2023\/08\/210909kulladal_lisawikstrand_012.jpg\",\"contentUrl\":\"https:\/\/kulladal.com\/wp-content\/uploads\/2023\/08\/210909kulladal_lisawikstrand_012.jpg\",\"width\":1263,\"height\":2000},{\"@type\":\"BreadcrumbList\",\"@id\":\"https:\/\/kulladal.com\/braattveta\/#breadcrumb\",\"itemListElement\":[{\"@type\":\"ListItem\",\"position\":1,\"name\":\"Home\",\"item\":\"https:\/\/kulladal.com\/\"},{\"@type\":\"ListItem\",\"position\":2,\"name\":\"Bra att veta\"}]},{\"@type\":\"WebSite\",\"@id\":\"https:\/\/kulladal.com\/nb\/#website\",\"url\":\"https:\/\/kulladal.com\/nb\/\",\"name\":\"Kulladal\",\"description\":\"Unika k\u00f6k i klassisk stil.\",\"publisher\":{\"@id\":\"https:\/\/kulladal.com\/nb\/#organization\"},\"potentialAction\":[{\"@type\":\"SearchAction\",\"target\":{\"@type\":\"EntryPoint\",\"urlTemplate\":\"https:\/\/kulladal.com\/nb\/?s={search_term_string}\"},\"query-input\":{\"@type\":\"PropertyValueSpecification\",\"valueRequired\":true,\"valueName\":\"search_term_string\"}}],\"inLanguage\":\"nb-NO\"},{\"@type\":\"Organization\",\"@id\":\"https:\/\/kulladal.com\/nb\/#organization\",\"name\":\"Kulladal Kitchens AB\",\"alternateName\":\"Kulladal\",\"url\":\"https:\/\/kulladal.com\/nb\/\",\"logo\":{\"@type\":\"ImageObject\",\"inLanguage\":\"nb-NO\",\"@id\":\"https:\/\/kulladal.com\/nb\/#\/schema\/logo\/image\/\",\"url\":\"https:\/\/kulladal.com\/wp-content\/uploads\/2023\/10\/logo_kulladal_classic_kitchens_white.png\",\"contentUrl\":\"https:\/\/kulladal.com\/wp-content\/uploads\/2023\/10\/logo_kulladal_classic_kitchens_white.png\",\"width\":823,\"height\":551,\"caption\":\"Kulladal Kitchens AB\"},\"image\":{\"@id\":\"https:\/\/kulladal.com\/nb\/#\/schema\/logo\/image\/\"},\"sameAs\":[\"https:\/\/www.facebook.com\/Kulladal20tal\",\"https:\/\/www.instagram.com\/kulladalkitchens\/\",\"https:\/\/www.youtube.com\/channel\/UCBwmfSKz31E6bpnxNFTrbRQ\",\"https:\/\/se.pinterest.com\/kulladalkitchens\/\"]},{\"@type\":\"Person\",\"@id\":\"https:\/\/kulladal.com\/nb\/#\/schema\/person\/99d5e5583fb7f084126288f8356e51bb\",\"name\":\"Adam Haglund\",\"image\":{\"@type\":\"ImageObject\",\"inLanguage\":\"nb-NO\",\"@id\":\"https:\/\/kulladal.com\/nb\/#\/schema\/person\/image\/\",\"url\":\"https:\/\/secure.gravatar.com\/avatar\/b440dbde880c058e50f809d2166d38761e44a6d075c711e3a5fe31cb6b82eb87?s=96&d=mm&r=g\",\"contentUrl\":\"https:\/\/secure.gravatar.com\/avatar\/b440dbde880c058e50f809d2166d38761e44a6d075c711e3a5fe31cb6b82eb87?s=96&d=mm&r=g\",\"caption\":\"Adam Haglund\"},\"sameAs\":[\"https:\/\/kulladal.com\"],\"url\":\"https:\/\/kulladal.com\/nb\/author\/adam\/\"}]}<\/script>\n<!-- \/ Yoast SEO plugin. -->","yoast_head_json":{"title":"Bra att veta - Kulladal","robots":{"index":"index","follow":"follow","max-snippet":"max-snippet:-1","max-image-preview":"max-image-preview:large","max-video-preview":"max-video-preview:-1"},"canonical":"https:\/\/kulladal.com\/nb\/braattveta\/","og_locale":"nb_NO","og_type":"article","og_title":"Bra att veta - Kulladal","og_description":"Vi vet att ett nytt k\u00f6k \u00e4r en stor investering som man vill \u00e4lska i m\u00e5nga \u00e5r fram\u00f6ver. Vi har d\u00e4rf\u00f6r tagit fram n\u00e5gra saker som \u00e4r bra att t\u00e4nka p\u00e5 innan man k\u00f6per sitt k\u00f6k fr\u00e5n oss. Massivt tr\u00e4 r\u00f6r sig Till skillnad fr\u00e5n sp\u00e5nskivor och laminat \u2013 som de flesta andra k\u00f6k p\u00e5 [&hellip;]","og_url":"https:\/\/kulladal.com\/nb\/braattveta\/","og_site_name":"Kulladal","article_publisher":"https:\/\/www.facebook.com\/Kulladal20tal","article_modified_time":"2023-12-04T05:25:19+00:00","og_image":[{"width":1263,"height":2000,"url":"https:\/\/kulladal.com\/wp-content\/uploads\/2023\/08\/210909kulladal_lisawikstrand_012.jpg","type":"image\/jpeg"}],"twitter_card":"summary_large_image","twitter_misc":{"Ansl. lesetid":"2 minutter"},"schema":{"@context":"https:\/\/schema.org","@graph":[{"@type":"Article","@id":"https:\/\/kulladal.com\/braattveta\/#article","isPartOf":{"@id":"https:\/\/kulladal.com\/braattveta\/"},"author":{"name":"Adam Haglund","@id":"https:\/\/kulladal.com\/nb\/#\/schema\/person\/99d5e5583fb7f084126288f8356e51bb"},"headline":"Bra att veta","datePublished":"2023-10-06T05:36:07+00:00","dateModified":"2023-12-04T05:25:19+00:00","mainEntityOfPage":{"@id":"https:\/\/kulladal.com\/braattveta\/"},"wordCount":357,"publisher":{"@id":"https:\/\/kulladal.com\/nb\/#organization"},"image":{"@id":"https:\/\/kulladal.com\/braattveta\/#primaryimage"},"thumbnailUrl":"https:\/\/kulladal.com\/wp-content\/uploads\/2023\/08\/210909kulladal_lisawikstrand_012.jpg","inLanguage":"nb-NO"},{"@type":"WebPage","@id":"https:\/\/kulladal.com\/braattveta\/","url":"https:\/\/kulladal.com\/braattveta\/","name":"Bra att veta - Kulladal","isPartOf":{"@id":"https:\/\/kulladal.com\/nb\/#website"},"primaryImageOfPage":{"@id":"https:\/\/kulladal.com\/braattveta\/#primaryimage"},"image":{"@id":"https:\/\/kulladal.com\/braattveta\/#primaryimage"},"thumbnailUrl":"https:\/\/kulladal.com\/wp-content\/uploads\/2023\/08\/210909kulladal_lisawikstrand_012.jpg","datePublished":"2023-10-06T05:36:07+00:00","dateModified":"2023-12-04T05:25:19+00:00","breadcrumb":{"@id":"https:\/\/kulladal.com\/braattveta\/#breadcrumb"},"inLanguage":"nb-NO","potentialAction":[{"@type":"ReadAction","target":["https:\/\/kulladal.com\/braattveta\/"]}]},{"@type":"ImageObject","inLanguage":"nb-NO","@id":"https:\/\/kulladal.com\/braattveta\/#primaryimage","url":"https:\/\/kulladal.com\/wp-content\/uploads\/2023\/08\/210909kulladal_lisawikstrand_012.jpg","contentUrl":"https:\/\/kulladal.com\/wp-content\/uploads\/2023\/08\/210909kulladal_lisawikstrand_012.jpg","width":1263,"height":2000},{"@type":"BreadcrumbList","@id":"https:\/\/kulladal.com\/braattveta\/#breadcrumb","itemListElement":[{"@type":"ListItem","position":1,"name":"Home","item":"https:\/\/kulladal.com\/"},{"@type":"ListItem","position":2,"name":"Bra att veta"}]},{"@type":"WebSite","@id":"https:\/\/kulladal.com\/nb\/#website","url":"https:\/\/kulladal.com\/nb\/","name":"Kulladal","description":"Unika k\u00f6k i klassisk stil.","publisher":{"@id":"https:\/\/kulladal.com\/nb\/#organization"},"potentialAction":[{"@type":"SearchAction","target":{"@type":"EntryPoint","urlTemplate":"https:\/\/kulladal.com\/nb\/?s={search_term_string}"},"query-input":{"@type":"PropertyValueSpecification","valueRequired":true,"valueName":"search_term_string"}}],"inLanguage":"nb-NO"},{"@type":"Organization","@id":"https:\/\/kulladal.com\/nb\/#organization","name":"Kulladal Kitchens AB","alternateName":"Kulladal","url":"https:\/\/kulladal.com\/nb\/","logo":{"@type":"ImageObject","inLanguage":"nb-NO","@id":"https:\/\/kulladal.com\/nb\/#\/schema\/logo\/image\/","url":"https:\/\/kulladal.com\/wp-content\/uploads\/2023\/10\/logo_kulladal_classic_kitchens_white.png","contentUrl":"https:\/\/kulladal.com\/wp-content\/uploads\/2023\/10\/logo_kulladal_classic_kitchens_white.png","width":823,"height":551,"caption":"Kulladal Kitchens AB"},"image":{"@id":"https:\/\/kulladal.com\/nb\/#\/schema\/logo\/image\/"},"sameAs":["https:\/\/www.facebook.com\/Kulladal20tal","https:\/\/www.instagram.com\/kulladalkitchens\/","https:\/\/www.youtube.com\/channel\/UCBwmfSKz31E6bpnxNFTrbRQ","https:\/\/se.pinterest.com\/kulladalkitchens\/"]},{"@type":"Person","@id":"https:\/\/kulladal.com\/nb\/#\/schema\/person\/99d5e5583fb7f084126288f8356e51bb","name":"Adam Haglund","image":{"@type":"ImageObject","inLanguage":"nb-NO","@id":"https:\/\/kulladal.com\/nb\/#\/schema\/person\/image\/","url":"https:\/\/secure.gravatar.com\/avatar\/b440dbde880c058e50f809d2166d38761e44a6d075c711e3a5fe31cb6b82eb87?s=96&d=mm&r=g","contentUrl":"https:\/\/secure.gravatar.com\/avatar\/b440dbde880c058e50f809d2166d38761e44a6d075c711e3a5fe31cb6b82eb87?s=96&d=mm&r=g","caption":"Adam Haglund"},"sameAs":["https:\/\/kulladal.com"],"url":"https:\/\/kulladal.com\/nb\/author\/adam\/"}]}},"_links":{"self":[{"href":"https:\/\/kulladal.com\/nb\/wp-json\/wp\/v2\/pages\/125","targetHints":{"allow":["GET"]}}],"collection":[{"href":"https:\/\/kulladal.com\/nb\/wp-json\/wp\/v2\/pages"}],"about":[{"href":"https:\/\/kulladal.com\/nb\/wp-json\/wp\/v2\/types\/page"}],"author":[{"embeddable":true,"href":"https:\/\/kulladal.com\/nb\/wp-json\/wp\/v2\/users\/9"}],"replies":[{"embeddable":true,"href":"https:\/\/kulladal.com\/nb\/wp-json\/wp\/v2\/comments?post=125"}],"version-history":[{"count":31,"href":"https:\/\/kulladal.com\/nb\/wp-json\/wp\/v2\/pages\/125\/revisions"}],"predecessor-version":[{"id":3757,"href":"https:\/\/kulladal.com\/nb\/wp-json\/wp\/v2\/pages\/125\/revisions\/3757"}],"wp:featuredmedia":[{"embeddable":true,"href":"https:\/\/kulladal.com\/nb\/wp-json\/wp\/v2\/media\/1791"}],"wp:attachment":[{"href":"https:\/\/kulladal.com\/nb\/wp-json\/wp\/v2\/media?parent=125"}],"curies":[{"name":"wp","href":"https:\/\/api.w.org\/{rel}","templated":true}]}}