{"id":124,"date":"2023-10-06T07:36:07","date_gmt":"2023-10-06T05:36:07","guid":{"rendered":"https:\/\/kulladalkitchens.com\/vad-r-ett-tjugotalskk\/"},"modified":"2024-12-10T13:13:46","modified_gmt":"2024-12-10T12:13:46","slug":"vad-r-ett-tjugotalskk","status":"publish","type":"page","link":"https:\/\/kulladal.com\/nb\/vad-r-ett-tjugotalskk\/","title":{"rendered":"Hva er et Kulladalkj\u00f8kken?"},"content":{"rendered":"<div class=\"wp-block-group alignfull has-background has-global-padding is-layout-constrained wp-container-core-group-is-layout-9dcc7e99 wp-block-group-is-layout-constrained\" style=\"background-color:#eeedeb;margin-top:0px;margin-bottom:0px;padding-top:var(--wp--preset--spacing--70);padding-right:var(--wp--preset--spacing--30);padding-bottom:var(--wp--preset--spacing--70);padding-left:var(--wp--preset--spacing--30)\"><p class=\"has-text-align-center has-medium-font-size wp-container-content-7efe0f6a\" style=\"padding-right:var(--wp--preset--spacing--30);padding-left:var(--wp--preset--spacing--30)\">P\u00e5 1920-talet b\u00f6rjade man inreda sina k\u00f6k p\u00e5 det s\u00e4tt som vi g\u00f6r idag.<br>Innan dess var k\u00f6ken ofta ett hopplock av olika m\u00f6bler, men fr\u00e5n 20-talet och fram\u00e5t blev det vanligt med v\u00e4ggfast inredning. Under 30-talet och fram\u00e5t blev k\u00f6ket en central del av bostaden och en alltmer social plats i hemmet. Funktion var lika viktigt som social samvaro och matlagning. <\/p>\n\n<p class=\"has-text-align-center has-medium-font-size wp-container-content-7efe0f6a\" style=\"padding-top:var(--wp--preset--spacing--30)\">Vi har inspirerats av estetiken och hantverket fr\u00e5n denna tid och det ligger till grund f\u00f6r v\u00e5ra k\u00f6k!<\/p><\/div><div class=\"wp-block-group alignfull has-base-background-color has-background has-global-padding is-layout-constrained wp-container-core-group-is-layout-9dcc7e99 wp-block-group-is-layout-constrained\" style=\"margin-top:0px;margin-bottom:0px;padding-top:var(--wp--preset--spacing--70);padding-right:var(--wp--preset--spacing--30);padding-bottom:var(--wp--preset--spacing--70);padding-left:var(--wp--preset--spacing--30)\"><h2 class=\"wp-block-heading\"><strong>Klassiskt hantverk<\/strong>.<\/h2>\n\n<p class=\"has-text-align-left wp-container-content-7efe0f6a\" style=\"padding-top:var(--wp--preset--spacing--30);padding-bottom:var(--wp--preset--spacing--30)\">Kulladal g\u00f6r k\u00f6k i b\u00e5de \u00e4ldre och modern stil, serierna <strong><a href=\"https:\/\/kulladal.com\/nb\/legacy\/\" data-type=\"page\" data-id=\"7257\">Legacy<\/a><\/strong> respektive <strong><a href=\"https:\/\/kulladal.com\/nb\/modernist\/\" data-type=\"page\" data-id=\"7259\">Modernist<\/a><\/strong>. Men oavsett vilken stil \u00e4r sj\u00e4lva grunden inspirerad av hur man byggde k\u00f6k f\u00f6rr i tiden.<\/p>\n\n<p class=\"has-text-align-left wp-container-content-7efe0f6a\" style=\"padding-top:var(--wp--preset--spacing--30);padding-bottom:var(--wp--preset--spacing--30)\">Kring f\u00f6rra sekelskiftet hade man \u00e4nnu inte b\u00f6rjat anv\u00e4nda sp\u00e5nskivor, utan man h\u00f6ll sig till naturligt tr\u00e4. Vi p\u00e5 Kulladal g\u00f6r likadant; v\u00e5ra k\u00f6k \u00e4r byggda helt i massivt tr\u00e4. Vi anv\u00e4nder kvistfru furu till stommarna, och furu, al och bj\u00f6rk till luckorna. <\/p>\n\n<p class=\"has-text-align-left wp-container-content-7efe0f6a\" style=\"padding-top:var(--wp--preset--spacing--30);padding-bottom:var(--wp--preset--spacing--30)\">Tr\u00e4et syns framf\u00f6r allt p\u00e5 insidan, d\u00e4r de tr\u00e4rena ytorna \u00e4r behandlade med vitpigmenterat linoljevax. Utsidorna \u00e4r m\u00e5lade, alltid f\u00f6r hand, vilket ger en levande yta. <\/p>\n\n<p class=\"has-text-align-left wp-container-content-7efe0f6a\" style=\"padding-top:var(--wp--preset--spacing--30);padding-bottom:var(--wp--preset--spacing--30)\">Alla Kulladals k\u00f6k \u00e4r platsoptimerade \u2013 sk\u00e5pen kan anpassas i bredd, h\u00f6jd och djup, f\u00f6r att passa perfekt i rummet.<\/p>\n\n<h2 class=\"wp-block-heading\" style=\"padding-top:var(--wp--preset--spacing--30)\">Funktionellt, h\u00e5llbart och modernt<\/h2>\n\n<p class=\"has-text-align-left wp-container-content-7efe0f6a\" style=\"padding-top:var(--wp--preset--spacing--40);padding-bottom:0\">Mycket var fint f\u00f6rr, men nej, vi \u00e4r inga bak\u00e5tstr\u00e4vare. Vi anser att ett k\u00f6k i f\u00f6rsta hand \u00e4r en plats f\u00f6r samvaro och matgl\u00e4dje, och d\u00e5 m\u00e5ste allt fungera. Till exempel anv\u00e4nder vi bara de b\u00e4sta l\u00e5dskenorna \u2013 med fullutdrag och mjukst\u00e4ngning \u2013 och vi har en rad smarta f\u00f6rvaringsl\u00f6sningar. P\u00e5 s\u00e5 s\u00e4tt finns allt finns n\u00e4ra till hands n\u00e4r du lagar mat. <\/p>\n\n<p class=\"has-text-align-left wp-container-content-7efe0f6a\" style=\"padding-top:var(--wp--preset--spacing--40);padding-bottom:0\">V\u00e5ra k\u00f6k \u00e4r f\u00f6rst\u00e5s fullt kompatibla med alla moderna vitvaror, och b\u00e4nk- h\u00f6jden h\u00e5ller 90 cm standard. Ett k\u00f6k fr\u00e5n Kulladal \u00e4r h\u00e5llbart \u2013 b\u00e5de f\u00f6r din ekonomi och v\u00e5r planet. Genom att g\u00e5 tillbaka till ursprunget och bara anv\u00e4nda massivt tr\u00e4, blir det k\u00f6k som h\u00e5ller l\u00e4nge.<\/p><\/div><div class=\"wp-block-group alignfull is-layout-flow wp-block-group-is-layout-flow\" style=\"padding-top:0;padding-bottom:0\"><div class=\"wp-block-cover\" style=\"padding-top:var(--wp--preset--spacing--40);padding-bottom:var(--wp--preset--spacing--40);min-height:55vh;aspect-ratio:unset;\"><span aria-hidden=\"true\" class=\"wp-block-cover__background has-background-dim\"><\/span><img loading=\"lazy\" decoding=\"async\" width=\"1334\" height=\"2000\" class=\"wp-block-cover__image-background wp-image-1829\" alt=\"\" src=\"https:\/\/kulladal.com\/wp-content\/uploads\/2023\/08\/220609kulladal_lisawikstrand_016.jpg\" data-object-fit=\"cover\" srcset=\"https:\/\/kulladal.com\/wp-content\/uploads\/2023\/08\/220609kulladal_lisawikstrand_016.jpg 1334w, https:\/\/kulladal.com\/wp-content\/uploads\/2023\/08\/220609kulladal_lisawikstrand_016-600x900.jpg 600w, https:\/\/kulladal.com\/wp-content\/uploads\/2023\/08\/220609kulladal_lisawikstrand_016-200x300.jpg 200w, https:\/\/kulladal.com\/wp-content\/uploads\/2023\/08\/220609kulladal_lisawikstrand_016-683x1024.jpg 683w, https:\/\/kulladal.com\/wp-content\/uploads\/2023\/08\/220609kulladal_lisawikstrand_016-768x1151.jpg 768w, https:\/\/kulladal.com\/wp-content\/uploads\/2023\/08\/220609kulladal_lisawikstrand_016-1025x1536.jpg 1025w, https:\/\/kulladal.com\/wp-content\/uploads\/2023\/08\/220609kulladal_lisawikstrand_016-8x12.jpg 8w\" sizes=\"auto, (max-width: 1334px) 100vw, 1334px\" \/><div class=\"wp-block-cover__inner-container is-layout-flow wp-block-cover-is-layout-flow\"><div class=\"wp-block-group has-global-padding is-layout-constrained wp-container-core-group-is-layout-921f2896 wp-block-group-is-layout-constrained\"><h2 class=\"wp-block-heading has-text-align-center has-base-color has-text-color\" style=\"padding-bottom:var(--wp--preset--spacing--30)\">Passer et Kulladalkj\u00f8kken hos deg?<\/h2>\n\n<p class=\"has-text-align-center link-white has-medium-font-size\" style=\"padding-top:0;padding-bottom:0\">V\u00e5r serie <strong><a href=\"https:\/\/kulladal.com\/nb\/legacy\/\" data-type=\"page\" data-id=\"7257\">Legacy<\/a><\/strong> g\u00f6r sig b\u00e4st i \u00e4ldre hus. Om ditt hem \u00e4r \u00e4ldre \u00e4n 90 &#8211; 70 \u00e5r s\u00e5 kommer ett Legacyk\u00f6k passa utm\u00e4rkt.<br><\/p>\n\n<p class=\"has-text-align-center link-white has-base-color has-text-color has-medium-font-size\" style=\"padding-top:0;padding-bottom:0\">Om du bor i ett hus fr\u00e5n 1940-talet och fram\u00e5t, \u00e4r serien <strong><a href=\"https:\/\/kulladal.com\/nb\/modernist\/\" data-type=\"page\" data-id=\"7259\">Modernist<\/a><\/strong> f\u00f6r dig. Det stramare formspr\u00e5ket passar perfekt i s\u00e5v\u00e4l nybyggt som i funkisvillan.<\/p>\n\n<p class=\"has-text-align-center has-base-color has-text-color has-medium-font-size\" style=\"padding-top:var(--wp--preset--spacing--30);padding-bottom:var(--wp--preset--spacing--30)\">Et kj\u00f8kken fra Kulladal passer ogs\u00e5 deg som liker bygningsverd siden vi bygger kj\u00f8kken med tradisjonelle metoder. Dersom du har ambisjoner om \u00e5 tilbakestillet boligen din til originalutforming kommer et Kulladalskj\u00f8kken til \u00e5 f\u00f8les selvf\u00f8lgelig.<\/p><\/div><\/div><\/div><\/div><p><\/p>","protected":false},"excerpt":{"rendered":"<p>P\u00e5 1920-talet b\u00f6rjade man inreda sina k\u00f6k p\u00e5 det s\u00e4tt som vi g\u00f6r idag.Innan dess var k\u00f6ken ofta ett hopplock av olika m\u00f6bler, men fr\u00e5n 20-talet och fram\u00e5t blev det vanligt med v\u00e4ggfast inredning. Under 30-talet och fram\u00e5t blev k\u00f6ket en central del av bostaden och en alltmer social plats i hemmet. Funktion var lika [&hellip;]<\/p>","protected":false},"author":9,"featured_media":1792,"parent":0,"menu_order":0,"comment_status":"closed","ping_status":"closed","template":"","meta":{"footnotes":""},"class_list":["post-124","page","type-page","status-publish","has-post-thumbnail","hentry"],"yoast_head":"<!-- This site is optimized with the Yoast SEO plugin v24.3 - https:\/\/yoast.com\/wordpress\/plugins\/seo\/ -->\n<title>Vad \u00e4r ett Kulladalk\u00f6k? - Kulladal<\/title>\n<meta name=\"robots\" content=\"index, follow, max-snippet:-1, max-image-preview:large, max-video-preview:-1\" \/>\n<link rel=\"canonical\" href=\"https:\/\/kulladal.com\/nb\/vad-r-ett-tjugotalskk\/\" \/>\n<meta property=\"og:locale\" content=\"nb_NO\" \/>\n<meta property=\"og:type\" content=\"article\" \/>\n<meta property=\"og:title\" content=\"Vad \u00e4r ett Kulladalk\u00f6k? - Kulladal\" \/>\n<meta property=\"og:description\" content=\"P\u00e5 1920-talet b\u00f6rjade man inreda sina k\u00f6k p\u00e5 det s\u00e4tt som vi g\u00f6r idag.Innan dess var k\u00f6ken ofta ett hopplock av olika m\u00f6bler, men fr\u00e5n 20-talet och fram\u00e5t blev det vanligt med v\u00e4ggfast inredning. Under 30-talet och fram\u00e5t blev k\u00f6ket en central del av bostaden och en alltmer social plats i hemmet. Funktion var lika [&hellip;]\" \/>\n<meta property=\"og:url\" content=\"https:\/\/kulladal.com\/nb\/vad-r-ett-tjugotalskk\/\" \/>\n<meta property=\"og:site_name\" content=\"Kulladal\" \/>\n<meta property=\"article:publisher\" content=\"https:\/\/www.facebook.com\/Kulladal20tal\" \/>\n<meta property=\"article:modified_time\" content=\"2024-12-10T12:13:46+00:00\" \/>\n<meta property=\"og:image\" content=\"https:\/\/kulladal.com\/wp-content\/uploads\/2023\/08\/211009kulladal_lisawikstrand004_1.jpg\" \/>\n\t<meta property=\"og:image:width\" content=\"2000\" \/>\n\t<meta property=\"og:image:height\" content=\"1345\" \/>\n\t<meta property=\"og:image:type\" content=\"image\/jpeg\" \/>\n<meta name=\"twitter:card\" content=\"summary_large_image\" \/>\n<meta name=\"twitter:label1\" content=\"Ansl. lesetid\" \/>\n\t<meta name=\"twitter:data1\" content=\"2 minutter\" \/>\n<script type=\"application\/ld+json\" class=\"yoast-schema-graph\">{\"@context\":\"https:\/\/schema.org\",\"@graph\":[{\"@type\":\"Article\",\"@id\":\"https:\/\/kulladal.com\/vad-r-ett-tjugotalskk\/#article\",\"isPartOf\":{\"@id\":\"https:\/\/kulladal.com\/vad-r-ett-tjugotalskk\/\"},\"author\":{\"name\":\"Adam Haglund\",\"@id\":\"https:\/\/kulladal.com\/nb\/#\/schema\/person\/99d5e5583fb7f084126288f8356e51bb\"},\"headline\":\"Vad \u00e4r ett Kulladalk\u00f6k?\",\"datePublished\":\"2023-10-06T05:36:07+00:00\",\"dateModified\":\"2024-12-10T12:13:46+00:00\",\"mainEntityOfPage\":{\"@id\":\"https:\/\/kulladal.com\/vad-r-ett-tjugotalskk\/\"},\"wordCount\":499,\"publisher\":{\"@id\":\"https:\/\/kulladal.com\/nb\/#organization\"},\"image\":{\"@id\":\"https:\/\/kulladal.com\/vad-r-ett-tjugotalskk\/#primaryimage\"},\"thumbnailUrl\":\"https:\/\/kulladal.com\/wp-content\/uploads\/2023\/08\/211009kulladal_lisawikstrand004_1.jpg\",\"inLanguage\":\"nb-NO\"},{\"@type\":\"WebPage\",\"@id\":\"https:\/\/kulladal.com\/vad-r-ett-tjugotalskk\/\",\"url\":\"https:\/\/kulladal.com\/vad-r-ett-tjugotalskk\/\",\"name\":\"Vad \u00e4r ett Kulladalk\u00f6k? - Kulladal\",\"isPartOf\":{\"@id\":\"https:\/\/kulladal.com\/nb\/#website\"},\"primaryImageOfPage\":{\"@id\":\"https:\/\/kulladal.com\/vad-r-ett-tjugotalskk\/#primaryimage\"},\"image\":{\"@id\":\"https:\/\/kulladal.com\/vad-r-ett-tjugotalskk\/#primaryimage\"},\"thumbnailUrl\":\"https:\/\/kulladal.com\/wp-content\/uploads\/2023\/08\/211009kulladal_lisawikstrand004_1.jpg\",\"datePublished\":\"2023-10-06T05:36:07+00:00\",\"dateModified\":\"2024-12-10T12:13:46+00:00\",\"breadcrumb\":{\"@id\":\"https:\/\/kulladal.com\/vad-r-ett-tjugotalskk\/#breadcrumb\"},\"inLanguage\":\"nb-NO\",\"potentialAction\":[{\"@type\":\"ReadAction\",\"target\":[\"https:\/\/kulladal.com\/vad-r-ett-tjugotalskk\/\"]}]},{\"@type\":\"ImageObject\",\"inLanguage\":\"nb-NO\",\"@id\":\"https:\/\/kulladal.com\/vad-r-ett-tjugotalskk\/#primaryimage\",\"url\":\"https:\/\/kulladal.com\/wp-content\/uploads\/2023\/08\/211009kulladal_lisawikstrand004_1.jpg\",\"contentUrl\":\"https:\/\/kulladal.com\/wp-content\/uploads\/2023\/08\/211009kulladal_lisawikstrand004_1.jpg\",\"width\":2000,\"height\":1345},{\"@type\":\"BreadcrumbList\",\"@id\":\"https:\/\/kulladal.com\/vad-r-ett-tjugotalskk\/#breadcrumb\",\"itemListElement\":[{\"@type\":\"ListItem\",\"position\":1,\"name\":\"Home\",\"item\":\"https:\/\/kulladal.com\/\"},{\"@type\":\"ListItem\",\"position\":2,\"name\":\"Vad \u00e4r ett Kulladalk\u00f6k?\"}]},{\"@type\":\"WebSite\",\"@id\":\"https:\/\/kulladal.com\/nb\/#website\",\"url\":\"https:\/\/kulladal.com\/nb\/\",\"name\":\"Kulladal\",\"description\":\"Unika k\u00f6k i klassisk stil.\",\"publisher\":{\"@id\":\"https:\/\/kulladal.com\/nb\/#organization\"},\"potentialAction\":[{\"@type\":\"SearchAction\",\"target\":{\"@type\":\"EntryPoint\",\"urlTemplate\":\"https:\/\/kulladal.com\/nb\/?s={search_term_string}\"},\"query-input\":{\"@type\":\"PropertyValueSpecification\",\"valueRequired\":true,\"valueName\":\"search_term_string\"}}],\"inLanguage\":\"nb-NO\"},{\"@type\":\"Organization\",\"@id\":\"https:\/\/kulladal.com\/nb\/#organization\",\"name\":\"Kulladal Kitchens AB\",\"alternateName\":\"Kulladal\",\"url\":\"https:\/\/kulladal.com\/nb\/\",\"logo\":{\"@type\":\"ImageObject\",\"inLanguage\":\"nb-NO\",\"@id\":\"https:\/\/kulladal.com\/nb\/#\/schema\/logo\/image\/\",\"url\":\"https:\/\/kulladal.com\/wp-content\/uploads\/2023\/10\/logo_kulladal_classic_kitchens_white.png\",\"contentUrl\":\"https:\/\/kulladal.com\/wp-content\/uploads\/2023\/10\/logo_kulladal_classic_kitchens_white.png\",\"width\":823,\"height\":551,\"caption\":\"Kulladal Kitchens AB\"},\"image\":{\"@id\":\"https:\/\/kulladal.com\/nb\/#\/schema\/logo\/image\/\"},\"sameAs\":[\"https:\/\/www.facebook.com\/Kulladal20tal\",\"https:\/\/www.instagram.com\/kulladalkitchens\/\",\"https:\/\/www.youtube.com\/channel\/UCBwmfSKz31E6bpnxNFTrbRQ\",\"https:\/\/se.pinterest.com\/kulladalkitchens\/\"]},{\"@type\":\"Person\",\"@id\":\"https:\/\/kulladal.com\/nb\/#\/schema\/person\/99d5e5583fb7f084126288f8356e51bb\",\"name\":\"Adam Haglund\",\"image\":{\"@type\":\"ImageObject\",\"inLanguage\":\"nb-NO\",\"@id\":\"https:\/\/kulladal.com\/nb\/#\/schema\/person\/image\/\",\"url\":\"https:\/\/secure.gravatar.com\/avatar\/b440dbde880c058e50f809d2166d38761e44a6d075c711e3a5fe31cb6b82eb87?s=96&d=mm&r=g\",\"contentUrl\":\"https:\/\/secure.gravatar.com\/avatar\/b440dbde880c058e50f809d2166d38761e44a6d075c711e3a5fe31cb6b82eb87?s=96&d=mm&r=g\",\"caption\":\"Adam Haglund\"},\"sameAs\":[\"https:\/\/kulladal.com\"],\"url\":\"https:\/\/kulladal.com\/nb\/author\/adam\/\"}]}<\/script>\n<!-- \/ Yoast SEO plugin. -->","yoast_head_json":{"title":"Vad \u00e4r ett Kulladalk\u00f6k? - Kulladal","robots":{"index":"index","follow":"follow","max-snippet":"max-snippet:-1","max-image-preview":"max-image-preview:large","max-video-preview":"max-video-preview:-1"},"canonical":"https:\/\/kulladal.com\/nb\/vad-r-ett-tjugotalskk\/","og_locale":"nb_NO","og_type":"article","og_title":"Vad \u00e4r ett Kulladalk\u00f6k? - Kulladal","og_description":"P\u00e5 1920-talet b\u00f6rjade man inreda sina k\u00f6k p\u00e5 det s\u00e4tt som vi g\u00f6r idag.Innan dess var k\u00f6ken ofta ett hopplock av olika m\u00f6bler, men fr\u00e5n 20-talet och fram\u00e5t blev det vanligt med v\u00e4ggfast inredning. Under 30-talet och fram\u00e5t blev k\u00f6ket en central del av bostaden och en alltmer social plats i hemmet. Funktion var lika [&hellip;]","og_url":"https:\/\/kulladal.com\/nb\/vad-r-ett-tjugotalskk\/","og_site_name":"Kulladal","article_publisher":"https:\/\/www.facebook.com\/Kulladal20tal","article_modified_time":"2024-12-10T12:13:46+00:00","og_image":[{"width":2000,"height":1345,"url":"https:\/\/kulladal.com\/wp-content\/uploads\/2023\/08\/211009kulladal_lisawikstrand004_1.jpg","type":"image\/jpeg"}],"twitter_card":"summary_large_image","twitter_misc":{"Ansl. lesetid":"2 minutter"},"schema":{"@context":"https:\/\/schema.org","@graph":[{"@type":"Article","@id":"https:\/\/kulladal.com\/vad-r-ett-tjugotalskk\/#article","isPartOf":{"@id":"https:\/\/kulladal.com\/vad-r-ett-tjugotalskk\/"},"author":{"name":"Adam Haglund","@id":"https:\/\/kulladal.com\/nb\/#\/schema\/person\/99d5e5583fb7f084126288f8356e51bb"},"headline":"Vad \u00e4r ett Kulladalk\u00f6k?","datePublished":"2023-10-06T05:36:07+00:00","dateModified":"2024-12-10T12:13:46+00:00","mainEntityOfPage":{"@id":"https:\/\/kulladal.com\/vad-r-ett-tjugotalskk\/"},"wordCount":499,"publisher":{"@id":"https:\/\/kulladal.com\/nb\/#organization"},"image":{"@id":"https:\/\/kulladal.com\/vad-r-ett-tjugotalskk\/#primaryimage"},"thumbnailUrl":"https:\/\/kulladal.com\/wp-content\/uploads\/2023\/08\/211009kulladal_lisawikstrand004_1.jpg","inLanguage":"nb-NO"},{"@type":"WebPage","@id":"https:\/\/kulladal.com\/vad-r-ett-tjugotalskk\/","url":"https:\/\/kulladal.com\/vad-r-ett-tjugotalskk\/","name":"Vad \u00e4r ett Kulladalk\u00f6k? - Kulladal","isPartOf":{"@id":"https:\/\/kulladal.com\/nb\/#website"},"primaryImageOfPage":{"@id":"https:\/\/kulladal.com\/vad-r-ett-tjugotalskk\/#primaryimage"},"image":{"@id":"https:\/\/kulladal.com\/vad-r-ett-tjugotalskk\/#primaryimage"},"thumbnailUrl":"https:\/\/kulladal.com\/wp-content\/uploads\/2023\/08\/211009kulladal_lisawikstrand004_1.jpg","datePublished":"2023-10-06T05:36:07+00:00","dateModified":"2024-12-10T12:13:46+00:00","breadcrumb":{"@id":"https:\/\/kulladal.com\/vad-r-ett-tjugotalskk\/#breadcrumb"},"inLanguage":"nb-NO","potentialAction":[{"@type":"ReadAction","target":["https:\/\/kulladal.com\/vad-r-ett-tjugotalskk\/"]}]},{"@type":"ImageObject","inLanguage":"nb-NO","@id":"https:\/\/kulladal.com\/vad-r-ett-tjugotalskk\/#primaryimage","url":"https:\/\/kulladal.com\/wp-content\/uploads\/2023\/08\/211009kulladal_lisawikstrand004_1.jpg","contentUrl":"https:\/\/kulladal.com\/wp-content\/uploads\/2023\/08\/211009kulladal_lisawikstrand004_1.jpg","width":2000,"height":1345},{"@type":"BreadcrumbList","@id":"https:\/\/kulladal.com\/vad-r-ett-tjugotalskk\/#breadcrumb","itemListElement":[{"@type":"ListItem","position":1,"name":"Home","item":"https:\/\/kulladal.com\/"},{"@type":"ListItem","position":2,"name":"Vad \u00e4r ett Kulladalk\u00f6k?"}]},{"@type":"WebSite","@id":"https:\/\/kulladal.com\/nb\/#website","url":"https:\/\/kulladal.com\/nb\/","name":"Kulladal","description":"Unika k\u00f6k i klassisk stil.","publisher":{"@id":"https:\/\/kulladal.com\/nb\/#organization"},"potentialAction":[{"@type":"SearchAction","target":{"@type":"EntryPoint","urlTemplate":"https:\/\/kulladal.com\/nb\/?s={search_term_string}"},"query-input":{"@type":"PropertyValueSpecification","valueRequired":true,"valueName":"search_term_string"}}],"inLanguage":"nb-NO"},{"@type":"Organization","@id":"https:\/\/kulladal.com\/nb\/#organization","name":"Kulladal Kitchens AB","alternateName":"Kulladal","url":"https:\/\/kulladal.com\/nb\/","logo":{"@type":"ImageObject","inLanguage":"nb-NO","@id":"https:\/\/kulladal.com\/nb\/#\/schema\/logo\/image\/","url":"https:\/\/kulladal.com\/wp-content\/uploads\/2023\/10\/logo_kulladal_classic_kitchens_white.png","contentUrl":"https:\/\/kulladal.com\/wp-content\/uploads\/2023\/10\/logo_kulladal_classic_kitchens_white.png","width":823,"height":551,"caption":"Kulladal Kitchens AB"},"image":{"@id":"https:\/\/kulladal.com\/nb\/#\/schema\/logo\/image\/"},"sameAs":["https:\/\/www.facebook.com\/Kulladal20tal","https:\/\/www.instagram.com\/kulladalkitchens\/","https:\/\/www.youtube.com\/channel\/UCBwmfSKz31E6bpnxNFTrbRQ","https:\/\/se.pinterest.com\/kulladalkitchens\/"]},{"@type":"Person","@id":"https:\/\/kulladal.com\/nb\/#\/schema\/person\/99d5e5583fb7f084126288f8356e51bb","name":"Adam Haglund","image":{"@type":"ImageObject","inLanguage":"nb-NO","@id":"https:\/\/kulladal.com\/nb\/#\/schema\/person\/image\/","url":"https:\/\/secure.gravatar.com\/avatar\/b440dbde880c058e50f809d2166d38761e44a6d075c711e3a5fe31cb6b82eb87?s=96&d=mm&r=g","contentUrl":"https:\/\/secure.gravatar.com\/avatar\/b440dbde880c058e50f809d2166d38761e44a6d075c711e3a5fe31cb6b82eb87?s=96&d=mm&r=g","caption":"Adam Haglund"},"sameAs":["https:\/\/kulladal.com"],"url":"https:\/\/kulladal.com\/nb\/author\/adam\/"}]}},"_links":{"self":[{"href":"https:\/\/kulladal.com\/nb\/wp-json\/wp\/v2\/pages\/124","targetHints":{"allow":["GET"]}}],"collection":[{"href":"https:\/\/kulladal.com\/nb\/wp-json\/wp\/v2\/pages"}],"about":[{"href":"https:\/\/kulladal.com\/nb\/wp-json\/wp\/v2\/types\/page"}],"author":[{"embeddable":true,"href":"https:\/\/kulladal.com\/nb\/wp-json\/wp\/v2\/users\/9"}],"replies":[{"embeddable":true,"href":"https:\/\/kulladal.com\/nb\/wp-json\/wp\/v2\/comments?post=124"}],"version-history":[{"count":25,"href":"https:\/\/kulladal.com\/nb\/wp-json\/wp\/v2\/pages\/124\/revisions"}],"predecessor-version":[{"id":7278,"href":"https:\/\/kulladal.com\/nb\/wp-json\/wp\/v2\/pages\/124\/revisions\/7278"}],"wp:featuredmedia":[{"embeddable":true,"href":"https:\/\/kulladal.com\/nb\/wp-json\/wp\/v2\/media\/1792"}],"wp:attachment":[{"href":"https:\/\/kulladal.com\/nb\/wp-json\/wp\/v2\/media?parent=124"}],"curies":[{"name":"wp","href":"https:\/\/api.w.org\/{rel}","templated":true}]}}