{"id":115,"date":"2023-10-06T07:36:07","date_gmt":"2023-10-06T05:36:07","guid":{"rendered":"https:\/\/kulladalkitchens.com\/kulrer\/"},"modified":"2025-10-23T10:30:04","modified_gmt":"2025-10-23T08:30:04","slug":"kulrer","status":"publish","type":"page","link":"https:\/\/kulladal.com\/nb\/kulrer\/","title":{"rendered":"Farger"},"content":{"rendered":"<div class=\"wp-block-group alignfull has-background has-global-padding is-layout-constrained wp-container-core-group-is-layout-6c87f045 wp-block-group-is-layout-constrained\" style=\"background-color:#f4f5f2;margin-bottom:0;padding-top:var(--wp--preset--spacing--60);padding-right:var(--wp--preset--spacing--30);padding-bottom:var(--wp--preset--spacing--60);padding-left:var(--wp--preset--spacing--30)\"><h1 class=\"wp-block-heading has-text-align-center\">Kj\u00e6rligheten til linoljemaling.<\/h1>\n\n<p class=\"has-text-align-center has-medium-font-size\" style=\"padding-top:var(--wp--preset--spacing--30);padding-bottom:var(--wp--preset--spacing--30)\">V\u00e5re kj\u00f8kken er malt med linoljemaling, slik m\u00f8bler ble malt tidligere. Vi har utviklet v\u00e5r egen fargepalett med flere farger som du kan velge mellom dersom du velger linoljemaling. Kj\u00f8kkenet ditt grunnes i snekkerarbeidet, to str\u00f8k, og deretter ferdig hjemme hos deg etter montering.<\/p>\n\n<p class=\"has-text-align-center has-medium-font-size\">Du kan ocks\u00e5 f\u00e5 ditt k\u00f6k m\u00e5lat i konventionell f\u00e4rg. Du kan \u00e4ven v\u00e4lja att f\u00e5 k\u00f6ket grundm\u00e5lat eller helt om\u00e5lat, och sedan m\u00e5la sj\u00e4lv.<\/p><\/div><div class=\"wp-block-group alignfull has-global-padding is-layout-constrained wp-block-group-is-layout-constrained\" style=\"padding-top:var(--wp--preset--spacing--60);padding-bottom:var(--wp--preset--spacing--60)\"><!-- Repeat the structure for another carousel with a unique `data-carousel-id` like \"carousel2\", \"carousel3\", etc. -->\n<div class=\"carousel-wrapper\" data-carousel-id=\"carousel1\">\n    <button onclick=\"scrollCarousel('carousel1', -1)\" class=\"carousel-btn prev-btn\"><\/button>\n    <div class=\"custom-carousel\" style=\"height: 100%; display: flex; overflow-x: auto; scroll-behavior: smooth; padding: 0 5px;\">\n    <!-- Carousel Content -->\n<!-- <img decoding=\"async\" src=\"\/\/kulladal.com\/wp-content\/uploads\/2023\/11\/kulorer-nr1.jpg\" class=\"carousel-image\" alt=\"Decorative Interior 1\" loading=\"lazy\"> -->\n<img decoding=\"async\" src=\"\/\/kulladal.com\/wp-content\/uploads\/2023\/11\/kulorer-nr12.jpg\" class=\"carousel-image\" alt=\"Decorative Interior 2\" loading=\"lazy\">\n<img decoding=\"async\" src=\"\/\/kulladal.com\/wp-content\/uploads\/2023\/11\/kulorer-nr19.jpg\" class=\"carousel-image\" alt=\"Decorative Interior 3\" loading=\"lazy\">\n<img decoding=\"async\" src=\"\/\/kulladal.com\/wp-content\/uploads\/2023\/11\/kulorer-nr21.jpg\" class=\"carousel-image\" alt=\"Decorative Interior 41\" loading=\"lazy\">\n<img decoding=\"async\" src=\"\/\/kulladal.com\/wp-content\/uploads\/2023\/11\/kulorer-nr25.jpg\" class=\"carousel-image\" alt=\"Decorative Interior 4\" loading=\"lazy\">\n<img decoding=\"async\" src=\"\/\/kulladal.com\/wp-content\/uploads\/2023\/11\/kulorer-nr28.jpg\" class=\"carousel-image\" alt=\"Decorative Interior 42\" loading=\"lazy\">\n<img decoding=\"async\" src=\"\/\/kulladal.com\/wp-content\/uploads\/2023\/11\/kulorer-nr31.jpg\" class=\"carousel-image\" alt=\"Decorative Interior 5\" loading=\"lazy\">\n<img decoding=\"async\" src=\"\/\/kulladal.com\/wp-content\/uploads\/2023\/11\/kulorer-nr32.jpg\" class=\"carousel-image\" alt=\"Decorative Interior 6\" loading=\"lazy\">\n<img decoding=\"async\" src=\"\/\/kulladal.com\/wp-content\/uploads\/2023\/11\/kulorer-nr34.jpg\" class=\"carousel-image\" alt=\"Decorative Interior 7\" loading=\"lazy\">\n<img decoding=\"async\" src=\"\/\/kulladal.com\/wp-content\/uploads\/2023\/11\/kulorer-nr38.jpg\" class=\"carousel-image\" alt=\"Decorative Interior 8\" loading=\"lazy\">\n<img decoding=\"async\" src=\"\/\/kulladal.com\/wp-content\/uploads\/2023\/11\/kulorer-nr48.jpg\" class=\"carousel-image\" alt=\"Decorative Interior 9\" loading=\"lazy\">\n<img decoding=\"async\" src=\"\/\/kulladal.com\/wp-content\/uploads\/2023\/11\/kulorer-nr58.jpg\" class=\"carousel-image\" alt=\"Decorative Interior 10\" loading=\"lazy\">\n<img decoding=\"async\" src=\"\/\/kulladal.com\/wp-content\/uploads\/2023\/11\/kulorer-nr67.jpg\" class=\"carousel-image\" alt=\"Decorative Interior 11\" loading=\"lazy\">\n<img decoding=\"async\" src=\"\/\/kulladal.com\/wp-content\/uploads\/2023\/11\/kulorer-nr76.jpg\" class=\"carousel-image\" alt=\"Decorative Interior 411\" loading=\"lazy\">\n<!-- <img decoding=\"async\" src=\"\/\/kulladal.com\/wp-content\/uploads\/2023\/11\/kulorer-nr69.jpg\" class=\"carousel-image\" alt=\"Decorative Interior 12\" loading=\"lazy\"> -->\n<img decoding=\"async\" src=\"\/\/kulladal.com\/wp-content\/uploads\/2023\/11\/kulorer-nr86.jpg\" class=\"carousel-image\" alt=\"Decorative Interior 13\" loading=\"lazy\">\n<!-- <img decoding=\"async\" src=\"\/\/kulladal.com\/wp-content\/uploads\/2023\/11\/kulorer-nr87.jpg\" class=\"carousel-image\" alt=\"Decorative Interior 14\" loading=\"lazy\"> -->\n<img decoding=\"async\" src=\"\/\/kulladal.com\/wp-content\/uploads\/2023\/11\/kulorer-nr97.jpg\" class=\"carousel-image\" alt=\"Decorative Interior 15\" loading=\"lazy\">\n<img decoding=\"async\" src=\"\/\/kulladal.com\/wp-content\/uploads\/2023\/11\/kulorer-nr100.jpg\" class=\"carousel-image\" alt=\"Decorative Interior 16\" loading=\"lazy\">\n<img decoding=\"async\" src=\"\/\/kulladal.com\/wp-content\/uploads\/2023\/11\/kulorer-nr101.jpg\" class=\"carousel-image\" alt=\"Decorative Interior 17\" loading=\"lazy\">\n<img decoding=\"async\" src=\"\/\/kulladal.com\/wp-content\/uploads\/2023\/11\/kulorer-nr107.jpg\" class=\"carousel-image\" alt=\"Decorative Interior 18\" loading=\"lazy\">\n<!-- <img decoding=\"async\" src=\"\/\/kulladal.com\/wp-content\/uploads\/2023\/11\/kulorer-nr111.jpg\" class=\"carousel-image\" alt=\"Decorative Interior 19\" loading=\"lazy\"> -->\n<img decoding=\"async\" src=\"\/\/kulladal.com\/wp-content\/uploads\/2023\/11\/kulorer-nr116.jpg\" class=\"carousel-image\" alt=\"Decorative Interior 20\" loading=\"lazy\">\n<img decoding=\"async\" src=\"\/\/kulladal.com\/wp-content\/uploads\/2023\/11\/kulorer-nr148.jpg\" class=\"carousel-image\" alt=\"Decorative Interior 21\" loading=\"lazy\">\n<img decoding=\"async\" src=\"\/\/kulladal.com\/wp-content\/uploads\/2023\/11\/kulorer-nr151.jpg\" class=\"carousel-image\" alt=\"Decorative Interior 22\" loading=\"lazy\">\n    <\/div>\n    <button onclick=\"scrollCarousel('carousel1', 1)\" class=\"carousel-btn next-btn\"><\/button>\n<\/div><\/div><div class=\"wp-block-group alignfull has-background has-global-padding is-layout-constrained wp-container-core-group-is-layout-f8aee617 wp-block-group-is-layout-constrained\" style=\"background-color:#f4f5f2;margin-top:var(--wp--preset--spacing--30)\"><div class=\"wp-block-columns alignwide is-layout-flex wp-container-core-columns-is-layout-303bbdbd wp-block-columns-is-layout-flex\" style=\"padding-top:var(--wp--preset--spacing--40);padding-right:var(--wp--preset--spacing--30);padding-bottom:var(--wp--preset--spacing--40);padding-left:var(--wp--preset--spacing--30)\"><div class=\"wp-block-column is-layout-flow wp-block-column-is-layout-flow\"><h3 class=\"wp-block-heading has-text-align-center\" style=\"padding-top:var(--wp--preset--spacing--30);padding-bottom:var(--wp--preset--spacing--30)\">Hvorfor linoljefarge?<\/h3><\/div>\n\n<div class=\"wp-block-column has-small-font-size is-layout-flow wp-block-column-is-layout-flow\"><p class=\"has-medium-font-size\" style=\"padding-top:var(--wp--preset--spacing--30);padding-bottom:var(--wp--preset--spacing--30)\">V\u00e5r linoljef\u00e4rg kommer fr\u00e5n <a href=\"https:\/\/selder.com\/\">Selder &amp; Company<\/a> och <a href=\"https:\/\/ottossonfarg.com\/\">Ottosson F\u00e4rgmakeri<\/a> \u2013 tv\u00e5 tillverkare med l\u00e5ng erfarenhet av traditionellt f\u00e4rghantverk.<\/p>\n\n<p class=\"has-medium-font-size\" style=\"padding-top:0;padding-bottom:0\">F\u00f6rdelarna med linoljef\u00e4rg \u00e4r m\u00e5nga. Linoljan tr\u00e4nger djupt in i tr\u00e4ets celler, st\u00e4rker materialet och skapar en slitstark yta som t\u00e5l p\u00e5frestningar och slitage. Dess naturliga sammans\u00e4ttning g\u00f6r den till ett milj\u00f6v\u00e4nligt val, fri fr\u00e5n skadliga kemikalier.<\/p>\n\n<p class=\"has-medium-font-size\" style=\"padding-top:var(--wp--preset--spacing--30);padding-bottom:var(--wp--preset--spacing--30)\">F\u00e4rgens h\u00f6ga pigmenthalt ger djupa, levande kul\u00f6rer som f\u00f6r\u00e4ndras med ljuset och \u00e5ldras vackert \u00f6ver tid. Eftersom linoljef\u00e4rg \u00e4r mycket dryg r\u00e4cker en liten m\u00e4ngd l\u00e5ngt, och med r\u00e4tt applicering f\u00e5r man en h\u00e5llbar yta som st\u00e5r sig i m\u00e5nga \u00e5r.<\/p><\/div><\/div><\/div><div class=\"wp-block-cover alignfull is-light\" style=\"min-height:60vh;aspect-ratio:unset;\"><img loading=\"lazy\" decoding=\"async\" width=\"2560\" height=\"1708\" class=\"wp-block-cover__image-background wp-image-9108\" alt=\"\" src=\"https:\/\/kulladal.com\/wp-content\/uploads\/2025\/03\/paint-241031-kulladal-153-edited.jpg\" data-object-fit=\"cover\" srcset=\"https:\/\/kulladal.com\/wp-content\/uploads\/2025\/03\/paint-241031-kulladal-153-edited.jpg 2560w, https:\/\/kulladal.com\/wp-content\/uploads\/2025\/03\/paint-241031-kulladal-153-edited-300x200.jpg 300w, https:\/\/kulladal.com\/wp-content\/uploads\/2025\/03\/paint-241031-kulladal-153-edited-768x512.jpg 768w, https:\/\/kulladal.com\/wp-content\/uploads\/2025\/03\/paint-241031-kulladal-153-edited-1024x683.jpg 1024w, https:\/\/kulladal.com\/wp-content\/uploads\/2025\/03\/paint-241031-kulladal-153-edited-1536x1025.jpg 1536w, https:\/\/kulladal.com\/wp-content\/uploads\/2025\/03\/paint-241031-kulladal-153-edited-2048x1366.jpg 2048w, https:\/\/kulladal.com\/wp-content\/uploads\/2025\/03\/paint-241031-kulladal-153-edited-18x12.jpg 18w, https:\/\/kulladal.com\/wp-content\/uploads\/2025\/03\/paint-241031-kulladal-153-edited-600x400.jpg 600w\" sizes=\"auto, (max-width: 2560px) 100vw, 2560px\" \/><span aria-hidden=\"true\" class=\"wp-block-cover__background has-background-dim-10 has-background-dim\" style=\"background-color:#bfbdb9\"><\/span><div class=\"wp-block-cover__inner-container has-global-padding is-layout-constrained wp-block-cover-is-layout-constrained\"><div class=\"wp-block-buttons is-content-justification-center is-layout-flex wp-container-core-buttons-is-layout-a89b3969 wp-block-buttons-is-layout-flex\"><div class=\"wp-block-button\"><a class=\"wp-block-button__link has-contrast-color has-base-background-color has-text-color has-background wp-element-button\" href=\"https:\/\/kulladal.com\/nb\/webshop\/\" target=\"_blank\" rel=\"noreferrer noopener\">V\u00c5RA LINOLJEF\u00c4RGER<\/a><\/div><\/div><\/div><\/div>","protected":false},"excerpt":{"rendered":"<p>K\u00e4rleken till linoljef\u00e4rg. V\u00e5ra k\u00f6k m\u00e5las med linoljef\u00e4rg, s\u00e5 som m\u00f6bler m\u00e5lades f\u00f6rr. Vi har tagit fram en egen f\u00e4rgpalett med flera kul\u00f6rer som du kan v\u00e4lja p\u00e5 om du v\u00e4ljer linoljef\u00e4rg. Ditt k\u00f6k grundm\u00e5las i snickeriet, tv\u00e5 strykningar, och slutstryks sedan hemma hos dig efter montering. Du kan ocks\u00e5 f\u00e5 ditt k\u00f6k m\u00e5lat i [&hellip;]<\/p>","protected":false},"author":9,"featured_media":2012,"parent":0,"menu_order":0,"comment_status":"closed","ping_status":"closed","template":"","meta":{"footnotes":""},"class_list":["post-115","page","type-page","status-publish","has-post-thumbnail","hentry"],"yoast_head":"<!-- This site is optimized with the Yoast SEO plugin v24.3 - https:\/\/yoast.com\/wordpress\/plugins\/seo\/ -->\n<title>Kul\u00f6rer - Kulladal<\/title>\n<meta name=\"robots\" content=\"index, follow, max-snippet:-1, max-image-preview:large, max-video-preview:-1\" \/>\n<link rel=\"canonical\" href=\"https:\/\/kulladal.com\/nb\/kulrer\/\" \/>\n<meta property=\"og:locale\" content=\"nb_NO\" \/>\n<meta property=\"og:type\" content=\"article\" \/>\n<meta property=\"og:title\" content=\"Kul\u00f6rer - Kulladal\" \/>\n<meta property=\"og:description\" content=\"K\u00e4rleken till linoljef\u00e4rg. V\u00e5ra k\u00f6k m\u00e5las med linoljef\u00e4rg, s\u00e5 som m\u00f6bler m\u00e5lades f\u00f6rr. Vi har tagit fram en egen f\u00e4rgpalett med flera kul\u00f6rer som du kan v\u00e4lja p\u00e5 om du v\u00e4ljer linoljef\u00e4rg. Ditt k\u00f6k grundm\u00e5las i snickeriet, tv\u00e5 strykningar, och slutstryks sedan hemma hos dig efter montering. Du kan ocks\u00e5 f\u00e5 ditt k\u00f6k m\u00e5lat i [&hellip;]\" \/>\n<meta property=\"og:url\" content=\"https:\/\/kulladal.com\/nb\/kulrer\/\" \/>\n<meta property=\"og:site_name\" content=\"Kulladal\" \/>\n<meta property=\"article:publisher\" content=\"https:\/\/www.facebook.com\/Kulladal20tal\" \/>\n<meta property=\"article:modified_time\" content=\"2025-10-23T08:30:04+00:00\" \/>\n<meta property=\"og:image\" content=\"https:\/\/kulladal.com\/wp-content\/uploads\/2023\/10\/MG_0126.jpg\" \/>\n\t<meta property=\"og:image:width\" content=\"1920\" \/>\n\t<meta property=\"og:image:height\" content=\"1280\" \/>\n\t<meta property=\"og:image:type\" content=\"image\/jpeg\" \/>\n<meta name=\"twitter:card\" content=\"summary_large_image\" \/>\n<meta name=\"twitter:label1\" content=\"Ansl. lesetid\" \/>\n\t<meta name=\"twitter:data1\" content=\"7 minutter\" \/>\n<script type=\"application\/ld+json\" class=\"yoast-schema-graph\">{\"@context\":\"https:\/\/schema.org\",\"@graph\":[{\"@type\":\"Article\",\"@id\":\"https:\/\/kulladal.com\/kulrer\/#article\",\"isPartOf\":{\"@id\":\"https:\/\/kulladal.com\/kulrer\/\"},\"author\":{\"name\":\"Adam Haglund\",\"@id\":\"https:\/\/kulladal.com\/nb\/#\/schema\/person\/99d5e5583fb7f084126288f8356e51bb\"},\"headline\":\"Kul\u00f6rer\",\"datePublished\":\"2023-10-06T05:36:07+00:00\",\"dateModified\":\"2025-10-23T08:30:04+00:00\",\"mainEntityOfPage\":{\"@id\":\"https:\/\/kulladal.com\/kulrer\/\"},\"wordCount\":236,\"publisher\":{\"@id\":\"https:\/\/kulladal.com\/nb\/#organization\"},\"image\":{\"@id\":\"https:\/\/kulladal.com\/kulrer\/#primaryimage\"},\"thumbnailUrl\":\"https:\/\/kulladal.com\/wp-content\/uploads\/2023\/10\/MG_0126.jpg\",\"inLanguage\":\"nb-NO\"},{\"@type\":\"WebPage\",\"@id\":\"https:\/\/kulladal.com\/kulrer\/\",\"url\":\"https:\/\/kulladal.com\/kulrer\/\",\"name\":\"Kul\u00f6rer - Kulladal\",\"isPartOf\":{\"@id\":\"https:\/\/kulladal.com\/nb\/#website\"},\"primaryImageOfPage\":{\"@id\":\"https:\/\/kulladal.com\/kulrer\/#primaryimage\"},\"image\":{\"@id\":\"https:\/\/kulladal.com\/kulrer\/#primaryimage\"},\"thumbnailUrl\":\"https:\/\/kulladal.com\/wp-content\/uploads\/2023\/10\/MG_0126.jpg\",\"datePublished\":\"2023-10-06T05:36:07+00:00\",\"dateModified\":\"2025-10-23T08:30:04+00:00\",\"breadcrumb\":{\"@id\":\"https:\/\/kulladal.com\/kulrer\/#breadcrumb\"},\"inLanguage\":\"nb-NO\",\"potentialAction\":[{\"@type\":\"ReadAction\",\"target\":[\"https:\/\/kulladal.com\/kulrer\/\"]}]},{\"@type\":\"ImageObject\",\"inLanguage\":\"nb-NO\",\"@id\":\"https:\/\/kulladal.com\/kulrer\/#primaryimage\",\"url\":\"https:\/\/kulladal.com\/wp-content\/uploads\/2023\/10\/MG_0126.jpg\",\"contentUrl\":\"https:\/\/kulladal.com\/wp-content\/uploads\/2023\/10\/MG_0126.jpg\",\"width\":1920,\"height\":1280},{\"@type\":\"BreadcrumbList\",\"@id\":\"https:\/\/kulladal.com\/kulrer\/#breadcrumb\",\"itemListElement\":[{\"@type\":\"ListItem\",\"position\":1,\"name\":\"Home\",\"item\":\"https:\/\/kulladal.com\/\"},{\"@type\":\"ListItem\",\"position\":2,\"name\":\"Kul\u00f6rer\"}]},{\"@type\":\"WebSite\",\"@id\":\"https:\/\/kulladal.com\/nb\/#website\",\"url\":\"https:\/\/kulladal.com\/nb\/\",\"name\":\"Kulladal\",\"description\":\"Unika k\u00f6k i klassisk stil.\",\"publisher\":{\"@id\":\"https:\/\/kulladal.com\/nb\/#organization\"},\"potentialAction\":[{\"@type\":\"SearchAction\",\"target\":{\"@type\":\"EntryPoint\",\"urlTemplate\":\"https:\/\/kulladal.com\/nb\/?s={search_term_string}\"},\"query-input\":{\"@type\":\"PropertyValueSpecification\",\"valueRequired\":true,\"valueName\":\"search_term_string\"}}],\"inLanguage\":\"nb-NO\"},{\"@type\":\"Organization\",\"@id\":\"https:\/\/kulladal.com\/nb\/#organization\",\"name\":\"Kulladal Kitchens AB\",\"alternateName\":\"Kulladal\",\"url\":\"https:\/\/kulladal.com\/nb\/\",\"logo\":{\"@type\":\"ImageObject\",\"inLanguage\":\"nb-NO\",\"@id\":\"https:\/\/kulladal.com\/nb\/#\/schema\/logo\/image\/\",\"url\":\"https:\/\/kulladal.com\/wp-content\/uploads\/2023\/10\/logo_kulladal_classic_kitchens_white.png\",\"contentUrl\":\"https:\/\/kulladal.com\/wp-content\/uploads\/2023\/10\/logo_kulladal_classic_kitchens_white.png\",\"width\":823,\"height\":551,\"caption\":\"Kulladal Kitchens AB\"},\"image\":{\"@id\":\"https:\/\/kulladal.com\/nb\/#\/schema\/logo\/image\/\"},\"sameAs\":[\"https:\/\/www.facebook.com\/Kulladal20tal\",\"https:\/\/www.instagram.com\/kulladalkitchens\/\",\"https:\/\/www.youtube.com\/channel\/UCBwmfSKz31E6bpnxNFTrbRQ\",\"https:\/\/se.pinterest.com\/kulladalkitchens\/\"]},{\"@type\":\"Person\",\"@id\":\"https:\/\/kulladal.com\/nb\/#\/schema\/person\/99d5e5583fb7f084126288f8356e51bb\",\"name\":\"Adam Haglund\",\"image\":{\"@type\":\"ImageObject\",\"inLanguage\":\"nb-NO\",\"@id\":\"https:\/\/kulladal.com\/nb\/#\/schema\/person\/image\/\",\"url\":\"https:\/\/secure.gravatar.com\/avatar\/b440dbde880c058e50f809d2166d38761e44a6d075c711e3a5fe31cb6b82eb87?s=96&d=mm&r=g\",\"contentUrl\":\"https:\/\/secure.gravatar.com\/avatar\/b440dbde880c058e50f809d2166d38761e44a6d075c711e3a5fe31cb6b82eb87?s=96&d=mm&r=g\",\"caption\":\"Adam Haglund\"},\"sameAs\":[\"https:\/\/kulladal.com\"],\"url\":\"https:\/\/kulladal.com\/nb\/author\/adam\/\"}]}<\/script>\n<!-- \/ Yoast SEO plugin. -->","yoast_head_json":{"title":"Kul\u00f6rer - Kulladal","robots":{"index":"index","follow":"follow","max-snippet":"max-snippet:-1","max-image-preview":"max-image-preview:large","max-video-preview":"max-video-preview:-1"},"canonical":"https:\/\/kulladal.com\/nb\/kulrer\/","og_locale":"nb_NO","og_type":"article","og_title":"Kul\u00f6rer - Kulladal","og_description":"K\u00e4rleken till linoljef\u00e4rg. V\u00e5ra k\u00f6k m\u00e5las med linoljef\u00e4rg, s\u00e5 som m\u00f6bler m\u00e5lades f\u00f6rr. Vi har tagit fram en egen f\u00e4rgpalett med flera kul\u00f6rer som du kan v\u00e4lja p\u00e5 om du v\u00e4ljer linoljef\u00e4rg. Ditt k\u00f6k grundm\u00e5las i snickeriet, tv\u00e5 strykningar, och slutstryks sedan hemma hos dig efter montering. Du kan ocks\u00e5 f\u00e5 ditt k\u00f6k m\u00e5lat i [&hellip;]","og_url":"https:\/\/kulladal.com\/nb\/kulrer\/","og_site_name":"Kulladal","article_publisher":"https:\/\/www.facebook.com\/Kulladal20tal","article_modified_time":"2025-10-23T08:30:04+00:00","og_image":[{"width":1920,"height":1280,"url":"https:\/\/kulladal.com\/wp-content\/uploads\/2023\/10\/MG_0126.jpg","type":"image\/jpeg"}],"twitter_card":"summary_large_image","twitter_misc":{"Ansl. lesetid":"7 minutter"},"schema":{"@context":"https:\/\/schema.org","@graph":[{"@type":"Article","@id":"https:\/\/kulladal.com\/kulrer\/#article","isPartOf":{"@id":"https:\/\/kulladal.com\/kulrer\/"},"author":{"name":"Adam Haglund","@id":"https:\/\/kulladal.com\/nb\/#\/schema\/person\/99d5e5583fb7f084126288f8356e51bb"},"headline":"Kul\u00f6rer","datePublished":"2023-10-06T05:36:07+00:00","dateModified":"2025-10-23T08:30:04+00:00","mainEntityOfPage":{"@id":"https:\/\/kulladal.com\/kulrer\/"},"wordCount":236,"publisher":{"@id":"https:\/\/kulladal.com\/nb\/#organization"},"image":{"@id":"https:\/\/kulladal.com\/kulrer\/#primaryimage"},"thumbnailUrl":"https:\/\/kulladal.com\/wp-content\/uploads\/2023\/10\/MG_0126.jpg","inLanguage":"nb-NO"},{"@type":"WebPage","@id":"https:\/\/kulladal.com\/kulrer\/","url":"https:\/\/kulladal.com\/kulrer\/","name":"Kul\u00f6rer - Kulladal","isPartOf":{"@id":"https:\/\/kulladal.com\/nb\/#website"},"primaryImageOfPage":{"@id":"https:\/\/kulladal.com\/kulrer\/#primaryimage"},"image":{"@id":"https:\/\/kulladal.com\/kulrer\/#primaryimage"},"thumbnailUrl":"https:\/\/kulladal.com\/wp-content\/uploads\/2023\/10\/MG_0126.jpg","datePublished":"2023-10-06T05:36:07+00:00","dateModified":"2025-10-23T08:30:04+00:00","breadcrumb":{"@id":"https:\/\/kulladal.com\/kulrer\/#breadcrumb"},"inLanguage":"nb-NO","potentialAction":[{"@type":"ReadAction","target":["https:\/\/kulladal.com\/kulrer\/"]}]},{"@type":"ImageObject","inLanguage":"nb-NO","@id":"https:\/\/kulladal.com\/kulrer\/#primaryimage","url":"https:\/\/kulladal.com\/wp-content\/uploads\/2023\/10\/MG_0126.jpg","contentUrl":"https:\/\/kulladal.com\/wp-content\/uploads\/2023\/10\/MG_0126.jpg","width":1920,"height":1280},{"@type":"BreadcrumbList","@id":"https:\/\/kulladal.com\/kulrer\/#breadcrumb","itemListElement":[{"@type":"ListItem","position":1,"name":"Home","item":"https:\/\/kulladal.com\/"},{"@type":"ListItem","position":2,"name":"Kul\u00f6rer"}]},{"@type":"WebSite","@id":"https:\/\/kulladal.com\/nb\/#website","url":"https:\/\/kulladal.com\/nb\/","name":"Kulladal","description":"Unika k\u00f6k i klassisk stil.","publisher":{"@id":"https:\/\/kulladal.com\/nb\/#organization"},"potentialAction":[{"@type":"SearchAction","target":{"@type":"EntryPoint","urlTemplate":"https:\/\/kulladal.com\/nb\/?s={search_term_string}"},"query-input":{"@type":"PropertyValueSpecification","valueRequired":true,"valueName":"search_term_string"}}],"inLanguage":"nb-NO"},{"@type":"Organization","@id":"https:\/\/kulladal.com\/nb\/#organization","name":"Kulladal Kitchens AB","alternateName":"Kulladal","url":"https:\/\/kulladal.com\/nb\/","logo":{"@type":"ImageObject","inLanguage":"nb-NO","@id":"https:\/\/kulladal.com\/nb\/#\/schema\/logo\/image\/","url":"https:\/\/kulladal.com\/wp-content\/uploads\/2023\/10\/logo_kulladal_classic_kitchens_white.png","contentUrl":"https:\/\/kulladal.com\/wp-content\/uploads\/2023\/10\/logo_kulladal_classic_kitchens_white.png","width":823,"height":551,"caption":"Kulladal Kitchens AB"},"image":{"@id":"https:\/\/kulladal.com\/nb\/#\/schema\/logo\/image\/"},"sameAs":["https:\/\/www.facebook.com\/Kulladal20tal","https:\/\/www.instagram.com\/kulladalkitchens\/","https:\/\/www.youtube.com\/channel\/UCBwmfSKz31E6bpnxNFTrbRQ","https:\/\/se.pinterest.com\/kulladalkitchens\/"]},{"@type":"Person","@id":"https:\/\/kulladal.com\/nb\/#\/schema\/person\/99d5e5583fb7f084126288f8356e51bb","name":"Adam Haglund","image":{"@type":"ImageObject","inLanguage":"nb-NO","@id":"https:\/\/kulladal.com\/nb\/#\/schema\/person\/image\/","url":"https:\/\/secure.gravatar.com\/avatar\/b440dbde880c058e50f809d2166d38761e44a6d075c711e3a5fe31cb6b82eb87?s=96&d=mm&r=g","contentUrl":"https:\/\/secure.gravatar.com\/avatar\/b440dbde880c058e50f809d2166d38761e44a6d075c711e3a5fe31cb6b82eb87?s=96&d=mm&r=g","caption":"Adam Haglund"},"sameAs":["https:\/\/kulladal.com"],"url":"https:\/\/kulladal.com\/nb\/author\/adam\/"}]}},"_links":{"self":[{"href":"https:\/\/kulladal.com\/nb\/wp-json\/wp\/v2\/pages\/115","targetHints":{"allow":["GET"]}}],"collection":[{"href":"https:\/\/kulladal.com\/nb\/wp-json\/wp\/v2\/pages"}],"about":[{"href":"https:\/\/kulladal.com\/nb\/wp-json\/wp\/v2\/types\/page"}],"author":[{"embeddable":true,"href":"https:\/\/kulladal.com\/nb\/wp-json\/wp\/v2\/users\/9"}],"replies":[{"embeddable":true,"href":"https:\/\/kulladal.com\/nb\/wp-json\/wp\/v2\/comments?post=115"}],"version-history":[{"count":31,"href":"https:\/\/kulladal.com\/nb\/wp-json\/wp\/v2\/pages\/115\/revisions"}],"predecessor-version":[{"id":15251,"href":"https:\/\/kulladal.com\/nb\/wp-json\/wp\/v2\/pages\/115\/revisions\/15251"}],"wp:featuredmedia":[{"embeddable":true,"href":"https:\/\/kulladal.com\/nb\/wp-json\/wp\/v2\/media\/2012"}],"wp:attachment":[{"href":"https:\/\/kulladal.com\/nb\/wp-json\/wp\/v2\/media?parent=115"}],"curies":[{"name":"wp","href":"https:\/\/api.w.org\/{rel}","templated":true}]}}