{"id":111,"date":"2023-10-06T07:36:07","date_gmt":"2023-10-06T05:36:07","guid":{"rendered":"https:\/\/kulladalkitchens.com\/processen\/"},"modified":"2026-02-12T11:33:50","modified_gmt":"2026-02-12T10:33:50","slug":"processen","status":"publish","type":"page","link":"https:\/\/kulladal.com\/nb\/processen\/","title":{"rendered":"Processen"},"content":{"rendered":"<div class=\"wp-block-group alignfull has-background has-global-padding is-layout-constrained wp-container-core-group-is-layout-d517fac0 wp-block-group-is-layout-constrained\" style=\"background-color:#eeedeb;margin-top:0px;margin-bottom:0px;padding-top:var(--wp--preset--spacing--70);padding-right:var(--wp--preset--spacing--30);padding-bottom:var(--wp--preset--spacing--70);padding-left:var(--wp--preset--spacing--30)\"><h2 class=\"wp-block-heading has-text-align-center\" style=\"padding-bottom:var(--wp--preset--spacing--50)\">6 steg til et Kulladalskj\u00f8kken<em>.<\/em><\/h2>\n\n<p class=\"has-text-align-center has-medium-font-size wp-container-content-7efe0f6a\">Att planera och best\u00e4lla ett k\u00f6k \u00e4r en sp\u00e4nnande process. Det \u00e4r bra att ta god tid p\u00e5 sig och t\u00e4nka l\u00e5ngsiktigt. Vi hj\u00e4lper dig l\u00e4ngs v\u00e4gen till ditt dr\u00f6mk\u00f6k \u2013 fr\u00e5n id\u00e9 till k\u00f6ksleverans. F\u00f6ljande steg ger en \u00f6verblick p\u00e5 k\u00f6ksresan tillsammans med oss p\u00e5 Kulladal.<\/p><\/div><div class=\"wp-block-group alignfull has-background has-global-padding is-layout-constrained wp-container-core-group-is-layout-5f4b816d wp-block-group-is-layout-constrained\" style=\"background-color:#f4f5f2;padding-top:var(--wp--preset--spacing--60);padding-right:var(--wp--preset--spacing--30);padding-bottom:var(--wp--preset--spacing--60);padding-left:var(--wp--preset--spacing--30)\"><p class=\"has-text-align-center has-contrast-color has-text-color has-medium-font-size\">1. OPPSTART<\/p>\n\n<p class=\"has-text-align-center has-contrast-color has-text-color has-medium-font-size\" style=\"padding-top:var(--wp--preset--spacing--30);padding-right:0;padding-bottom:0;padding-left:0\">Hvis du vil komme i gang, men ikke vet hvor du skal begyne: send oss en mail p\u00e5 <a href=\"mailto:info@kulladal.com\">info@kulladal.com<\/a> s\u00e5 tar vi det derfra! For \u00e5 kjapt f\u00e5 et omtrentlig prisbilde, m\u00e5l opp ditt kj\u00f8kken og gi oss en enkel skisse p\u00e5 <a href=\"mailto:info@kulladal.com\">info@kulladal.com<\/a> eller test v\u00e5rt <a href=\"https:\/\/kulladal.com\/nb\/ritprogram\/\" data-type=\"page\" data-id=\"126\">tegneprogram<\/a>.<\/p>\n\n<p class=\"has-text-align-center has-contrast-color has-text-color has-small-font-size\" style=\"padding-top:var(--wp--preset--spacing--30);padding-bottom:var(--wp--preset--spacing--30)\"><em>Vi kommer tilbake med et tilbud innen 1-2 uker<\/em><\/p>\n\n<div class=\"wp-block-buttons is-content-justification-center is-layout-flex wp-container-core-buttons-is-layout-a89b3969 wp-block-buttons-is-layout-flex\"><div class=\"wp-block-button\"><a class=\"wp-block-button__link has-base-color has-contrast-background-color has-text-color has-background wp-element-button\" href=\"https:\/\/kulladal.com\/nb\/ritprogram\/\">TEGNEPROGRAM<\/a><\/div><\/div><\/div><div class=\"wp-block-group alignfull has-background has-global-padding is-layout-constrained wp-container-core-group-is-layout-abc7ee4c wp-block-group-is-layout-constrained\" style=\"background-color:#f4f5f2;margin-top:0;margin-bottom:0;padding-top:0;padding-right:0;padding-bottom:0;padding-left:0\"><div class=\"wp-block-cover alignfull is-light\" style=\"padding-top:var(--wp--preset--spacing--60);padding-right:var(--wp--preset--spacing--30);padding-bottom:var(--wp--preset--spacing--60);padding-left:var(--wp--preset--spacing--30);min-height:40vh;aspect-ratio:unset;\"><img loading=\"lazy\" decoding=\"async\" width=\"2000\" height=\"1333\" class=\"wp-block-cover__image-background wp-image-1757\" alt=\"\" src=\"https:\/\/kulladal.com\/wp-content\/uploads\/2023\/08\/200821-kulladal080.jpg\" style=\"object-position:50% 30%\" data-object-fit=\"cover\" data-object-position=\"50% 30%\" srcset=\"https:\/\/kulladal.com\/wp-content\/uploads\/2023\/08\/200821-kulladal080.jpg 2000w, https:\/\/kulladal.com\/wp-content\/uploads\/2023\/08\/200821-kulladal080-600x400.jpg 600w, https:\/\/kulladal.com\/wp-content\/uploads\/2023\/08\/200821-kulladal080-300x200.jpg 300w, https:\/\/kulladal.com\/wp-content\/uploads\/2023\/08\/200821-kulladal080-1024x682.jpg 1024w, https:\/\/kulladal.com\/wp-content\/uploads\/2023\/08\/200821-kulladal080-768x512.jpg 768w, https:\/\/kulladal.com\/wp-content\/uploads\/2023\/08\/200821-kulladal080-1536x1024.jpg 1536w, https:\/\/kulladal.com\/wp-content\/uploads\/2023\/08\/200821-kulladal080-18x12.jpg 18w\" sizes=\"auto, (max-width: 2000px) 100vw, 2000px\" \/><span aria-hidden=\"true\" class=\"wp-block-cover__background has-background-dim\" style=\"background-color:#92928e\"><\/span><div class=\"wp-block-cover__inner-container has-global-padding is-layout-constrained wp-container-core-cover-is-layout-5d43db8e wp-block-cover-is-layout-constrained\"><p class=\"has-text-align-center has-base-color has-text-color has-medium-font-size\">2. DETALJPLANLEGGING<\/p>\n\n<p class=\"has-text-align-center link-white has-base-color has-text-color has-medium-font-size\" style=\"padding-top:var(--wp--preset--spacing--30);padding-bottom:var(--wp--preset--spacing--30)\">Er prisen innenfor budsjettet, planlegger vi kj\u00f8kkenet i detalj sammen. I denne fasen tas det beslutninger om d\u00f8rtype, valgmuligheter, farge, hvitevarer, benkeplater m.m.<\/p>\n\n<p class=\"has-text-align-center has-base-color has-text-color has-small-font-size\" style=\"padding-top:0;padding-bottom:var(--wp--preset--spacing--40)\"><em>Tidsrammen for detaljplanleggingen kan variere sterkt avhengig av hver enkelt kundes behov.<\/em><\/p>\n\n<div class=\"wp-block-buttons is-content-justification-center is-layout-flex wp-container-core-buttons-is-layout-a89b3969 wp-block-buttons-is-layout-flex\"><div class=\"wp-block-button\"><a class=\"wp-block-button__link has-contrast-color has-base-background-color has-text-color has-background wp-element-button\" href=\"https:\/\/kulladal.com\/nb\/detaljer-och-tillval\/\">DETALJER OCH TILLVAL<\/a><\/div><\/div><\/div><\/div><\/div><div class=\"wp-block-group alignfull has-background has-global-padding is-layout-constrained wp-container-core-group-is-layout-5f4b816d wp-block-group-is-layout-constrained\" style=\"background-color:#f4f5f2;padding-top:var(--wp--preset--spacing--60);padding-right:var(--wp--preset--spacing--30);padding-bottom:var(--wp--preset--spacing--60);padding-left:var(--wp--preset--spacing--30)\"><p class=\"has-text-align-center has-contrast-color has-text-color has-medium-font-size\">3. ENDELIG SPESIFIKASJON<\/p>\n\n<p class=\"has-text-align-center has-contrast-color has-text-color has-medium-font-size\" style=\"padding-top:var(--wp--preset--spacing--30);padding-bottom:0\">Vi sammanst\u00e4ller en slutspecifikation och efter ert godk\u00e4nnande skickas faktura f\u00f6r handpenningen.<\/p>\n\n<p class=\"has-text-align-center has-contrast-color has-text-color has-small-font-size\" style=\"padding-top:var(--wp--preset--spacing--30);padding-bottom:0\"><em>Detta steg tar vanligtvis tv\u00e5 veckor om det inte \u00e4r n\u00e5gra \u00e4ndringar. Leveranstid efter godk\u00e4nd slutspecifikation \u00e4r ca 8-12 veckor.<\/em><\/p><\/div><div class=\"wp-block-group alignfull has-background has-global-padding is-layout-constrained wp-container-core-group-is-layout-d0d9093c wp-block-group-is-layout-constrained\" style=\"background-color:#f4f5f2;padding-top:0;padding-bottom:0\"><div class=\"wp-block-cover alignfull\" style=\"padding-top:var(--wp--preset--spacing--50);padding-bottom:var(--wp--preset--spacing--50);min-height:40vh;aspect-ratio:unset;\"><img loading=\"lazy\" decoding=\"async\" width=\"1500\" height=\"2250\" class=\"wp-block-cover__image-background wp-image-1963\" alt=\"\" src=\"https:\/\/kulladal.com\/wp-content\/uploads\/2023\/08\/snickeri.jpg\" data-object-fit=\"cover\" srcset=\"https:\/\/kulladal.com\/wp-content\/uploads\/2023\/08\/snickeri.jpg 1500w, https:\/\/kulladal.com\/wp-content\/uploads\/2023\/08\/snickeri-600x900.jpg 600w, https:\/\/kulladal.com\/wp-content\/uploads\/2023\/08\/snickeri-200x300.jpg 200w, https:\/\/kulladal.com\/wp-content\/uploads\/2023\/08\/snickeri-683x1024.jpg 683w, https:\/\/kulladal.com\/wp-content\/uploads\/2023\/08\/snickeri-768x1152.jpg 768w, https:\/\/kulladal.com\/wp-content\/uploads\/2023\/08\/snickeri-1024x1536.jpg 1024w, https:\/\/kulladal.com\/wp-content\/uploads\/2023\/08\/snickeri-1365x2048.jpg 1365w, https:\/\/kulladal.com\/wp-content\/uploads\/2023\/08\/snickeri-8x12.jpg 8w\" sizes=\"auto, (max-width: 1500px) 100vw, 1500px\" \/><span aria-hidden=\"true\" class=\"wp-block-cover__background has-background-dim-70 has-background-dim\" style=\"background-color:#525048\"><\/span><div class=\"wp-block-cover__inner-container has-global-padding is-layout-constrained wp-container-core-cover-is-layout-6db3dd15 wp-block-cover-is-layout-constrained\"><p class=\"has-text-align-center has-base-color has-text-color has-medium-font-size\">4. PRODUKSJON<\/p>\n\n<p class=\"has-text-align-center link-white has-base-color has-text-color has-medium-font-size\" style=\"padding-top:var(--wp--preset--spacing--30);padding-bottom:var(--wp--preset--spacing--30)\">Etter endelig spesifikasjon sendes ogs\u00e5 byggetegninger til godkjenning. Etter dette starter snekringen. Den grunnleggende konstruksjons- og konstruksjonsteknologien som v\u00e5re kj\u00f8kken er bygget med g\u00e5r langt tilbake. Vi bruker stort sett samme teknologi som m\u00f8belsnekkere har brukt i hundrevis av \u00e5r.<\/p><\/div><\/div><\/div><div class=\"wp-block-group alignfull has-background has-global-padding is-layout-constrained wp-container-core-group-is-layout-311b74d1 wp-block-group-is-layout-constrained\" style=\"background-color:#f4f5f2;padding-top:var(--wp--preset--spacing--60);padding-bottom:var(--wp--preset--spacing--60)\"><p class=\"has-text-align-center has-contrast-color has-text-color has-medium-font-size\">5. LEVERING<\/p>\n\n<p class=\"has-text-align-center has-contrast-color has-text-color has-medium-font-size\" style=\"padding-top:var(--wp--preset--spacing--30);padding-bottom:var(--wp--preset--spacing--40)\">K\u00f6ket levereras efter \u00f6verenskommet datum. Antingen monteras k\u00f6ket av dina egna hantverkare (montering ing\u00e5r inte i priset) eller anlitar du v\u00e5r <a data-type=\"page\" data-id=\"129\" href=\"https:\/\/kulladal.com\/nb\/monteringstjnst\/\">monteringstjeneste<\/a>.<\/p>\n\n<div class=\"wp-block-buttons is-content-justification-center is-layout-flex wp-container-core-buttons-is-layout-a89b3969 wp-block-buttons-is-layout-flex\"><div class=\"wp-block-button\"><a class=\"wp-block-button__link has-base-color has-contrast-background-color has-text-color has-background wp-element-button\" href=\"https:\/\/kulladal.com\/nb\/monteringstjnst\/\" style=\"text-transform:uppercase\">Monteringstjeneste<\/a><\/div><\/div><\/div><div class=\"wp-block-group alignfull has-background has-global-padding is-layout-constrained wp-container-core-group-is-layout-311b74d1 wp-block-group-is-layout-constrained\" style=\"background-color:#757263;padding-top:var(--wp--preset--spacing--60);padding-bottom:var(--wp--preset--spacing--60)\"><p class=\"has-text-align-center has-base-color has-text-color has-medium-font-size\">6. SLUTTMALING<\/p>\n\n<p class=\"has-text-align-center has-base-color has-text-color has-medium-font-size\" style=\"padding-top:var(--wp--preset--spacing--30);padding-bottom:var(--wp--preset--spacing--40)\">Kj\u00f8kkenet grunnes ved levering og ferdigbehandles av v\u00e5re linoljemalere etter montering for beste finish. Vi har utviklet v\u00e5r egen fargepalett med flere farger som du kan velge mellom. Linoljemaling har en beskyttende og styrkende egenskap og gir et vakkert og levende uttrykk. <br>Denna slutm\u00e5lning ing\u00e5r i totalpriset, men du kan v\u00e4lja att slutm\u00e5la sj\u00e4lv vilket ger ett l\u00e4gre pris. Vi kan dra ROT-avdrag f\u00f6r m\u00e5lningskostnaden.<\/p>\n\n<div class=\"wp-block-buttons is-content-justification-center is-layout-flex wp-container-core-buttons-is-layout-c3d5205c wp-block-buttons-is-layout-flex\" style=\"margin-top:0;margin-bottom:0\"><div class=\"wp-block-button\"><a class=\"wp-block-button__link has-contrast-color has-base-background-color has-text-color has-background wp-element-button\" href=\"https:\/\/kulladal.com\/nb\/kulrer\/\">FARGER<\/a><\/div><\/div><\/div><p><\/p>","protected":false},"excerpt":{"rendered":"<p>6 steg till ett Kulladalk\u00f6k. Att planera och best\u00e4lla ett k\u00f6k \u00e4r en sp\u00e4nnande process. Det \u00e4r bra att ta god tid p\u00e5 sig och t\u00e4nka l\u00e5ngsiktigt. Vi hj\u00e4lper dig l\u00e4ngs v\u00e4gen till ditt dr\u00f6mk\u00f6k \u2013 fr\u00e5n id\u00e9 till k\u00f6ksleverans. F\u00f6ljande steg ger en \u00f6verblick p\u00e5 k\u00f6ksresan tillsammans med oss p\u00e5 Kulladal. 1. UPPSTART Om [&hellip;]<\/p>","protected":false},"author":9,"featured_media":1775,"parent":0,"menu_order":0,"comment_status":"closed","ping_status":"closed","template":"","meta":{"footnotes":""},"class_list":["post-111","page","type-page","status-publish","has-post-thumbnail","hentry"],"yoast_head":"<!-- This site is optimized with the Yoast SEO plugin v24.3 - https:\/\/yoast.com\/wordpress\/plugins\/seo\/ -->\n<title>Processen - Kulladal<\/title>\n<meta name=\"robots\" content=\"index, follow, max-snippet:-1, max-image-preview:large, max-video-preview:-1\" \/>\n<link rel=\"canonical\" href=\"https:\/\/kulladal.com\/nb\/processen\/\" \/>\n<meta property=\"og:locale\" content=\"nb_NO\" \/>\n<meta property=\"og:type\" content=\"article\" \/>\n<meta property=\"og:title\" content=\"Processen - Kulladal\" \/>\n<meta property=\"og:description\" content=\"6 steg till ett Kulladalk\u00f6k. Att planera och best\u00e4lla ett k\u00f6k \u00e4r en sp\u00e4nnande process. Det \u00e4r bra att ta god tid p\u00e5 sig och t\u00e4nka l\u00e5ngsiktigt. Vi hj\u00e4lper dig l\u00e4ngs v\u00e4gen till ditt dr\u00f6mk\u00f6k \u2013 fr\u00e5n id\u00e9 till k\u00f6ksleverans. F\u00f6ljande steg ger en \u00f6verblick p\u00e5 k\u00f6ksresan tillsammans med oss p\u00e5 Kulladal. 1. UPPSTART Om [&hellip;]\" \/>\n<meta property=\"og:url\" content=\"https:\/\/kulladal.com\/nb\/processen\/\" \/>\n<meta property=\"og:site_name\" content=\"Kulladal\" \/>\n<meta property=\"article:publisher\" content=\"https:\/\/www.facebook.com\/Kulladal20tal\" \/>\n<meta property=\"article:modified_time\" content=\"2026-02-12T10:33:50+00:00\" \/>\n<meta property=\"og:image\" content=\"https:\/\/kulladal.com\/wp-content\/uploads\/2023\/08\/201203_0008_stknut_kulladal.jpg\" \/>\n\t<meta property=\"og:image:width\" content=\"2500\" \/>\n\t<meta property=\"og:image:height\" content=\"1667\" \/>\n\t<meta property=\"og:image:type\" content=\"image\/jpeg\" \/>\n<meta name=\"twitter:card\" content=\"summary_large_image\" \/>\n<meta name=\"twitter:label1\" content=\"Ansl. lesetid\" \/>\n\t<meta name=\"twitter:data1\" content=\"2 minutter\" \/>\n<script type=\"application\/ld+json\" class=\"yoast-schema-graph\">{\"@context\":\"https:\/\/schema.org\",\"@graph\":[{\"@type\":\"Article\",\"@id\":\"https:\/\/kulladal.com\/processen\/#article\",\"isPartOf\":{\"@id\":\"https:\/\/kulladal.com\/processen\/\"},\"author\":{\"name\":\"Adam Haglund\",\"@id\":\"https:\/\/kulladal.com\/nb\/#\/schema\/person\/99d5e5583fb7f084126288f8356e51bb\"},\"headline\":\"Processen\",\"datePublished\":\"2023-10-06T05:36:07+00:00\",\"dateModified\":\"2026-02-12T10:33:50+00:00\",\"mainEntityOfPage\":{\"@id\":\"https:\/\/kulladal.com\/processen\/\"},\"wordCount\":390,\"publisher\":{\"@id\":\"https:\/\/kulladal.com\/nb\/#organization\"},\"image\":{\"@id\":\"https:\/\/kulladal.com\/processen\/#primaryimage\"},\"thumbnailUrl\":\"https:\/\/kulladal.com\/wp-content\/uploads\/2023\/08\/201203_0008_stknut_kulladal.jpg\",\"inLanguage\":\"nb-NO\"},{\"@type\":\"WebPage\",\"@id\":\"https:\/\/kulladal.com\/processen\/\",\"url\":\"https:\/\/kulladal.com\/processen\/\",\"name\":\"Processen - Kulladal\",\"isPartOf\":{\"@id\":\"https:\/\/kulladal.com\/nb\/#website\"},\"primaryImageOfPage\":{\"@id\":\"https:\/\/kulladal.com\/processen\/#primaryimage\"},\"image\":{\"@id\":\"https:\/\/kulladal.com\/processen\/#primaryimage\"},\"thumbnailUrl\":\"https:\/\/kulladal.com\/wp-content\/uploads\/2023\/08\/201203_0008_stknut_kulladal.jpg\",\"datePublished\":\"2023-10-06T05:36:07+00:00\",\"dateModified\":\"2026-02-12T10:33:50+00:00\",\"breadcrumb\":{\"@id\":\"https:\/\/kulladal.com\/processen\/#breadcrumb\"},\"inLanguage\":\"nb-NO\",\"potentialAction\":[{\"@type\":\"ReadAction\",\"target\":[\"https:\/\/kulladal.com\/processen\/\"]}]},{\"@type\":\"ImageObject\",\"inLanguage\":\"nb-NO\",\"@id\":\"https:\/\/kulladal.com\/processen\/#primaryimage\",\"url\":\"https:\/\/kulladal.com\/wp-content\/uploads\/2023\/08\/201203_0008_stknut_kulladal.jpg\",\"contentUrl\":\"https:\/\/kulladal.com\/wp-content\/uploads\/2023\/08\/201203_0008_stknut_kulladal.jpg\",\"width\":2500,\"height\":1667},{\"@type\":\"BreadcrumbList\",\"@id\":\"https:\/\/kulladal.com\/processen\/#breadcrumb\",\"itemListElement\":[{\"@type\":\"ListItem\",\"position\":1,\"name\":\"Home\",\"item\":\"https:\/\/kulladal.com\/\"},{\"@type\":\"ListItem\",\"position\":2,\"name\":\"Processen\"}]},{\"@type\":\"WebSite\",\"@id\":\"https:\/\/kulladal.com\/nb\/#website\",\"url\":\"https:\/\/kulladal.com\/nb\/\",\"name\":\"Kulladal\",\"description\":\"Unika k\u00f6k i klassisk stil.\",\"publisher\":{\"@id\":\"https:\/\/kulladal.com\/nb\/#organization\"},\"potentialAction\":[{\"@type\":\"SearchAction\",\"target\":{\"@type\":\"EntryPoint\",\"urlTemplate\":\"https:\/\/kulladal.com\/nb\/?s={search_term_string}\"},\"query-input\":{\"@type\":\"PropertyValueSpecification\",\"valueRequired\":true,\"valueName\":\"search_term_string\"}}],\"inLanguage\":\"nb-NO\"},{\"@type\":\"Organization\",\"@id\":\"https:\/\/kulladal.com\/nb\/#organization\",\"name\":\"Kulladal Kitchens AB\",\"alternateName\":\"Kulladal\",\"url\":\"https:\/\/kulladal.com\/nb\/\",\"logo\":{\"@type\":\"ImageObject\",\"inLanguage\":\"nb-NO\",\"@id\":\"https:\/\/kulladal.com\/nb\/#\/schema\/logo\/image\/\",\"url\":\"https:\/\/kulladal.com\/wp-content\/uploads\/2023\/10\/logo_kulladal_classic_kitchens_white.png\",\"contentUrl\":\"https:\/\/kulladal.com\/wp-content\/uploads\/2023\/10\/logo_kulladal_classic_kitchens_white.png\",\"width\":823,\"height\":551,\"caption\":\"Kulladal Kitchens AB\"},\"image\":{\"@id\":\"https:\/\/kulladal.com\/nb\/#\/schema\/logo\/image\/\"},\"sameAs\":[\"https:\/\/www.facebook.com\/Kulladal20tal\",\"https:\/\/www.instagram.com\/kulladalkitchens\/\",\"https:\/\/www.youtube.com\/channel\/UCBwmfSKz31E6bpnxNFTrbRQ\",\"https:\/\/se.pinterest.com\/kulladalkitchens\/\"]},{\"@type\":\"Person\",\"@id\":\"https:\/\/kulladal.com\/nb\/#\/schema\/person\/99d5e5583fb7f084126288f8356e51bb\",\"name\":\"Adam Haglund\",\"image\":{\"@type\":\"ImageObject\",\"inLanguage\":\"nb-NO\",\"@id\":\"https:\/\/kulladal.com\/nb\/#\/schema\/person\/image\/\",\"url\":\"https:\/\/secure.gravatar.com\/avatar\/b440dbde880c058e50f809d2166d38761e44a6d075c711e3a5fe31cb6b82eb87?s=96&d=mm&r=g\",\"contentUrl\":\"https:\/\/secure.gravatar.com\/avatar\/b440dbde880c058e50f809d2166d38761e44a6d075c711e3a5fe31cb6b82eb87?s=96&d=mm&r=g\",\"caption\":\"Adam Haglund\"},\"sameAs\":[\"https:\/\/kulladal.com\"],\"url\":\"https:\/\/kulladal.com\/nb\/author\/adam\/\"}]}<\/script>\n<!-- \/ Yoast SEO plugin. -->","yoast_head_json":{"title":"Processen - Kulladal","robots":{"index":"index","follow":"follow","max-snippet":"max-snippet:-1","max-image-preview":"max-image-preview:large","max-video-preview":"max-video-preview:-1"},"canonical":"https:\/\/kulladal.com\/nb\/processen\/","og_locale":"nb_NO","og_type":"article","og_title":"Processen - Kulladal","og_description":"6 steg till ett Kulladalk\u00f6k. Att planera och best\u00e4lla ett k\u00f6k \u00e4r en sp\u00e4nnande process. Det \u00e4r bra att ta god tid p\u00e5 sig och t\u00e4nka l\u00e5ngsiktigt. Vi hj\u00e4lper dig l\u00e4ngs v\u00e4gen till ditt dr\u00f6mk\u00f6k \u2013 fr\u00e5n id\u00e9 till k\u00f6ksleverans. F\u00f6ljande steg ger en \u00f6verblick p\u00e5 k\u00f6ksresan tillsammans med oss p\u00e5 Kulladal. 1. UPPSTART Om [&hellip;]","og_url":"https:\/\/kulladal.com\/nb\/processen\/","og_site_name":"Kulladal","article_publisher":"https:\/\/www.facebook.com\/Kulladal20tal","article_modified_time":"2026-02-12T10:33:50+00:00","og_image":[{"width":2500,"height":1667,"url":"https:\/\/kulladal.com\/wp-content\/uploads\/2023\/08\/201203_0008_stknut_kulladal.jpg","type":"image\/jpeg"}],"twitter_card":"summary_large_image","twitter_misc":{"Ansl. lesetid":"2 minutter"},"schema":{"@context":"https:\/\/schema.org","@graph":[{"@type":"Article","@id":"https:\/\/kulladal.com\/processen\/#article","isPartOf":{"@id":"https:\/\/kulladal.com\/processen\/"},"author":{"name":"Adam Haglund","@id":"https:\/\/kulladal.com\/nb\/#\/schema\/person\/99d5e5583fb7f084126288f8356e51bb"},"headline":"Processen","datePublished":"2023-10-06T05:36:07+00:00","dateModified":"2026-02-12T10:33:50+00:00","mainEntityOfPage":{"@id":"https:\/\/kulladal.com\/processen\/"},"wordCount":390,"publisher":{"@id":"https:\/\/kulladal.com\/nb\/#organization"},"image":{"@id":"https:\/\/kulladal.com\/processen\/#primaryimage"},"thumbnailUrl":"https:\/\/kulladal.com\/wp-content\/uploads\/2023\/08\/201203_0008_stknut_kulladal.jpg","inLanguage":"nb-NO"},{"@type":"WebPage","@id":"https:\/\/kulladal.com\/processen\/","url":"https:\/\/kulladal.com\/processen\/","name":"Processen - Kulladal","isPartOf":{"@id":"https:\/\/kulladal.com\/nb\/#website"},"primaryImageOfPage":{"@id":"https:\/\/kulladal.com\/processen\/#primaryimage"},"image":{"@id":"https:\/\/kulladal.com\/processen\/#primaryimage"},"thumbnailUrl":"https:\/\/kulladal.com\/wp-content\/uploads\/2023\/08\/201203_0008_stknut_kulladal.jpg","datePublished":"2023-10-06T05:36:07+00:00","dateModified":"2026-02-12T10:33:50+00:00","breadcrumb":{"@id":"https:\/\/kulladal.com\/processen\/#breadcrumb"},"inLanguage":"nb-NO","potentialAction":[{"@type":"ReadAction","target":["https:\/\/kulladal.com\/processen\/"]}]},{"@type":"ImageObject","inLanguage":"nb-NO","@id":"https:\/\/kulladal.com\/processen\/#primaryimage","url":"https:\/\/kulladal.com\/wp-content\/uploads\/2023\/08\/201203_0008_stknut_kulladal.jpg","contentUrl":"https:\/\/kulladal.com\/wp-content\/uploads\/2023\/08\/201203_0008_stknut_kulladal.jpg","width":2500,"height":1667},{"@type":"BreadcrumbList","@id":"https:\/\/kulladal.com\/processen\/#breadcrumb","itemListElement":[{"@type":"ListItem","position":1,"name":"Home","item":"https:\/\/kulladal.com\/"},{"@type":"ListItem","position":2,"name":"Processen"}]},{"@type":"WebSite","@id":"https:\/\/kulladal.com\/nb\/#website","url":"https:\/\/kulladal.com\/nb\/","name":"Kulladal","description":"Unika k\u00f6k i klassisk stil.","publisher":{"@id":"https:\/\/kulladal.com\/nb\/#organization"},"potentialAction":[{"@type":"SearchAction","target":{"@type":"EntryPoint","urlTemplate":"https:\/\/kulladal.com\/nb\/?s={search_term_string}"},"query-input":{"@type":"PropertyValueSpecification","valueRequired":true,"valueName":"search_term_string"}}],"inLanguage":"nb-NO"},{"@type":"Organization","@id":"https:\/\/kulladal.com\/nb\/#organization","name":"Kulladal Kitchens AB","alternateName":"Kulladal","url":"https:\/\/kulladal.com\/nb\/","logo":{"@type":"ImageObject","inLanguage":"nb-NO","@id":"https:\/\/kulladal.com\/nb\/#\/schema\/logo\/image\/","url":"https:\/\/kulladal.com\/wp-content\/uploads\/2023\/10\/logo_kulladal_classic_kitchens_white.png","contentUrl":"https:\/\/kulladal.com\/wp-content\/uploads\/2023\/10\/logo_kulladal_classic_kitchens_white.png","width":823,"height":551,"caption":"Kulladal Kitchens AB"},"image":{"@id":"https:\/\/kulladal.com\/nb\/#\/schema\/logo\/image\/"},"sameAs":["https:\/\/www.facebook.com\/Kulladal20tal","https:\/\/www.instagram.com\/kulladalkitchens\/","https:\/\/www.youtube.com\/channel\/UCBwmfSKz31E6bpnxNFTrbRQ","https:\/\/se.pinterest.com\/kulladalkitchens\/"]},{"@type":"Person","@id":"https:\/\/kulladal.com\/nb\/#\/schema\/person\/99d5e5583fb7f084126288f8356e51bb","name":"Adam Haglund","image":{"@type":"ImageObject","inLanguage":"nb-NO","@id":"https:\/\/kulladal.com\/nb\/#\/schema\/person\/image\/","url":"https:\/\/secure.gravatar.com\/avatar\/b440dbde880c058e50f809d2166d38761e44a6d075c711e3a5fe31cb6b82eb87?s=96&d=mm&r=g","contentUrl":"https:\/\/secure.gravatar.com\/avatar\/b440dbde880c058e50f809d2166d38761e44a6d075c711e3a5fe31cb6b82eb87?s=96&d=mm&r=g","caption":"Adam Haglund"},"sameAs":["https:\/\/kulladal.com"],"url":"https:\/\/kulladal.com\/nb\/author\/adam\/"}]}},"_links":{"self":[{"href":"https:\/\/kulladal.com\/nb\/wp-json\/wp\/v2\/pages\/111","targetHints":{"allow":["GET"]}}],"collection":[{"href":"https:\/\/kulladal.com\/nb\/wp-json\/wp\/v2\/pages"}],"about":[{"href":"https:\/\/kulladal.com\/nb\/wp-json\/wp\/v2\/types\/page"}],"author":[{"embeddable":true,"href":"https:\/\/kulladal.com\/nb\/wp-json\/wp\/v2\/users\/9"}],"replies":[{"embeddable":true,"href":"https:\/\/kulladal.com\/nb\/wp-json\/wp\/v2\/comments?post=111"}],"version-history":[{"count":17,"href":"https:\/\/kulladal.com\/nb\/wp-json\/wp\/v2\/pages\/111\/revisions"}],"predecessor-version":[{"id":18128,"href":"https:\/\/kulladal.com\/nb\/wp-json\/wp\/v2\/pages\/111\/revisions\/18128"}],"wp:featuredmedia":[{"embeddable":true,"href":"https:\/\/kulladal.com\/nb\/wp-json\/wp\/v2\/media\/1775"}],"wp:attachment":[{"href":"https:\/\/kulladal.com\/nb\/wp-json\/wp\/v2\/media?parent=111"}],"curies":[{"name":"wp","href":"https:\/\/api.w.org\/{rel}","templated":true}]}}