{"id":11010,"date":"2025-05-22T05:48:55","date_gmt":"2025-05-22T03:48:55","guid":{"rendered":"https:\/\/kulladal.com\/?page_id=11010"},"modified":"2025-09-08T09:58:03","modified_gmt":"2025-09-08T07:58:03","slug":"tack-priskalkylator","status":"publish","type":"page","link":"https:\/\/kulladal.com\/nb\/tack-priskalkylator\/","title":{"rendered":"Tack &#8211; Priskalkylator"},"content":{"rendered":"<div class=\"wp-block-group alignwide ty-desktop is-layout-flow wp-block-group-is-layout-flow\" style=\"padding-top:var(--wp--preset--spacing--30);padding-right:10px;padding-bottom:5px;padding-left:10px\"><h1 class=\"wp-block-heading has-text-align-center has-large-font-size\" style=\"padding-top:0px;padding-bottom:10px\">Priskalkylator<\/h1>\n\n<div class=\"wp-block-columns alignwide is-layout-flex wp-container-core-columns-is-layout-495186c2 wp-block-columns-is-layout-flex\" style=\"padding-top:8px;padding-right:8px;padding-left:8px\"><div class=\"wp-block-column is-layout-flow wp-container-core-column-is-layout-8a368f38 wp-block-column-is-layout-flow\"><p style=\"padding-bottom:0;font-size:clamp(14px, 0.875rem + ((1vw - 3.2px) * 0.755), 18px);\">Tack f\u00f6r din f\u00f6rfr\u00e5gan! Vi har nu mailat en ungef\u00e4rlig prisbild till dig.<\/p>\n\n<p style=\"padding-top:5px;padding-bottom:0;font-size:clamp(14px, 0.875rem + ((1vw - 3.2px) * 0.755), 18px);\">Vill du b\u00f6rja skissa p\u00e5 ditt nya k\u00f6k? Testa g\u00e4rna v\u00e5rt <a href=\"https:\/\/kulladal.com\/nb\/planner3d\/\">tegneprogram<\/a>!<\/p><\/div>\n\n<div class=\"wp-block-column is-layout-flow wp-block-column-is-layout-flow\"><figure class=\"wp-block-image size-medium is-resized\" style=\"margin-top:0;margin-bottom:0\"><a href=\"https:\/\/kulladal.com\/nb\/planner3d\/\"><img loading=\"lazy\" decoding=\"async\" width=\"300\" height=\"223\" src=\"https:\/\/kulladal.com\/wp-content\/uploads\/2025\/09\/ty-ritprogram-300x223.png\" alt=\"\" class=\"wp-image-13519\" style=\"width:auto;height:300px\" srcset=\"https:\/\/kulladal.com\/wp-content\/uploads\/2025\/09\/ty-ritprogram-300x223.png 300w, https:\/\/kulladal.com\/wp-content\/uploads\/2025\/09\/ty-ritprogram-768x571.png 768w, https:\/\/kulladal.com\/wp-content\/uploads\/2025\/09\/ty-ritprogram-1024x761.png 1024w, https:\/\/kulladal.com\/wp-content\/uploads\/2025\/09\/ty-ritprogram.png 1394w, https:\/\/kulladal.com\/wp-content\/uploads\/2025\/09\/ty-ritprogram-16x12.png 16w, https:\/\/kulladal.com\/wp-content\/uploads\/2025\/09\/ty-ritprogram-600x446.png 600w\" sizes=\"auto, (max-width: 300px) 100vw, 300px\" \/><\/a><\/figure><\/div><\/div><\/div><div class=\"wp-block-group alignwide ty-mobile is-layout-flow wp-block-group-is-layout-flow\" style=\"padding-top:var(--wp--preset--spacing--30);padding-right:10px;padding-bottom:5px;padding-left:10px\"><h1 class=\"wp-block-heading has-text-align-center has-large-font-size\" style=\"padding-top:0px;padding-bottom:10px\">Priskalkylator<\/h1>\n\n<div class=\"wp-block-columns alignwide is-layout-flex wp-container-core-columns-is-layout-495186c2 wp-block-columns-is-layout-flex\" style=\"padding-top:8px;padding-right:8px;padding-left:8px\"><div class=\"wp-block-column is-layout-flow wp-container-core-column-is-layout-8a368f38 wp-block-column-is-layout-flow\"><p style=\"padding-bottom:0;font-size:clamp(14px, 0.875rem + ((1vw - 3.2px) * 0.755), 18px);\">Tack f\u00f6r din f\u00f6rfr\u00e5gan! Vi har nu mailat en ungef\u00e4rlig prisbild till dig.<\/p>\n\n<p style=\"padding-top:5px;padding-bottom:0;font-size:clamp(14px, 0.875rem + ((1vw - 3.2px) * 0.755), 18px);\">Vill du ocks\u00e5 best\u00e4lla v\u00e5r katalog? Den inneh\u00e5ller 112 sidor inspiration. Vi skickar den gratis om du fyller i dina uppgifter <a href=\"https:\/\/kulladal.com\/nb\/bestall-var-broschyr\/\" target=\"_blank\" rel=\"noreferrer noopener\">farger<\/a>.<\/p>\n\n<p style=\"padding-top:5px;padding-bottom:0;font-size:clamp(14px, 0.875rem + ((1vw - 3.2px) * 0.755), 18px);\">Vi ser fram emot att skapa ditt dr\u00f6mk\u00f6k tillsammans med dig!<\/p>\n\n<p style=\"padding-top:5px;padding-bottom:0;font-size:clamp(14px, 0.875rem + ((1vw - 3.2px) * 0.755), 18px);\">Vill du g\u00f6ra en ny prisf\u00f6rfr\u00e5gan? Klicka <a href=\"https:\/\/kulladal.com\/nb\/pris\/\">farger<\/a> f\u00f6r att komma tillbaka!<\/p><\/div>\n\n<div class=\"wp-block-column is-layout-flow wp-block-column-is-layout-flow\"><figure class=\"wp-block-image size-medium is-resized\" style=\"margin-top:0;margin-bottom:0\"><img loading=\"lazy\" decoding=\"async\" width=\"300\" height=\"281\" src=\"https:\/\/kulladal.com\/wp-content\/uploads\/2025\/03\/kulladal-cover-large250306-300x281.png\" alt=\"\" class=\"wp-image-9135\" style=\"width:auto;height:300px\" srcset=\"https:\/\/kulladal.com\/wp-content\/uploads\/2025\/03\/kulladal-cover-large250306-300x281.png 300w, https:\/\/kulladal.com\/wp-content\/uploads\/2025\/03\/kulladal-cover-large250306-768x720.png 768w, https:\/\/kulladal.com\/wp-content\/uploads\/2025\/03\/kulladal-cover-large250306.png 866w, https:\/\/kulladal.com\/wp-content\/uploads\/2025\/03\/kulladal-cover-large250306-13x12.png 13w, https:\/\/kulladal.com\/wp-content\/uploads\/2025\/03\/kulladal-cover-large250306-600x563.png 600w\" sizes=\"auto, (max-width: 300px) 100vw, 300px\" \/><\/figure><\/div><\/div><\/div><p><\/p>","protected":false},"excerpt":{"rendered":"<p>Priskalkylator Tack f\u00f6r din f\u00f6rfr\u00e5gan! Vi har nu mailat en ungef\u00e4rlig prisbild till dig. Vill du b\u00f6rja skissa p\u00e5 ditt nya k\u00f6k? Testa g\u00e4rna v\u00e5rt ritprogram! Priskalkylator Tack f\u00f6r din f\u00f6rfr\u00e5gan! Vi har nu mailat en ungef\u00e4rlig prisbild till dig. Vill du ocks\u00e5 best\u00e4lla v\u00e5r katalog? Den inneh\u00e5ller 112 sidor inspiration. Vi skickar den gratis [&hellip;]<\/p>","protected":false},"author":1,"featured_media":0,"parent":0,"menu_order":0,"comment_status":"closed","ping_status":"closed","template":"wp-custom-template-price-calculator-template","meta":{"footnotes":""},"class_list":["post-11010","page","type-page","status-publish","hentry"],"yoast_head":"<!-- This site is optimized with the Yoast SEO plugin v24.3 - https:\/\/yoast.com\/wordpress\/plugins\/seo\/ -->\n<title>Tack - Priskalkylator - Kulladal<\/title>\n<meta name=\"robots\" content=\"index, follow, max-snippet:-1, max-image-preview:large, max-video-preview:-1\" \/>\n<link rel=\"canonical\" href=\"https:\/\/kulladal.com\/nb\/tack-priskalkylator\/\" \/>\n<meta property=\"og:locale\" content=\"nb_NO\" \/>\n<meta property=\"og:type\" content=\"article\" \/>\n<meta property=\"og:title\" content=\"Tack - Priskalkylator - Kulladal\" \/>\n<meta property=\"og:description\" content=\"Priskalkylator Tack f\u00f6r din f\u00f6rfr\u00e5gan! Vi har nu mailat en ungef\u00e4rlig prisbild till dig. Vill du b\u00f6rja skissa p\u00e5 ditt nya k\u00f6k? Testa g\u00e4rna v\u00e5rt ritprogram! Priskalkylator Tack f\u00f6r din f\u00f6rfr\u00e5gan! Vi har nu mailat en ungef\u00e4rlig prisbild till dig. Vill du ocks\u00e5 best\u00e4lla v\u00e5r katalog? Den inneh\u00e5ller 112 sidor inspiration. Vi skickar den gratis [&hellip;]\" \/>\n<meta property=\"og:url\" content=\"https:\/\/kulladal.com\/nb\/tack-priskalkylator\/\" \/>\n<meta property=\"og:site_name\" content=\"Kulladal\" \/>\n<meta property=\"article:publisher\" content=\"https:\/\/www.facebook.com\/Kulladal20tal\" \/>\n<meta property=\"article:modified_time\" content=\"2025-09-08T07:58:03+00:00\" \/>\n<meta property=\"og:image\" content=\"https:\/\/kulladal.com\/wp-content\/uploads\/2025\/09\/ty-ritprogram.png\" \/>\n\t<meta property=\"og:image:width\" content=\"1394\" \/>\n\t<meta property=\"og:image:height\" content=\"1036\" \/>\n\t<meta property=\"og:image:type\" content=\"image\/png\" \/>\n<meta name=\"twitter:card\" content=\"summary_large_image\" \/>\n<meta name=\"twitter:label1\" content=\"Ansl. lesetid\" \/>\n\t<meta name=\"twitter:data1\" content=\"1 minutt\" \/>\n<script type=\"application\/ld+json\" class=\"yoast-schema-graph\">{\"@context\":\"https:\/\/schema.org\",\"@graph\":[{\"@type\":\"Article\",\"@id\":\"https:\/\/kulladal.com\/tack-priskalkylator\/#article\",\"isPartOf\":{\"@id\":\"https:\/\/kulladal.com\/tack-priskalkylator\/\"},\"author\":{\"name\":\"vladimir\",\"@id\":\"https:\/\/kulladal.com\/nb\/#\/schema\/person\/f36df48262d3e40ef7de61ac362b7182\"},\"headline\":\"Tack &#8211; Priskalkylator\",\"datePublished\":\"2025-05-22T03:48:55+00:00\",\"dateModified\":\"2025-09-08T07:58:03+00:00\",\"mainEntityOfPage\":{\"@id\":\"https:\/\/kulladal.com\/tack-priskalkylator\/\"},\"wordCount\":110,\"publisher\":{\"@id\":\"https:\/\/kulladal.com\/nb\/#organization\"},\"image\":{\"@id\":\"https:\/\/kulladal.com\/tack-priskalkylator\/#primaryimage\"},\"thumbnailUrl\":\"https:\/\/kulladal.com\/wp-content\/uploads\/2025\/09\/ty-ritprogram-300x223.png\",\"inLanguage\":\"nb-NO\"},{\"@type\":\"WebPage\",\"@id\":\"https:\/\/kulladal.com\/tack-priskalkylator\/\",\"url\":\"https:\/\/kulladal.com\/tack-priskalkylator\/\",\"name\":\"Tack - Priskalkylator - Kulladal\",\"isPartOf\":{\"@id\":\"https:\/\/kulladal.com\/nb\/#website\"},\"primaryImageOfPage\":{\"@id\":\"https:\/\/kulladal.com\/tack-priskalkylator\/#primaryimage\"},\"image\":{\"@id\":\"https:\/\/kulladal.com\/tack-priskalkylator\/#primaryimage\"},\"thumbnailUrl\":\"https:\/\/kulladal.com\/wp-content\/uploads\/2025\/09\/ty-ritprogram-300x223.png\",\"datePublished\":\"2025-05-22T03:48:55+00:00\",\"dateModified\":\"2025-09-08T07:58:03+00:00\",\"breadcrumb\":{\"@id\":\"https:\/\/kulladal.com\/tack-priskalkylator\/#breadcrumb\"},\"inLanguage\":\"nb-NO\",\"potentialAction\":[{\"@type\":\"ReadAction\",\"target\":[\"https:\/\/kulladal.com\/tack-priskalkylator\/\"]}]},{\"@type\":\"ImageObject\",\"inLanguage\":\"nb-NO\",\"@id\":\"https:\/\/kulladal.com\/tack-priskalkylator\/#primaryimage\",\"url\":\"https:\/\/kulladal.com\/wp-content\/uploads\/2025\/09\/ty-ritprogram-300x223.png\",\"contentUrl\":\"https:\/\/kulladal.com\/wp-content\/uploads\/2025\/09\/ty-ritprogram-300x223.png\"},{\"@type\":\"BreadcrumbList\",\"@id\":\"https:\/\/kulladal.com\/tack-priskalkylator\/#breadcrumb\",\"itemListElement\":[{\"@type\":\"ListItem\",\"position\":1,\"name\":\"Home\",\"item\":\"https:\/\/kulladal.com\/\"},{\"@type\":\"ListItem\",\"position\":2,\"name\":\"Tack &#8211; Priskalkylator\"}]},{\"@type\":\"WebSite\",\"@id\":\"https:\/\/kulladal.com\/nb\/#website\",\"url\":\"https:\/\/kulladal.com\/nb\/\",\"name\":\"Kulladal\",\"description\":\"Unika k\u00f6k i klassisk stil.\",\"publisher\":{\"@id\":\"https:\/\/kulladal.com\/nb\/#organization\"},\"potentialAction\":[{\"@type\":\"SearchAction\",\"target\":{\"@type\":\"EntryPoint\",\"urlTemplate\":\"https:\/\/kulladal.com\/nb\/?s={search_term_string}\"},\"query-input\":{\"@type\":\"PropertyValueSpecification\",\"valueRequired\":true,\"valueName\":\"search_term_string\"}}],\"inLanguage\":\"nb-NO\"},{\"@type\":\"Organization\",\"@id\":\"https:\/\/kulladal.com\/nb\/#organization\",\"name\":\"Kulladal Kitchens AB\",\"alternateName\":\"Kulladal\",\"url\":\"https:\/\/kulladal.com\/nb\/\",\"logo\":{\"@type\":\"ImageObject\",\"inLanguage\":\"nb-NO\",\"@id\":\"https:\/\/kulladal.com\/nb\/#\/schema\/logo\/image\/\",\"url\":\"https:\/\/kulladal.com\/wp-content\/uploads\/2023\/10\/logo_kulladal_classic_kitchens_white.png\",\"contentUrl\":\"https:\/\/kulladal.com\/wp-content\/uploads\/2023\/10\/logo_kulladal_classic_kitchens_white.png\",\"width\":823,\"height\":551,\"caption\":\"Kulladal Kitchens AB\"},\"image\":{\"@id\":\"https:\/\/kulladal.com\/nb\/#\/schema\/logo\/image\/\"},\"sameAs\":[\"https:\/\/www.facebook.com\/Kulladal20tal\",\"https:\/\/www.instagram.com\/kulladalkitchens\/\",\"https:\/\/www.youtube.com\/channel\/UCBwmfSKz31E6bpnxNFTrbRQ\",\"https:\/\/se.pinterest.com\/kulladalkitchens\/\"]},{\"@type\":\"Person\",\"@id\":\"https:\/\/kulladal.com\/nb\/#\/schema\/person\/f36df48262d3e40ef7de61ac362b7182\",\"name\":\"vladimir\",\"image\":{\"@type\":\"ImageObject\",\"inLanguage\":\"nb-NO\",\"@id\":\"https:\/\/kulladal.com\/nb\/#\/schema\/person\/image\/\",\"url\":\"https:\/\/secure.gravatar.com\/avatar\/76d911c5015ed6608857f010d05910554d962cd840fe1be7fca1fae28eef9da2?s=96&d=mm&r=g\",\"contentUrl\":\"https:\/\/secure.gravatar.com\/avatar\/76d911c5015ed6608857f010d05910554d962cd840fe1be7fca1fae28eef9da2?s=96&d=mm&r=g\",\"caption\":\"vladimir\"},\"sameAs\":[\"https:\/\/kulladal.com\"],\"url\":\"https:\/\/kulladal.com\/nb\/author\/vladimir\/\"}]}<\/script>\n<!-- \/ Yoast SEO plugin. -->","yoast_head_json":{"title":"Tack - Priskalkylator - Kulladal","robots":{"index":"index","follow":"follow","max-snippet":"max-snippet:-1","max-image-preview":"max-image-preview:large","max-video-preview":"max-video-preview:-1"},"canonical":"https:\/\/kulladal.com\/nb\/tack-priskalkylator\/","og_locale":"nb_NO","og_type":"article","og_title":"Tack - Priskalkylator - Kulladal","og_description":"Priskalkylator Tack f\u00f6r din f\u00f6rfr\u00e5gan! Vi har nu mailat en ungef\u00e4rlig prisbild till dig. Vill du b\u00f6rja skissa p\u00e5 ditt nya k\u00f6k? Testa g\u00e4rna v\u00e5rt ritprogram! Priskalkylator Tack f\u00f6r din f\u00f6rfr\u00e5gan! Vi har nu mailat en ungef\u00e4rlig prisbild till dig. Vill du ocks\u00e5 best\u00e4lla v\u00e5r katalog? Den inneh\u00e5ller 112 sidor inspiration. Vi skickar den gratis [&hellip;]","og_url":"https:\/\/kulladal.com\/nb\/tack-priskalkylator\/","og_site_name":"Kulladal","article_publisher":"https:\/\/www.facebook.com\/Kulladal20tal","article_modified_time":"2025-09-08T07:58:03+00:00","og_image":[{"width":1394,"height":1036,"url":"https:\/\/kulladal.com\/wp-content\/uploads\/2025\/09\/ty-ritprogram.png","type":"image\/png"}],"twitter_card":"summary_large_image","twitter_misc":{"Ansl. lesetid":"1 minutt"},"schema":{"@context":"https:\/\/schema.org","@graph":[{"@type":"Article","@id":"https:\/\/kulladal.com\/tack-priskalkylator\/#article","isPartOf":{"@id":"https:\/\/kulladal.com\/tack-priskalkylator\/"},"author":{"name":"vladimir","@id":"https:\/\/kulladal.com\/nb\/#\/schema\/person\/f36df48262d3e40ef7de61ac362b7182"},"headline":"Tack &#8211; Priskalkylator","datePublished":"2025-05-22T03:48:55+00:00","dateModified":"2025-09-08T07:58:03+00:00","mainEntityOfPage":{"@id":"https:\/\/kulladal.com\/tack-priskalkylator\/"},"wordCount":110,"publisher":{"@id":"https:\/\/kulladal.com\/nb\/#organization"},"image":{"@id":"https:\/\/kulladal.com\/tack-priskalkylator\/#primaryimage"},"thumbnailUrl":"https:\/\/kulladal.com\/wp-content\/uploads\/2025\/09\/ty-ritprogram-300x223.png","inLanguage":"nb-NO"},{"@type":"WebPage","@id":"https:\/\/kulladal.com\/tack-priskalkylator\/","url":"https:\/\/kulladal.com\/tack-priskalkylator\/","name":"Tack - Priskalkylator - Kulladal","isPartOf":{"@id":"https:\/\/kulladal.com\/nb\/#website"},"primaryImageOfPage":{"@id":"https:\/\/kulladal.com\/tack-priskalkylator\/#primaryimage"},"image":{"@id":"https:\/\/kulladal.com\/tack-priskalkylator\/#primaryimage"},"thumbnailUrl":"https:\/\/kulladal.com\/wp-content\/uploads\/2025\/09\/ty-ritprogram-300x223.png","datePublished":"2025-05-22T03:48:55+00:00","dateModified":"2025-09-08T07:58:03+00:00","breadcrumb":{"@id":"https:\/\/kulladal.com\/tack-priskalkylator\/#breadcrumb"},"inLanguage":"nb-NO","potentialAction":[{"@type":"ReadAction","target":["https:\/\/kulladal.com\/tack-priskalkylator\/"]}]},{"@type":"ImageObject","inLanguage":"nb-NO","@id":"https:\/\/kulladal.com\/tack-priskalkylator\/#primaryimage","url":"https:\/\/kulladal.com\/wp-content\/uploads\/2025\/09\/ty-ritprogram-300x223.png","contentUrl":"https:\/\/kulladal.com\/wp-content\/uploads\/2025\/09\/ty-ritprogram-300x223.png"},{"@type":"BreadcrumbList","@id":"https:\/\/kulladal.com\/tack-priskalkylator\/#breadcrumb","itemListElement":[{"@type":"ListItem","position":1,"name":"Home","item":"https:\/\/kulladal.com\/"},{"@type":"ListItem","position":2,"name":"Tack &#8211; Priskalkylator"}]},{"@type":"WebSite","@id":"https:\/\/kulladal.com\/nb\/#website","url":"https:\/\/kulladal.com\/nb\/","name":"Kulladal","description":"Unika k\u00f6k i klassisk stil.","publisher":{"@id":"https:\/\/kulladal.com\/nb\/#organization"},"potentialAction":[{"@type":"SearchAction","target":{"@type":"EntryPoint","urlTemplate":"https:\/\/kulladal.com\/nb\/?s={search_term_string}"},"query-input":{"@type":"PropertyValueSpecification","valueRequired":true,"valueName":"search_term_string"}}],"inLanguage":"nb-NO"},{"@type":"Organization","@id":"https:\/\/kulladal.com\/nb\/#organization","name":"Kulladal Kitchens AB","alternateName":"Kulladal","url":"https:\/\/kulladal.com\/nb\/","logo":{"@type":"ImageObject","inLanguage":"nb-NO","@id":"https:\/\/kulladal.com\/nb\/#\/schema\/logo\/image\/","url":"https:\/\/kulladal.com\/wp-content\/uploads\/2023\/10\/logo_kulladal_classic_kitchens_white.png","contentUrl":"https:\/\/kulladal.com\/wp-content\/uploads\/2023\/10\/logo_kulladal_classic_kitchens_white.png","width":823,"height":551,"caption":"Kulladal Kitchens AB"},"image":{"@id":"https:\/\/kulladal.com\/nb\/#\/schema\/logo\/image\/"},"sameAs":["https:\/\/www.facebook.com\/Kulladal20tal","https:\/\/www.instagram.com\/kulladalkitchens\/","https:\/\/www.youtube.com\/channel\/UCBwmfSKz31E6bpnxNFTrbRQ","https:\/\/se.pinterest.com\/kulladalkitchens\/"]},{"@type":"Person","@id":"https:\/\/kulladal.com\/nb\/#\/schema\/person\/f36df48262d3e40ef7de61ac362b7182","name":"vladimir","image":{"@type":"ImageObject","inLanguage":"nb-NO","@id":"https:\/\/kulladal.com\/nb\/#\/schema\/person\/image\/","url":"https:\/\/secure.gravatar.com\/avatar\/76d911c5015ed6608857f010d05910554d962cd840fe1be7fca1fae28eef9da2?s=96&d=mm&r=g","contentUrl":"https:\/\/secure.gravatar.com\/avatar\/76d911c5015ed6608857f010d05910554d962cd840fe1be7fca1fae28eef9da2?s=96&d=mm&r=g","caption":"vladimir"},"sameAs":["https:\/\/kulladal.com"],"url":"https:\/\/kulladal.com\/nb\/author\/vladimir\/"}]}},"_links":{"self":[{"href":"https:\/\/kulladal.com\/nb\/wp-json\/wp\/v2\/pages\/11010","targetHints":{"allow":["GET"]}}],"collection":[{"href":"https:\/\/kulladal.com\/nb\/wp-json\/wp\/v2\/pages"}],"about":[{"href":"https:\/\/kulladal.com\/nb\/wp-json\/wp\/v2\/types\/page"}],"author":[{"embeddable":true,"href":"https:\/\/kulladal.com\/nb\/wp-json\/wp\/v2\/users\/1"}],"replies":[{"embeddable":true,"href":"https:\/\/kulladal.com\/nb\/wp-json\/wp\/v2\/comments?post=11010"}],"version-history":[{"count":24,"href":"https:\/\/kulladal.com\/nb\/wp-json\/wp\/v2\/pages\/11010\/revisions"}],"predecessor-version":[{"id":13529,"href":"https:\/\/kulladal.com\/nb\/wp-json\/wp\/v2\/pages\/11010\/revisions\/13529"}],"wp:attachment":[{"href":"https:\/\/kulladal.com\/nb\/wp-json\/wp\/v2\/media?parent=11010"}],"curies":[{"name":"wp","href":"https:\/\/api.w.org\/{rel}","templated":true}]}}