{"id":10202,"date":"2025-04-29T06:42:04","date_gmt":"2025-04-29T04:42:04","guid":{"rendered":"https:\/\/kulladal.com\/?page_id=10202"},"modified":"2025-04-29T09:28:44","modified_gmt":"2025-04-29T07:28:44","slug":"finsnickare-montor","status":"publish","type":"page","link":"https:\/\/kulladal.com\/nb\/finsnickare-montor\/","title":{"rendered":"Finsnickare \/ Mont\u00f6r"},"content":{"rendered":"<div class=\"wp-block-group alignwide has-global-padding is-layout-constrained wp-block-group-is-layout-constrained\" style=\"padding-top:var(--wp--preset--spacing--30);padding-bottom:var(--wp--preset--spacing--30)\"><h3 class=\"wp-block-heading has-text-align-left has-large-font-size\" style=\"padding-top:var(--wp--preset--spacing--30);padding-bottom:var(--wp--preset--spacing--30)\">Finsnickare \/ Mont\u00f6r s\u00f6kes till Kulladal Classic Kitchens \u2013 bli en del av v\u00e5rt kreativa team!<\/h3>\n\n<p style=\"padding-bottom:10px\">Plats: Malm\u00f6 eller Stockholm med omnejd<br>Anst\u00e4llningsform: Heltid eller deltid<br>Start: Enligt \u00f6verenskommelse<\/p>\n\n<h4 class=\"wp-block-heading has-medium-font-size\" style=\"padding-top:var(--wp--preset--spacing--30);padding-bottom:var(--wp--preset--spacing--30)\">Om oss<\/h4>\n\n<p style=\"padding-top:0px;padding-bottom:10px\">Kulladal Classic Kitchens designar och tillverkar k\u00f6k i massivt tr\u00e4 med r\u00f6tterna i klassiskt hantverk. Vi arbetar med stor noggrannhet och k\u00e4nsla f\u00f6r kvalitet, och v\u00e5ra k\u00f6k installeras med samma omsorg som de byggs.<\/p>\n\n<p style=\"padding-bottom:10px\">Vi v\u00e4xer och s\u00f6ker nu en erfaren och noggrann finsnickare\/mont\u00f6r med kunskap inom byggnadsv\u00e5rd som vill vara med och montera v\u00e5ra k\u00f6k hemma hos kund.<\/p>\n\n<p style=\"padding-bottom:10px\">Kunskap och erfarenhet av att m\u00e5la med linoljef\u00e4rg \u00e4r mycket meriterande.<\/p>\n\n<p style=\"padding-bottom:10px\">P\u00e5 Kulladal \u00e4r vi ett varmt, familj\u00e4rt och passionerat team som tillsammans driver f\u00f6retagets utveckling fram\u00e5t.<\/p>\n\n<p style=\"padding-bottom:10px\">Vi arbetar i en sj\u00e4lvstyrande organisation d\u00e4r varje medarbetare har stort inflytande \u00f6ver sin roll, sina arbetsuppgifter och hur arbetet l\u00e4ggs upp. Du styr sj\u00e4lv \u00f6ver din arbetstid och arbetsplats \u2013 samtidigt som vissa roller, inneb\u00e4r att du beh\u00f6ver kunna m\u00f6ta kunder i v\u00e5rt showroom, vara digitalt tillg\u00e4nglig under stora delar av kontorstid och ibland \u00e4ven hoppa in utanf\u00f6r ordinarie arbetstider.<\/p>\n\n<p style=\"padding-bottom:10px\">Vi jobbar som ett team. Framg\u00e5ng f\u00f6r Kulladal \u00e4r en gemensam framg\u00e5ng \u2013 och den bygger vi genom att v\u00e5rda den starka gemenskap, arbetsgl\u00e4dje och varma kultur som vi alla bidrar till. Det \u00e4r s\u00e5 vi skapar r\u00e4tt f\u00f6ruts\u00e4ttningar f\u00f6r att bibeh\u00e5lla en h\u00e4lsosam och h\u00e4rlig arbetsmilj\u00f6 f\u00f6r oss samtidigt som vi kan ge varje kund den b\u00e4sta m\u00f6jliga service och kundupplevelse.<\/p>\n\n<h4 class=\"wp-block-heading has-medium-font-size\" style=\"padding-top:var(--wp--preset--spacing--30);padding-bottom:var(--wp--preset--spacing--30)\">Om rollen<\/h4>\n\n<p style=\"padding-bottom:10px\">Som snickare hos oss \u00e4r du en nyckelperson i slutfasen \u2013 sj\u00e4lva monteringen. Du kommer att:<\/p>\n\n<ul class=\"wp-block-list\"><li>Montera v\u00e5ra platsbyggda k\u00f6k p\u00e5 plats hos kund<\/li>\n\n<li>L\u00e4sa ritningar och anpassa l\u00f6sningar vid behov<\/li>\n\n<li>Ha kontakt med kunder<\/li>\n\n<li>S\u00e4kerst\u00e4lla att slutresultatet h\u00e5ller h\u00f6gsta hantverksm\u00e4ssiga niv\u00e5<\/li><\/ul>\n\n<p style=\"padding-top:var(--wp--preset--spacing--30);padding-bottom:10px\">Vi s\u00f6ker dig som:<\/p>\n\n<ul class=\"wp-block-list\"><li>Har erfarenhet av k\u00f6ksmontering eller finsnickeri<\/li>\n\n<li>\u00c4r sj\u00e4lvg\u00e5ende, l\u00f6sningsorienterad och noggrann<\/li>\n\n<li>Trivs med att jobba i team men klarar dig lika bra sj\u00e4lv<\/li>\n\n<li>Har B-k\u00f6rkort<\/li>\n\n<li>Talar svenska och engelska<\/li><\/ul>\n\n<p style=\"padding-top:var(--wp--preset--spacing--30);padding-bottom:0px\">Vi tilbyr:<\/p>\n\n<ul class=\"wp-block-list\"><li>Ett hantverksdrivet f\u00f6retag med stark identitet<\/li>\n\n<li>Sp\u00e4nnande och varierande arbetsuppgifter<\/li>\n\n<li>M\u00f6jlighet att v\u00e4xa med oss<\/li>\n\n<li>H\u00e4rligt och varmt team med mycket yrkesstolthet<\/li><\/ul>\n\n<p style=\"padding-top:var(--wp--preset--spacing--30);padding-bottom:10px\">Intresserad?<\/p>\n\n<p style=\"padding-bottom:10px\">Skicka CV och n\u00e5gra rader om dig sj\u00e4lv till <a href=\"mailto:josefine@kulladal.com\" target=\"_blank\" rel=\"noreferrer noopener\">josefine@kulladal.com<\/a><\/p>\n\n<p id=\"sal\" style=\"padding-bottom:10px\">Vi intervjuar l\u00f6pande \u2013 varmt v\u00e4lkommen till Kulladal Kitchens!<\/p><\/div>","protected":false},"excerpt":{"rendered":"<p>Finsnickare \/ Mont\u00f6r s\u00f6kes till Kulladal Classic Kitchens \u2013 bli en del av v\u00e5rt kreativa team! Plats: Malm\u00f6 eller Stockholm med omnejdAnst\u00e4llningsform: Heltid eller deltidStart: Enligt \u00f6verenskommelse Om oss Kulladal Classic Kitchens designar och tillverkar k\u00f6k i massivt tr\u00e4 med r\u00f6tterna i klassiskt hantverk. Vi arbetar med stor noggrannhet och k\u00e4nsla f\u00f6r kvalitet, och v\u00e5ra [&hellip;]<\/p>","protected":false},"author":1,"featured_media":1920,"parent":0,"menu_order":0,"comment_status":"closed","ping_status":"closed","template":"","meta":{"footnotes":""},"class_list":["post-10202","page","type-page","status-publish","has-post-thumbnail","hentry"],"yoast_head":"<!-- This site is optimized with the Yoast SEO plugin v24.3 - https:\/\/yoast.com\/wordpress\/plugins\/seo\/ -->\n<title>Finsnickare \/ Mont\u00f6r - Kulladal<\/title>\n<meta name=\"robots\" content=\"index, follow, max-snippet:-1, max-image-preview:large, max-video-preview:-1\" \/>\n<link rel=\"canonical\" href=\"https:\/\/kulladal.com\/nb\/finsnickare-montor\/\" \/>\n<meta property=\"og:locale\" content=\"nb_NO\" \/>\n<meta property=\"og:type\" content=\"article\" \/>\n<meta property=\"og:title\" content=\"Finsnickare \/ Mont\u00f6r - Kulladal\" \/>\n<meta property=\"og:description\" content=\"Finsnickare \/ Mont\u00f6r s\u00f6kes till Kulladal Classic Kitchens \u2013 bli en del av v\u00e5rt kreativa team! Plats: Malm\u00f6 eller Stockholm med omnejdAnst\u00e4llningsform: Heltid eller deltidStart: Enligt \u00f6verenskommelse Om oss Kulladal Classic Kitchens designar och tillverkar k\u00f6k i massivt tr\u00e4 med r\u00f6tterna i klassiskt hantverk. Vi arbetar med stor noggrannhet och k\u00e4nsla f\u00f6r kvalitet, och v\u00e5ra [&hellip;]\" \/>\n<meta property=\"og:url\" content=\"https:\/\/kulladal.com\/nb\/finsnickare-montor\/\" \/>\n<meta property=\"og:site_name\" content=\"Kulladal\" \/>\n<meta property=\"article:publisher\" content=\"https:\/\/www.facebook.com\/Kulladal20tal\" \/>\n<meta property=\"article:modified_time\" content=\"2025-04-29T07:28:44+00:00\" \/>\n<meta property=\"og:image\" content=\"https:\/\/kulladal.com\/wp-content\/uploads\/2023\/08\/Kulladal_Kitchens.png\" \/>\n\t<meta property=\"og:image:width\" content=\"1576\" \/>\n\t<meta property=\"og:image:height\" content=\"674\" \/>\n\t<meta property=\"og:image:type\" content=\"image\/png\" \/>\n<meta name=\"twitter:card\" content=\"summary_large_image\" \/>\n<meta name=\"twitter:label1\" content=\"Ansl. lesetid\" \/>\n\t<meta name=\"twitter:data1\" content=\"2 minutter\" \/>\n<script type=\"application\/ld+json\" class=\"yoast-schema-graph\">{\"@context\":\"https:\/\/schema.org\",\"@graph\":[{\"@type\":\"Article\",\"@id\":\"https:\/\/kulladal.com\/finsnickare-montor\/#article\",\"isPartOf\":{\"@id\":\"https:\/\/kulladal.com\/finsnickare-montor\/\"},\"author\":{\"name\":\"vladimir\",\"@id\":\"https:\/\/kulladal.com\/nb\/#\/schema\/person\/f36df48262d3e40ef7de61ac362b7182\"},\"headline\":\"Finsnickare \/ Mont\u00f6r\",\"datePublished\":\"2025-04-29T04:42:04+00:00\",\"dateModified\":\"2025-04-29T07:28:44+00:00\",\"mainEntityOfPage\":{\"@id\":\"https:\/\/kulladal.com\/finsnickare-montor\/\"},\"wordCount\":431,\"publisher\":{\"@id\":\"https:\/\/kulladal.com\/nb\/#organization\"},\"image\":{\"@id\":\"https:\/\/kulladal.com\/finsnickare-montor\/#primaryimage\"},\"thumbnailUrl\":\"https:\/\/kulladal.com\/wp-content\/uploads\/2023\/08\/Kulladal_Kitchens.png\",\"inLanguage\":\"nb-NO\"},{\"@type\":\"WebPage\",\"@id\":\"https:\/\/kulladal.com\/finsnickare-montor\/\",\"url\":\"https:\/\/kulladal.com\/finsnickare-montor\/\",\"name\":\"Finsnickare \/ Mont\u00f6r - Kulladal\",\"isPartOf\":{\"@id\":\"https:\/\/kulladal.com\/nb\/#website\"},\"primaryImageOfPage\":{\"@id\":\"https:\/\/kulladal.com\/finsnickare-montor\/#primaryimage\"},\"image\":{\"@id\":\"https:\/\/kulladal.com\/finsnickare-montor\/#primaryimage\"},\"thumbnailUrl\":\"https:\/\/kulladal.com\/wp-content\/uploads\/2023\/08\/Kulladal_Kitchens.png\",\"datePublished\":\"2025-04-29T04:42:04+00:00\",\"dateModified\":\"2025-04-29T07:28:44+00:00\",\"breadcrumb\":{\"@id\":\"https:\/\/kulladal.com\/finsnickare-montor\/#breadcrumb\"},\"inLanguage\":\"nb-NO\",\"potentialAction\":[{\"@type\":\"ReadAction\",\"target\":[\"https:\/\/kulladal.com\/finsnickare-montor\/\"]}]},{\"@type\":\"ImageObject\",\"inLanguage\":\"nb-NO\",\"@id\":\"https:\/\/kulladal.com\/finsnickare-montor\/#primaryimage\",\"url\":\"https:\/\/kulladal.com\/wp-content\/uploads\/2023\/08\/Kulladal_Kitchens.png\",\"contentUrl\":\"https:\/\/kulladal.com\/wp-content\/uploads\/2023\/08\/Kulladal_Kitchens.png\",\"width\":1576,\"height\":674},{\"@type\":\"BreadcrumbList\",\"@id\":\"https:\/\/kulladal.com\/finsnickare-montor\/#breadcrumb\",\"itemListElement\":[{\"@type\":\"ListItem\",\"position\":1,\"name\":\"Home\",\"item\":\"https:\/\/kulladal.com\/\"},{\"@type\":\"ListItem\",\"position\":2,\"name\":\"Finsnickare \/ Mont\u00f6r\"}]},{\"@type\":\"WebSite\",\"@id\":\"https:\/\/kulladal.com\/nb\/#website\",\"url\":\"https:\/\/kulladal.com\/nb\/\",\"name\":\"Kulladal\",\"description\":\"Unika k\u00f6k i klassisk stil.\",\"publisher\":{\"@id\":\"https:\/\/kulladal.com\/nb\/#organization\"},\"potentialAction\":[{\"@type\":\"SearchAction\",\"target\":{\"@type\":\"EntryPoint\",\"urlTemplate\":\"https:\/\/kulladal.com\/nb\/?s={search_term_string}\"},\"query-input\":{\"@type\":\"PropertyValueSpecification\",\"valueRequired\":true,\"valueName\":\"search_term_string\"}}],\"inLanguage\":\"nb-NO\"},{\"@type\":\"Organization\",\"@id\":\"https:\/\/kulladal.com\/nb\/#organization\",\"name\":\"Kulladal Kitchens AB\",\"alternateName\":\"Kulladal\",\"url\":\"https:\/\/kulladal.com\/nb\/\",\"logo\":{\"@type\":\"ImageObject\",\"inLanguage\":\"nb-NO\",\"@id\":\"https:\/\/kulladal.com\/nb\/#\/schema\/logo\/image\/\",\"url\":\"https:\/\/kulladal.com\/wp-content\/uploads\/2023\/10\/logo_kulladal_classic_kitchens_white.png\",\"contentUrl\":\"https:\/\/kulladal.com\/wp-content\/uploads\/2023\/10\/logo_kulladal_classic_kitchens_white.png\",\"width\":823,\"height\":551,\"caption\":\"Kulladal Kitchens AB\"},\"image\":{\"@id\":\"https:\/\/kulladal.com\/nb\/#\/schema\/logo\/image\/\"},\"sameAs\":[\"https:\/\/www.facebook.com\/Kulladal20tal\",\"https:\/\/www.instagram.com\/kulladalkitchens\/\",\"https:\/\/www.youtube.com\/channel\/UCBwmfSKz31E6bpnxNFTrbRQ\",\"https:\/\/se.pinterest.com\/kulladalkitchens\/\"]},{\"@type\":\"Person\",\"@id\":\"https:\/\/kulladal.com\/nb\/#\/schema\/person\/f36df48262d3e40ef7de61ac362b7182\",\"name\":\"vladimir\",\"image\":{\"@type\":\"ImageObject\",\"inLanguage\":\"nb-NO\",\"@id\":\"https:\/\/kulladal.com\/nb\/#\/schema\/person\/image\/\",\"url\":\"https:\/\/secure.gravatar.com\/avatar\/76d911c5015ed6608857f010d05910554d962cd840fe1be7fca1fae28eef9da2?s=96&d=mm&r=g\",\"contentUrl\":\"https:\/\/secure.gravatar.com\/avatar\/76d911c5015ed6608857f010d05910554d962cd840fe1be7fca1fae28eef9da2?s=96&d=mm&r=g\",\"caption\":\"vladimir\"},\"sameAs\":[\"https:\/\/kulladal.com\"],\"url\":\"https:\/\/kulladal.com\/nb\/author\/vladimir\/\"}]}<\/script>\n<!-- \/ Yoast SEO plugin. -->","yoast_head_json":{"title":"Finsnickare \/ Mont\u00f6r - Kulladal","robots":{"index":"index","follow":"follow","max-snippet":"max-snippet:-1","max-image-preview":"max-image-preview:large","max-video-preview":"max-video-preview:-1"},"canonical":"https:\/\/kulladal.com\/nb\/finsnickare-montor\/","og_locale":"nb_NO","og_type":"article","og_title":"Finsnickare \/ Mont\u00f6r - Kulladal","og_description":"Finsnickare \/ Mont\u00f6r s\u00f6kes till Kulladal Classic Kitchens \u2013 bli en del av v\u00e5rt kreativa team! Plats: Malm\u00f6 eller Stockholm med omnejdAnst\u00e4llningsform: Heltid eller deltidStart: Enligt \u00f6verenskommelse Om oss Kulladal Classic Kitchens designar och tillverkar k\u00f6k i massivt tr\u00e4 med r\u00f6tterna i klassiskt hantverk. Vi arbetar med stor noggrannhet och k\u00e4nsla f\u00f6r kvalitet, och v\u00e5ra [&hellip;]","og_url":"https:\/\/kulladal.com\/nb\/finsnickare-montor\/","og_site_name":"Kulladal","article_publisher":"https:\/\/www.facebook.com\/Kulladal20tal","article_modified_time":"2025-04-29T07:28:44+00:00","og_image":[{"width":1576,"height":674,"url":"https:\/\/kulladal.com\/wp-content\/uploads\/2023\/08\/Kulladal_Kitchens.png","type":"image\/png"}],"twitter_card":"summary_large_image","twitter_misc":{"Ansl. lesetid":"2 minutter"},"schema":{"@context":"https:\/\/schema.org","@graph":[{"@type":"Article","@id":"https:\/\/kulladal.com\/finsnickare-montor\/#article","isPartOf":{"@id":"https:\/\/kulladal.com\/finsnickare-montor\/"},"author":{"name":"vladimir","@id":"https:\/\/kulladal.com\/nb\/#\/schema\/person\/f36df48262d3e40ef7de61ac362b7182"},"headline":"Finsnickare \/ Mont\u00f6r","datePublished":"2025-04-29T04:42:04+00:00","dateModified":"2025-04-29T07:28:44+00:00","mainEntityOfPage":{"@id":"https:\/\/kulladal.com\/finsnickare-montor\/"},"wordCount":431,"publisher":{"@id":"https:\/\/kulladal.com\/nb\/#organization"},"image":{"@id":"https:\/\/kulladal.com\/finsnickare-montor\/#primaryimage"},"thumbnailUrl":"https:\/\/kulladal.com\/wp-content\/uploads\/2023\/08\/Kulladal_Kitchens.png","inLanguage":"nb-NO"},{"@type":"WebPage","@id":"https:\/\/kulladal.com\/finsnickare-montor\/","url":"https:\/\/kulladal.com\/finsnickare-montor\/","name":"Finsnickare \/ Mont\u00f6r - Kulladal","isPartOf":{"@id":"https:\/\/kulladal.com\/nb\/#website"},"primaryImageOfPage":{"@id":"https:\/\/kulladal.com\/finsnickare-montor\/#primaryimage"},"image":{"@id":"https:\/\/kulladal.com\/finsnickare-montor\/#primaryimage"},"thumbnailUrl":"https:\/\/kulladal.com\/wp-content\/uploads\/2023\/08\/Kulladal_Kitchens.png","datePublished":"2025-04-29T04:42:04+00:00","dateModified":"2025-04-29T07:28:44+00:00","breadcrumb":{"@id":"https:\/\/kulladal.com\/finsnickare-montor\/#breadcrumb"},"inLanguage":"nb-NO","potentialAction":[{"@type":"ReadAction","target":["https:\/\/kulladal.com\/finsnickare-montor\/"]}]},{"@type":"ImageObject","inLanguage":"nb-NO","@id":"https:\/\/kulladal.com\/finsnickare-montor\/#primaryimage","url":"https:\/\/kulladal.com\/wp-content\/uploads\/2023\/08\/Kulladal_Kitchens.png","contentUrl":"https:\/\/kulladal.com\/wp-content\/uploads\/2023\/08\/Kulladal_Kitchens.png","width":1576,"height":674},{"@type":"BreadcrumbList","@id":"https:\/\/kulladal.com\/finsnickare-montor\/#breadcrumb","itemListElement":[{"@type":"ListItem","position":1,"name":"Home","item":"https:\/\/kulladal.com\/"},{"@type":"ListItem","position":2,"name":"Finsnickare \/ Mont\u00f6r"}]},{"@type":"WebSite","@id":"https:\/\/kulladal.com\/nb\/#website","url":"https:\/\/kulladal.com\/nb\/","name":"Kulladal","description":"Unika k\u00f6k i klassisk stil.","publisher":{"@id":"https:\/\/kulladal.com\/nb\/#organization"},"potentialAction":[{"@type":"SearchAction","target":{"@type":"EntryPoint","urlTemplate":"https:\/\/kulladal.com\/nb\/?s={search_term_string}"},"query-input":{"@type":"PropertyValueSpecification","valueRequired":true,"valueName":"search_term_string"}}],"inLanguage":"nb-NO"},{"@type":"Organization","@id":"https:\/\/kulladal.com\/nb\/#organization","name":"Kulladal Kitchens AB","alternateName":"Kulladal","url":"https:\/\/kulladal.com\/nb\/","logo":{"@type":"ImageObject","inLanguage":"nb-NO","@id":"https:\/\/kulladal.com\/nb\/#\/schema\/logo\/image\/","url":"https:\/\/kulladal.com\/wp-content\/uploads\/2023\/10\/logo_kulladal_classic_kitchens_white.png","contentUrl":"https:\/\/kulladal.com\/wp-content\/uploads\/2023\/10\/logo_kulladal_classic_kitchens_white.png","width":823,"height":551,"caption":"Kulladal Kitchens AB"},"image":{"@id":"https:\/\/kulladal.com\/nb\/#\/schema\/logo\/image\/"},"sameAs":["https:\/\/www.facebook.com\/Kulladal20tal","https:\/\/www.instagram.com\/kulladalkitchens\/","https:\/\/www.youtube.com\/channel\/UCBwmfSKz31E6bpnxNFTrbRQ","https:\/\/se.pinterest.com\/kulladalkitchens\/"]},{"@type":"Person","@id":"https:\/\/kulladal.com\/nb\/#\/schema\/person\/f36df48262d3e40ef7de61ac362b7182","name":"vladimir","image":{"@type":"ImageObject","inLanguage":"nb-NO","@id":"https:\/\/kulladal.com\/nb\/#\/schema\/person\/image\/","url":"https:\/\/secure.gravatar.com\/avatar\/76d911c5015ed6608857f010d05910554d962cd840fe1be7fca1fae28eef9da2?s=96&d=mm&r=g","contentUrl":"https:\/\/secure.gravatar.com\/avatar\/76d911c5015ed6608857f010d05910554d962cd840fe1be7fca1fae28eef9da2?s=96&d=mm&r=g","caption":"vladimir"},"sameAs":["https:\/\/kulladal.com"],"url":"https:\/\/kulladal.com\/nb\/author\/vladimir\/"}]}},"_links":{"self":[{"href":"https:\/\/kulladal.com\/nb\/wp-json\/wp\/v2\/pages\/10202","targetHints":{"allow":["GET"]}}],"collection":[{"href":"https:\/\/kulladal.com\/nb\/wp-json\/wp\/v2\/pages"}],"about":[{"href":"https:\/\/kulladal.com\/nb\/wp-json\/wp\/v2\/types\/page"}],"author":[{"embeddable":true,"href":"https:\/\/kulladal.com\/nb\/wp-json\/wp\/v2\/users\/1"}],"replies":[{"embeddable":true,"href":"https:\/\/kulladal.com\/nb\/wp-json\/wp\/v2\/comments?post=10202"}],"version-history":[{"count":7,"href":"https:\/\/kulladal.com\/nb\/wp-json\/wp\/v2\/pages\/10202\/revisions"}],"predecessor-version":[{"id":10245,"href":"https:\/\/kulladal.com\/nb\/wp-json\/wp\/v2\/pages\/10202\/revisions\/10245"}],"wp:featuredmedia":[{"embeddable":true,"href":"https:\/\/kulladal.com\/nb\/wp-json\/wp\/v2\/media\/1920"}],"wp:attachment":[{"href":"https:\/\/kulladal.com\/nb\/wp-json\/wp\/v2\/media?parent=10202"}],"curies":[{"name":"wp","href":"https:\/\/api.w.org\/{rel}","templated":true}]}}